{"id":945,"date":"2015-07-27T01:39:31","date_gmt":"2015-07-27T01:39:31","guid":{"rendered":"http:\/\/www.adcap.org.br\/v2\/?page_id=945"},"modified":"2024-01-19T14:46:23","modified_gmt":"2024-01-19T14:46:23","slug":"historico","status":"publish","type":"page","link":"https:\/\/adcap.org.br\/index.php\/institucional\/historico\/","title":{"rendered":"Hist\u00f3rico"},"content":{"rendered":"<h1 style=\"text-align: center;\"><strong>A HIST\u00d3RIA DE UMA ASSOCIA\u00c7\u00c3O SE CONSTR\u00d3I COM A\u00c7\u00d5ES EFICAZES,\u00a0<\/strong><strong>TRANSPAR\u00caNCIA E PARTICIPA\u00c7\u00c3O!<\/strong><\/h1>\n<p>&nbsp;<\/p>\n<p>A Associa\u00e7\u00e3o dos Profissionais dos Correios \u2013 ADCAP foi fundada em dezembro de 1986, na cidade de S\u00e3o Paulo, congregando inicialmente os diplomados no Curso de Administra\u00e7\u00e3o Postal.<\/p>\n<p>Desde a sua funda\u00e7\u00e3o, a ADCAP \u00e9 uma associa\u00e7\u00e3o sem fins lucrativos e de dura\u00e7\u00e3o indeterminada, sem vincula\u00e7\u00e3o ou orienta\u00e7\u00e3o pol\u00edtico-partid\u00e1ria, que atua em benef\u00edcio dos profissionais que trabalham nos Correios e da prote\u00e7\u00e3o e fortalecimento da Empresa.<\/p>\n<p>A ADCAP defende os interesses coletivos dos seus associados, em ju\u00edzo ou fora dele, em quest\u00f5es que envolvem as rela\u00e7\u00f5es de trabalho com os Correios, como a previd\u00eancia complementar por meio do Fundo de Pens\u00e3o \u2013 Postalis, o plano de sa\u00fade oferecido pela Postal Sa\u00fade, as demandas originadas pelo Plano de Carreiras, Cargos e Sal\u00e1rios \u2013 PCCS e demais assuntos relacionados \u00e0s condi\u00e7\u00f5es de trabalho e de vida dos Profissionais da Empresa.<\/p>\n<p>No que se refere \u00e0 prote\u00e7\u00e3o e fortalecimento dos Correios, a ADCAP defende a profissionaliza\u00e7\u00e3o da gest\u00e3o da ECT, mediante a permanente forma\u00e7\u00e3o dos especialistas para o neg\u00f3cio da Empresa e o reconhecimento desses profissionais, assim como a ado\u00e7\u00e3o de pr\u00e1ticas meritocr\u00e1ticas, que valorizem o desempenho e os diferentes n\u00edveis de contribui\u00e7\u00e3o para os resultados organizacionais.<\/p>\n<p>A ADCAP possui sede pr\u00f3pria em Bras\u00edlia-DF e n\u00facleos regionais em quase todos os estados brasileiros e no Distrito Federal. Conta com mais de 13 mil associados, distribu\u00eddos em diversas categorias, inclusive aposentados, apresentando-se como uma alternativa legal e organizada para defesa dos interesses dos Profissionais dos Correios.<\/p>\n<p>A hist\u00f3ria da ADCAP, de suas lutas e conquistas e outras informa\u00e7\u00f5es sobre sua atua\u00e7\u00e3o podem ser encontradas no site da Associa\u00e7\u00e3o em <a href=\"http:\/\/www.adcap.org.br\">www.adcap.org.br<\/a> , onde \u00e9 tamb\u00e9m poss\u00edvel solicitar informa\u00e7\u00f5es assim como proceder a inscri\u00e7\u00e3o de novos associados.<\/p>\n","protected":false},"excerpt":{"rendered":"<p>A HIST\u00d3RIA DE UMA ASSOCIA\u00c7\u00c3O SE CONSTR\u00d3I COM A\u00c7\u00d5ES EFICAZES,\u00a0TRANSPAR\u00caNCIA E PARTICIPA\u00c7\u00c3O! &nbsp; A Associa\u00e7\u00e3o dos Profissionais dos Correios \u2013 ADCAP foi fundada em dezembro de 1986, na cidade de&hellip;<\/p>\n","protected":false},"author":1,"featured_media":0,"parent":938,"menu_order":0,"comment_status":"closed","ping_status":"closed","template":"","meta":{"_editorskit_title_hidden":false,"_editorskit_reading_time":0,"_editorskit_is_block_options_detached":false,"_editorskit_block_options_position":"{}","footnotes":""},"aioseo_notices":[],"_links":{"self":[{"href":"https:\/\/adcap.org.br\/index.php\/wp-json\/wp\/v2\/pages\/945"}],"collection":[{"href":"https:\/\/adcap.org.br\/index.php\/wp-json\/wp\/v2\/pages"}],"about":[{"href":"https:\/\/adcap.org.br\/index.php\/wp-json\/wp\/v2\/types\/page"}],"author":[{"embeddable":true,"href":"https:\/\/adcap.org.br\/index.php\/wp-json\/wp\/v2\/users\/1"}],"replies":[{"embeddable":true,"href":"https:\/\/adcap.org.br\/index.php\/wp-json\/wp\/v2\/comments?post=945"}],"version-history":[{"count":0,"href":"https:\/\/adcap.org.br\/index.php\/wp-json\/wp\/v2\/pages\/945\/revisions"}],"up":[{"embeddable":true,"href":"https:\/\/adcap.org.br\/index.php\/wp-json\/wp\/v2\/pages\/938"}],"wp:attachment":[{"href":"https:\/\/adcap.org.br\/index.php\/wp-json\/wp\/v2\/media?parent=945"}],"curies":[{"name":"wp","href":"https:\/\/api.w.org\/{rel}","templated":true}]}}