{"id":938,"date":"2015-07-27T00:17:16","date_gmt":"2015-07-27T00:17:16","guid":{"rendered":"http:\/\/www.adcap.org.br\/v2\/?page_id=938"},"modified":"2020-10-29T19:24:53","modified_gmt":"2020-10-29T19:24:53","slug":"institucional","status":"publish","type":"page","link":"https:\/\/adcap.org.br\/index.php\/institucional\/","title":{"rendered":"Institucional"},"content":{"rendered":"<p style=\"text-align: justify;\">A Associa\u00e7\u00e3o dos Profissionais dos Correios \u2013 ADCAP foi fundada em 20 de dezembro de 1986, em S\u00e3o Paulo. Mas sua Sede foi transferida para Bras\u00edlia DF. \u00c9 uma sociedade civil sem fins lucrativos e de dura\u00e7\u00e3o indeterminada, que direciona suas atividades em prol dos associados e do fortalecimento dos Correios.<\/p>\n<p style=\"text-align: justify;\">O principal objetivo da ADCAP \u00e9 a defesa dos interesses coletivos dos seus associados, apresentando propostas na busca da melhor alternativa em quest\u00f5es como Postalis, Correios Sa\u00fade, novo PCCS, PLR, incorpora\u00e7\u00e3o de fun\u00e7\u00e3o e outros assuntos que visam a melhoria das condi\u00e7\u00f5es de trabalho e de vida dos empregados da ECT. A entidade possui sede pr\u00f3pria em Bras\u00edlia, n\u00facleos em todas as regi\u00f5es do Brasil e congrega hoje mais de 10 mil associados, distribu\u00eddos entre o profissionais de n\u00edveis superior, t\u00e9cnico, m\u00e9dio e aposentados da ECT.<\/p>\n","protected":false},"excerpt":{"rendered":"<p>A Associa\u00e7\u00e3o dos Profissionais dos Correios \u2013 ADCAP foi fundada em 20 de dezembro de 1986, em S\u00e3o Paulo. Mas sua Sede foi transferida para Bras\u00edlia DF. \u00c9 uma sociedade&hellip;<\/p>\n","protected":false},"author":1,"featured_media":0,"parent":0,"menu_order":0,"comment_status":"closed","ping_status":"closed","template":"","meta":{"_editorskit_title_hidden":false,"_editorskit_reading_time":0,"_editorskit_is_block_options_detached":false,"_editorskit_block_options_position":"{}","footnotes":""},"aioseo_notices":[],"_links":{"self":[{"href":"https:\/\/adcap.org.br\/index.php\/wp-json\/wp\/v2\/pages\/938"}],"collection":[{"href":"https:\/\/adcap.org.br\/index.php\/wp-json\/wp\/v2\/pages"}],"about":[{"href":"https:\/\/adcap.org.br\/index.php\/wp-json\/wp\/v2\/types\/page"}],"author":[{"embeddable":true,"href":"https:\/\/adcap.org.br\/index.php\/wp-json\/wp\/v2\/users\/1"}],"replies":[{"embeddable":true,"href":"https:\/\/adcap.org.br\/index.php\/wp-json\/wp\/v2\/comments?post=938"}],"version-history":[{"count":0,"href":"https:\/\/adcap.org.br\/index.php\/wp-json\/wp\/v2\/pages\/938\/revisions"}],"wp:attachment":[{"href":"https:\/\/adcap.org.br\/index.php\/wp-json\/wp\/v2\/media?parent=938"}],"curies":[{"name":"wp","href":"https:\/\/api.w.org\/{rel}","templated":true}]}}