{"id":7931,"date":"2017-02-16T21:45:05","date_gmt":"2017-02-16T21:45:05","guid":{"rendered":"http:\/\/www.adcap.org.br\/?page_id=7931"},"modified":"2017-02-17T14:31:08","modified_gmt":"2017-02-17T14:31:08","slug":"eleicoes-postal-saude-2017","status":"publish","type":"page","link":"https:\/\/adcap.org.br\/index.php\/eleicoes-postal-saude-2017\/","title":{"rendered":"Elei\u00e7\u00f5es POSTAL SA\u00daDE 2017"},"content":{"rendered":"<p><img decoding=\"async\" loading=\"lazy\" class=\"alignnone size-full wp-image-7932\" src=\"http:\/\/www.adcap.org.br\/wp-content\/uploads\/final-01.jpg\" alt=\"final-01\" width=\"744\" height=\"1052\" srcset=\"https:\/\/adcap.org.br\/wp-content\/uploads\/final-01.jpg 744w, https:\/\/adcap.org.br\/wp-content\/uploads\/final-01-724x1024.jpg 724w\" sizes=\"(max-width: 744px) 100vw, 744px\" \/>\u00a0<img decoding=\"async\" loading=\"lazy\" class=\"alignnone size-full wp-image-7938\" src=\"http:\/\/www.adcap.org.br\/wp-content\/uploads\/finall-02.jpg\" alt=\"finall-02\" width=\"744\" height=\"1052\" srcset=\"https:\/\/adcap.org.br\/wp-content\/uploads\/finall-02.jpg 744w, https:\/\/adcap.org.br\/wp-content\/uploads\/finall-02-724x1024.jpg 724w\" sizes=\"(max-width: 744px) 100vw, 744px\" \/><\/p>\n","protected":false},"excerpt":{"rendered":"<p>\u00a0<\/p>\n","protected":false},"author":1,"featured_media":0,"parent":0,"menu_order":0,"comment_status":"closed","ping_status":"closed","template":"","meta":{"_editorskit_title_hidden":false,"_editorskit_reading_time":0,"_editorskit_is_block_options_detached":false,"_editorskit_block_options_position":"{}","footnotes":""},"aioseo_notices":[],"_links":{"self":[{"href":"https:\/\/adcap.org.br\/index.php\/wp-json\/wp\/v2\/pages\/7931"}],"collection":[{"href":"https:\/\/adcap.org.br\/index.php\/wp-json\/wp\/v2\/pages"}],"about":[{"href":"https:\/\/adcap.org.br\/index.php\/wp-json\/wp\/v2\/types\/page"}],"author":[{"embeddable":true,"href":"https:\/\/adcap.org.br\/index.php\/wp-json\/wp\/v2\/users\/1"}],"replies":[{"embeddable":true,"href":"https:\/\/adcap.org.br\/index.php\/wp-json\/wp\/v2\/comments?post=7931"}],"version-history":[{"count":0,"href":"https:\/\/adcap.org.br\/index.php\/wp-json\/wp\/v2\/pages\/7931\/revisions"}],"wp:attachment":[{"href":"https:\/\/adcap.org.br\/index.php\/wp-json\/wp\/v2\/media?parent=7931"}],"curies":[{"name":"wp","href":"https:\/\/api.w.org\/{rel}","templated":true}]}}