{"id":7272,"date":"2016-08-26T22:18:15","date_gmt":"2016-08-26T22:18:15","guid":{"rendered":"http:\/\/www.adcap.org.br\/?page_id=7272"},"modified":"2022-09-21T18:18:02","modified_gmt":"2022-09-21T18:18:02","slug":"seguros-do-brasil","status":"publish","type":"page","link":"https:\/\/adcap.org.br\/index.php\/convenios\/seguros-do-brasil\/","title":{"rendered":"Seguros do Brasil"},"content":{"rendered":"[vc_row][vc_column][vc_column_text]\n<h2 style=\"text-align: center;\"><strong><u>ADCAP E SEGUROS DO BRASIL<\/u><\/strong><\/h2>\n<p style=\"text-align: left;\"><a href=\"http:\/\/www.adcap.org.br\/index.php\/convenios\/seguros-do-brasil\/logo-fixa-pagina-interna\/\" rel=\"attachment wp-att-7275\"><img decoding=\"async\" loading=\"lazy\" class=\"wp-image-7275 aligncenter\" src=\"http:\/\/www.adcap.org.br\/wp-content\/uploads\/LOGO-FIXA-PAGINA-INTERNA.jpg\" alt=\"LOGO FIXA PAGINA INTERNA\" width=\"456\" height=\"247\" \/><\/a><\/p>\n<p>&nbsp;<\/p>\n<p style=\"text-align: left;\">Prezado Associado,<\/p>\n<p style=\"text-align: left;\">A ADCAP firmou mais um conv\u00eanio de seguros para sua seguran\u00e7a e comodidade. Conhe\u00e7a a Seguros do Brasil:<\/p>\n<ul style=\"text-align: left;\">\n<li><strong>Seguro de Vida: A partir de 9,22\/m\u00eas<\/strong><\/li>\n<\/ul>\n<p>&nbsp;<\/p>\n<p style=\"text-align: left;\"><u>Coberturas:<\/u><\/p>\n<p style=\"text-align: left;\">Morte, Morte Acidental, Invalidez total ou parcial por acidente e uma cobertura de Assist\u00eancial Funeral Familiar de R$5.500,00<\/p>\n<ul style=\"text-align: left;\">\n<li><strong>Seguro de Ve\u00edculos: Desconto de at\u00e9 35% no seu Seguro Auto! (Extensivo \u00e0 familiares: pais, filhos e c\u00f4njuge)<\/strong><\/li>\n<\/ul>\n<ul style=\"text-align: left;\">\n<li>Consultores qualificados com atendimento exclusivo e personalizado.<\/li>\n<li>Pagamento em at\u00e9 12 parcelas<\/li>\n<li>Melhores formas de pagamento: d\u00e9bito em conta, cart\u00e3o de cr\u00e9dito e boleto banc\u00e1rio<\/li>\n<li>Desconto na franquia de ate 25% (Limitado a R$ 350,00)<\/li>\n<li>Assist\u00eancia 24 Horas Vip<\/li>\n<li>Assist\u00eancia \u00e0 Resid\u00eancia<\/li>\n<li>Carro reserva de at\u00e9 30 dias<\/li>\n<li>Cobertura total de vidros, far\u00f3is, lanternas e retrovisores<\/li>\n<li>Quilometragem de guincho ilimitada<\/li>\n<li>Acompanhamento de sinistro com equipe especializada e exclusiva<\/li>\n<li>Aplicativo exclusivo para clientes<\/li>\n<\/ul>\n<p>&nbsp;<\/p>\n<p style=\"text-align: left;\"><strong>P\u00e1gina da Seguradora<\/strong><br \/>\n<a href=\"https:\/\/segurosdobrasil.com.br\/\">https:\/\/segurosdobrasil.com.br\/<\/a><\/p>\n[\/vc_column_text][\/vc_column][\/vc_row][vc_row][vc_column][vc_single_image image=&#8221;17224&#8243; img_size=&#8221;large&#8221; alignment=&#8221;center&#8221;][\/vc_column][\/vc_row]\n","protected":false},"excerpt":{"rendered":"<p>[vc_row][vc_column][vc_column_text] ADCAP E SEGUROS DO BRASIL &nbsp; Prezado Associado, A ADCAP firmou mais um conv\u00eanio de seguros para sua seguran\u00e7a e comodidade. Conhe\u00e7a a Seguros do Brasil: Seguro de Vida:&hellip;<\/p>\n","protected":false},"author":1,"featured_media":0,"parent":999,"menu_order":0,"comment_status":"closed","ping_status":"closed","template":"","meta":{"_editorskit_title_hidden":false,"_editorskit_reading_time":0,"_editorskit_is_block_options_detached":false,"_editorskit_block_options_position":"{}","footnotes":""},"aioseo_notices":[],"_links":{"self":[{"href":"https:\/\/adcap.org.br\/index.php\/wp-json\/wp\/v2\/pages\/7272"}],"collection":[{"href":"https:\/\/adcap.org.br\/index.php\/wp-json\/wp\/v2\/pages"}],"about":[{"href":"https:\/\/adcap.org.br\/index.php\/wp-json\/wp\/v2\/types\/page"}],"author":[{"embeddable":true,"href":"https:\/\/adcap.org.br\/index.php\/wp-json\/wp\/v2\/users\/1"}],"replies":[{"embeddable":true,"href":"https:\/\/adcap.org.br\/index.php\/wp-json\/wp\/v2\/comments?post=7272"}],"version-history":[{"count":0,"href":"https:\/\/adcap.org.br\/index.php\/wp-json\/wp\/v2\/pages\/7272\/revisions"}],"up":[{"embeddable":true,"href":"https:\/\/adcap.org.br\/index.php\/wp-json\/wp\/v2\/pages\/999"}],"wp:attachment":[{"href":"https:\/\/adcap.org.br\/index.php\/wp-json\/wp\/v2\/media?parent=7272"}],"curies":[{"name":"wp","href":"https:\/\/api.w.org\/{rel}","templated":true}]}}