{"id":6462,"date":"2016-04-13T17:12:14","date_gmt":"2016-04-13T17:12:14","guid":{"rendered":"http:\/\/www.adcap.org.br\/?page_id=6462"},"modified":"2016-04-13T18:59:23","modified_gmt":"2016-04-13T18:59:23","slug":"maria-lauencia-santos-mendonca","status":"publish","type":"page","link":"https:\/\/adcap.org.br\/index.php\/maria-lauencia-santos-mendonca\/","title":{"rendered":"MARIA LAUR\u00caNCIA SANTOS MENDON\u00c7A"},"content":{"rendered":"<p><a href=\"http:\/\/www.adcap.org.br\/wp-content\/uploads\/maria-lauencia.jpg\" data-rel=\"penci-gallery-image-content\" ><img decoding=\"async\" loading=\"lazy\" class=\"size-full wp-image-6406 alignleft\" src=\"http:\/\/www.adcap.org.br\/wp-content\/uploads\/maria-lauencia.jpg\" alt=\"maria-lauencia\" width=\"126\" height=\"158\" \/><\/a><\/p>\n<p>Analista de Correios Pleno, aposentada, graduada em GEOGRAFIA, no CEUB-Centro de Ensino Unificado de Bras\u00edlia e P\u00f3s-graduada em Gest\u00e3o da Educa\u00e7\u00e3o, com o t\u00edtulo de Executivo da Educa\u00e7\u00e3o, na AEUDF-Associa\u00e7\u00e3o de Ensino Unificado do Distrito Federal. \u200bTrabalhou nos Correios por mais de 30 anos, atuando, em seu maior tempo,\u00a0nas \u00e1reas de Recursos Humanos, hoje Gest\u00e3o de Pessoas e Comunica\u00e7\u00e3o Estrat\u00e9gica-DECOE, nos \u00faltimos 12 anos.<br \/>\nNa ADCAP, associada desde 1999. Foi Secret\u00e1ria Geral por dois per\u00edodos, de 2003 a 2010.<\/p>\n<h6 style=\"text-align: justify;\"><a href=\"http:\/\/www.adcap.org.br\/index.php\/eleicoes-adcap-nacional-trienio-20162019\/candidatos-diretoria-eleicoes-adcap-2016\/\">&lt;&lt; Voltar aos Candidatos da Diretoria<\/a><\/h6>\n","protected":false},"excerpt":{"rendered":"<p>Analista de Correios Pleno, aposentada, graduada em GEOGRAFIA, no CEUB-Centro de Ensino Unificado de Bras\u00edlia e P\u00f3s-graduada em Gest\u00e3o da Educa\u00e7\u00e3o, com o t\u00edtulo de Executivo da Educa\u00e7\u00e3o, na AEUDF-Associa\u00e7\u00e3o&hellip;<\/p>\n","protected":false},"author":1,"featured_media":0,"parent":0,"menu_order":0,"comment_status":"closed","ping_status":"closed","template":"","meta":{"_editorskit_title_hidden":false,"_editorskit_reading_time":0,"_editorskit_is_block_options_detached":false,"_editorskit_block_options_position":"{}","footnotes":""},"aioseo_notices":[],"_links":{"self":[{"href":"https:\/\/adcap.org.br\/index.php\/wp-json\/wp\/v2\/pages\/6462"}],"collection":[{"href":"https:\/\/adcap.org.br\/index.php\/wp-json\/wp\/v2\/pages"}],"about":[{"href":"https:\/\/adcap.org.br\/index.php\/wp-json\/wp\/v2\/types\/page"}],"author":[{"embeddable":true,"href":"https:\/\/adcap.org.br\/index.php\/wp-json\/wp\/v2\/users\/1"}],"replies":[{"embeddable":true,"href":"https:\/\/adcap.org.br\/index.php\/wp-json\/wp\/v2\/comments?post=6462"}],"version-history":[{"count":0,"href":"https:\/\/adcap.org.br\/index.php\/wp-json\/wp\/v2\/pages\/6462\/revisions"}],"wp:attachment":[{"href":"https:\/\/adcap.org.br\/index.php\/wp-json\/wp\/v2\/media?parent=6462"}],"curies":[{"name":"wp","href":"https:\/\/api.w.org\/{rel}","templated":true}]}}