{"id":6457,"date":"2016-04-13T17:07:51","date_gmt":"2016-04-13T17:07:51","guid":{"rendered":"http:\/\/www.adcap.org.br\/?page_id=6457"},"modified":"2016-04-13T17:07:51","modified_gmt":"2016-04-13T17:07:51","slug":"maria-ines-capelli-fulginiti","status":"publish","type":"page","link":"https:\/\/adcap.org.br\/index.php\/maria-ines-capelli-fulginiti\/","title":{"rendered":"MARIA INES CAPELLI FULGINITI"},"content":{"rendered":"<p><a href=\"http:\/\/www.adcap.org.br\/wp-content\/uploads\/maria-ines.jpg\" data-rel=\"penci-gallery-image-content\" ><img decoding=\"async\" loading=\"lazy\" class=\"size-full wp-image-6398 alignleft\" src=\"http:\/\/www.adcap.org.br\/wp-content\/uploads\/maria-ines.jpg\" alt=\"maria-ines\" width=\"126\" height=\"158\" \/><\/a><\/p>\n<p>Com muito orgulho,\u00a0meu primeiro registro na CTPS foi como Auxiliar de Escrit\u00f3rio da ECT, em 09\/06\/1978. Atrav\u00e9s dos RI&#8217;s pude construir uma evolu\u00e7\u00e3o profissional. Auxiliar Administrativo, Assistente Administrativo, T\u00e9cnico Administrativo, Assistente T\u00e9cnico e, por fim, Analista de Correios. Exerci fun\u00e7\u00f5es de Chefia de Se\u00e7\u00e3o, Coordenadoria\u00a0e Subger\u00eancia, todas elas na \u00e1rea de Recursos Humanos. De\u00a003\/03\/2008 em diante passei\u00a0\u00e0 fun\u00e7\u00e3o de Apoio T\u00e9cnico\u00a0e assim sigo, agora com ITF.\u00a0Em 2005 assumi como presidente da ADCAP &#8211; NR\/RS (por dois mandatos) e tamb\u00e9m\u00a0Vice-Presidente da ADCAP Nacional. Representar uma categoria, lutar por ideais, construir e compartilhar, aprender,\u00a0\u00a0enfrentar desafios e alguns desafetos, desanimar e at\u00e9\u00a0sofrer sem, sobretudo, desistir \u00e9 desafiador.<\/p>\n<h6 style=\"text-align: justify;\"><a href=\"http:\/\/www.adcap.org.br\/index.php\/eleicoes-adcap-nacional-trienio-20162019\/candidatos-diretoria-eleicoes-adcap-2016\/\">&lt;&lt; Voltar aos Candidatos da Diretoria<\/a><\/h6>\n","protected":false},"excerpt":{"rendered":"<p>Com muito orgulho,\u00a0meu primeiro registro na CTPS foi como Auxiliar de Escrit\u00f3rio da ECT, em 09\/06\/1978. Atrav\u00e9s dos RI&#8217;s pude construir uma evolu\u00e7\u00e3o profissional. Auxiliar Administrativo, Assistente Administrativo, T\u00e9cnico Administrativo,&hellip;<\/p>\n","protected":false},"author":1,"featured_media":0,"parent":0,"menu_order":0,"comment_status":"closed","ping_status":"closed","template":"","meta":{"_editorskit_title_hidden":false,"_editorskit_reading_time":0,"_editorskit_is_block_options_detached":false,"_editorskit_block_options_position":"{}","footnotes":""},"aioseo_notices":[],"_links":{"self":[{"href":"https:\/\/adcap.org.br\/index.php\/wp-json\/wp\/v2\/pages\/6457"}],"collection":[{"href":"https:\/\/adcap.org.br\/index.php\/wp-json\/wp\/v2\/pages"}],"about":[{"href":"https:\/\/adcap.org.br\/index.php\/wp-json\/wp\/v2\/types\/page"}],"author":[{"embeddable":true,"href":"https:\/\/adcap.org.br\/index.php\/wp-json\/wp\/v2\/users\/1"}],"replies":[{"embeddable":true,"href":"https:\/\/adcap.org.br\/index.php\/wp-json\/wp\/v2\/comments?post=6457"}],"version-history":[{"count":0,"href":"https:\/\/adcap.org.br\/index.php\/wp-json\/wp\/v2\/pages\/6457\/revisions"}],"wp:attachment":[{"href":"https:\/\/adcap.org.br\/index.php\/wp-json\/wp\/v2\/media?parent=6457"}],"curies":[{"name":"wp","href":"https:\/\/api.w.org\/{rel}","templated":true}]}}