{"id":6033,"date":"2016-02-17T14:52:50","date_gmt":"2016-02-17T14:52:50","guid":{"rendered":"http:\/\/www.adcap.org.br\/?page_id=6033"},"modified":"2016-02-19T11:57:26","modified_gmt":"2016-02-19T11:57:26","slug":"renato-cesar-da-silva-botelho","status":"publish","type":"page","link":"https:\/\/adcap.org.br\/index.php\/renato-cesar-da-silva-botelho\/","title":{"rendered":"RENATO C\u00c9SAR DA SILVA BOTELHO"},"content":{"rendered":"<p style=\"text-align: justify;\"><img decoding=\"async\" loading=\"lazy\" class=\"alignleft\" src=\"http:\/\/www.adcap.org.br\/eleicoes2016\/renato.jpg\" alt=\"\" width=\"121\" height=\"146\" \/>Bom senso, \u00e9tica e transpar\u00eancia com amplo relacionamento com todos os participantes e assistidos, proporcionando uma gest\u00e3o administrativo-financeira eficaz, consoante com os desafios\/resultados esperados por todos.<\/p>\n<p style=\"text-align: justify;\"><a href=\"#\" onclick=\"window.history.go(-1); return false;\">&lt;&lt; Voltar aos Candidatos<\/a><\/p>\n","protected":false},"excerpt":{"rendered":"<p>Bom senso, \u00e9tica e transpar\u00eancia com amplo relacionamento com todos os participantes e assistidos, proporcionando uma gest\u00e3o administrativo-financeira eficaz, consoante com os desafios\/resultados esperados por todos. &lt;&lt; Voltar aos Candidatos<\/p>\n","protected":false},"author":1,"featured_media":0,"parent":0,"menu_order":0,"comment_status":"closed","ping_status":"closed","template":"","meta":{"_editorskit_title_hidden":false,"_editorskit_reading_time":0,"_editorskit_is_block_options_detached":false,"_editorskit_block_options_position":"{}","footnotes":""},"aioseo_notices":[],"_links":{"self":[{"href":"https:\/\/adcap.org.br\/index.php\/wp-json\/wp\/v2\/pages\/6033"}],"collection":[{"href":"https:\/\/adcap.org.br\/index.php\/wp-json\/wp\/v2\/pages"}],"about":[{"href":"https:\/\/adcap.org.br\/index.php\/wp-json\/wp\/v2\/types\/page"}],"author":[{"embeddable":true,"href":"https:\/\/adcap.org.br\/index.php\/wp-json\/wp\/v2\/users\/1"}],"replies":[{"embeddable":true,"href":"https:\/\/adcap.org.br\/index.php\/wp-json\/wp\/v2\/comments?post=6033"}],"version-history":[{"count":0,"href":"https:\/\/adcap.org.br\/index.php\/wp-json\/wp\/v2\/pages\/6033\/revisions"}],"wp:attachment":[{"href":"https:\/\/adcap.org.br\/index.php\/wp-json\/wp\/v2\/media?parent=6033"}],"curies":[{"name":"wp","href":"https:\/\/api.w.org\/{rel}","templated":true}]}}