{"id":6012,"date":"2016-02-17T14:36:32","date_gmt":"2016-02-17T14:36:32","guid":{"rendered":"http:\/\/www.adcap.org.br\/?page_id=6012"},"modified":"2016-02-19T11:57:29","modified_gmt":"2016-02-19T11:57:29","slug":"romeu-ribeiro-de-barros","status":"publish","type":"page","link":"https:\/\/adcap.org.br\/index.php\/romeu-ribeiro-de-barros\/","title":{"rendered":"ROMEU RIBEIRO DE BARROS"},"content":{"rendered":"<p><img decoding=\"async\" loading=\"lazy\" class=\"alignleft\" src=\"http:\/\/www.adcap.org.br\/eleicoes2016\/romeu.jpg\" alt=\"\" width=\"121\" height=\"146\" \/><\/p>\n<p style=\"text-align: justify;\">DENUNCIAR A POL\u00cdCIA FEDERAL DO PARAN\u00c1 AO JUIZ S\u00c9RGIO MORO, qualquer a\u00e7\u00e3o que possam indicar MAU USO DOS NOSSOS RECURSOS. Comunicar aos Associados e comunicar aos mesmos as MARACUTAIAS que inventam, dentro e fora do governo, para fazerem os \u201cMAUS INVESTIMENTOS DO NOSSO DINHEIRO\u201d Vejam que tendo Bancos como o Ita\u00fa e o Bradesco, que t\u00eam LUCRO L\u00cdQUIDO DE VINTE BILH\u00d5ES POR ANO. Que s\u00e3o os que mais pagam dividendos e juros anos ap\u00f3s anos; os nossos inteligentes do Postalis, preferem investir D\u00edvida da Argentina, Venezuela e etc. Se juntam aos que est\u00e3o morrendo afogados em d\u00edvidas ao inv\u00e9s dos que est\u00e3o nadando no dinheiro!!! Sumiram com nossos 5,6 Bilh\u00f5es do Postalis. E agora, vamos deixar descontar dos nossos sal\u00e1rios?!<\/p>\n<p style=\"text-align: justify;\">\n<p style=\"text-align: justify;\"><a href=\"#\" onclick=\"window.history.go(-1); return false;\">&lt;&lt; Voltar aos Candidatos<\/a><\/p>\n","protected":false},"excerpt":{"rendered":"<p>DENUNCIAR A POL\u00cdCIA FEDERAL DO PARAN\u00c1 AO JUIZ S\u00c9RGIO MORO, qualquer a\u00e7\u00e3o que possam indicar MAU USO DOS NOSSOS RECURSOS. Comunicar aos Associados e comunicar aos mesmos as MARACUTAIAS que&hellip;<\/p>\n","protected":false},"author":1,"featured_media":0,"parent":0,"menu_order":0,"comment_status":"closed","ping_status":"closed","template":"","meta":{"_editorskit_title_hidden":false,"_editorskit_reading_time":0,"_editorskit_is_block_options_detached":false,"_editorskit_block_options_position":"{}","footnotes":""},"aioseo_notices":[],"_links":{"self":[{"href":"https:\/\/adcap.org.br\/index.php\/wp-json\/wp\/v2\/pages\/6012"}],"collection":[{"href":"https:\/\/adcap.org.br\/index.php\/wp-json\/wp\/v2\/pages"}],"about":[{"href":"https:\/\/adcap.org.br\/index.php\/wp-json\/wp\/v2\/types\/page"}],"author":[{"embeddable":true,"href":"https:\/\/adcap.org.br\/index.php\/wp-json\/wp\/v2\/users\/1"}],"replies":[{"embeddable":true,"href":"https:\/\/adcap.org.br\/index.php\/wp-json\/wp\/v2\/comments?post=6012"}],"version-history":[{"count":0,"href":"https:\/\/adcap.org.br\/index.php\/wp-json\/wp\/v2\/pages\/6012\/revisions"}],"wp:attachment":[{"href":"https:\/\/adcap.org.br\/index.php\/wp-json\/wp\/v2\/media?parent=6012"}],"curies":[{"name":"wp","href":"https:\/\/api.w.org\/{rel}","templated":true}]}}