{"id":5790,"date":"2015-11-26T13:28:32","date_gmt":"2015-11-26T13:28:32","guid":{"rendered":"http:\/\/www.adcap.org.br\/?page_id=5790"},"modified":"2015-11-26T13:30:26","modified_gmt":"2015-11-26T13:30:26","slug":"seguro-de-vida-adcapvida","status":"publish","type":"page","link":"https:\/\/adcap.org.br\/index.php\/convenios\/seguro-de-vida-adcapvida\/","title":{"rendered":"SEGURO DE VIDA \u2013 ADCAPVIDA"},"content":{"rendered":"<p style=\"text-align: center;\"><a href=\"http:\/\/www.adcap.org.br\/wp-content\/uploads\/2015\/11\/logo-skeff.jpg\" data-rel=\"penci-gallery-image-content\" ><img decoding=\"async\" loading=\"lazy\" class=\"wp-image-5792 aligncenter\" src=\"http:\/\/www.adcap.org.br\/wp-content\/uploads\/2015\/11\/logo-skeff.jpg\" alt=\"logo skeff\" width=\"456\" height=\"190\" srcset=\"https:\/\/adcap.org.br\/wp-content\/uploads\/2015\/11\/logo-skeff.jpg 1415w, https:\/\/adcap.org.br\/wp-content\/uploads\/2015\/11\/logo-skeff-1024x427.jpg 1024w\" sizes=\"(max-width: 456px) 100vw, 456px\" \/><\/a>Clique no link abaixo e acesse a p\u00e1gina do conv\u00eanio<br \/>\n<a href=\"http:\/\/www.skeffcor.com.br\/Novo\/ADCAP_Nacional.asp\">http:\/\/www.skeffcor.com.br\/Novo\/ADCAP_Nacional.asp<\/a><\/p>\n<p>Prezado Associado,<\/p>\n<p>CONVIDAMOS VOC\u00ca a fazer o seguro de vida ADCAPVIDA. \u00c9 um seguro criado pela ADCAP a mais de 7 anos, amparando a fam\u00edlia dos funcion\u00e1rios dos Correios, tem toda nossa indica\u00e7\u00e3o e tamb\u00e9m possui pre\u00e7os muito em conta.<\/p>\n<p>Garanta a prote\u00e7\u00e3o e o bem estar de quem voc\u00ea ama, veja as principais coberturas:<\/p>\n<p>\u00b7 Morte Natural, Morte Acidental em dobro, Invalidez por Acidente, Morte de C\u00f4njuge e Filhos \u2013 Assist\u00eancia Funeral Familiar \u2013 Cestas B\u00e1sicas \u2013 4 Sorteios Mensais de R$ 5.000,00 (menos impostos)<\/p>\n<p><a href=\"http:\/\/www.adcap.org.br\/wp-content\/uploads\/2015\/11\/image005-2.jpg\" data-rel=\"penci-gallery-image-content\" ><img decoding=\"async\" loading=\"lazy\" class=\"alignnone size-full wp-image-5791\" src=\"http:\/\/www.adcap.org.br\/wp-content\/uploads\/2015\/11\/image005-2.jpg\" alt=\"image005-2\" width=\"249\" height=\"196\" \/><\/a><\/p>\n<p>Vantagens adicionais:<\/p>\n<p>\u00b7 B\u00f4nus de descontos na compra de seguro Automotivos, Residenciais, Seguro Viagens.<\/p>\n<p>Capitais *planos a partir de R$10.000,00 Morte Natural e R$ 20.000,00 Morte Acidental; R$ 10.000,00 Invalidez por Acidente<\/p>\n<p><strong>\u00b7 R$ 10,85 at\u00e9 35 anos,<\/strong><\/p>\n<p><strong>\u00b7 R$ 15,59 at\u00e9 45 anos<\/strong><\/p>\n<p><strong>\u00b7 R$ 31,88 at\u00e9 55 anos<\/strong><\/p>\n<p>*Para outros planos consulte a tabela, ligue <strong>061 \u2013 3327-3650<\/strong><\/p>\n<p>ou envie e-mail para Adcap adcapnacional@adcap.org.br Agora tamb\u00e9m temos WhatsApp \u2013 061 9371-4038 , passe um Whats pra n\u00f3s!<\/p>\n<p>Este nosso seguro de vida, \u00e9 garantido pela MetLife, que \u00e9 a maior Cia de Seguros do mundo, com mais de 150 anos de exist\u00eancia. Pagou at\u00e9 seguros do Titanic.<\/p>\n<p>Com este plano de seguro voc\u00ea estar\u00e1 amparado em situa\u00e7\u00f5es imprevistas, como doen\u00e7as, acidentes entre outras emerg\u00eancias que envolvam voc\u00ea e sua fam\u00edlia e ainda tem o sorteio em dinheiro, n\u00e3o perca essa oportunidade!<\/p>\n<p><strong>Skeff Corretora de Seguros<br \/>\n<\/strong>www.skeffcor.com.br<\/p>\n<p>Fone: (11) 3341-4141<\/p>\n<p>Waths: (11) 96371-4038<\/p>\n<p><em>Seguro de Vida \u00e9 um ato de amor, a import\u00e2ncia maior esta centrada em outra pessoa, aquela que mais amamos!<\/em><\/p>\n<p><a href=\"http:\/\/www.adcap.org.br\/wp-content\/uploads\/2015\/11\/logo-skeff.jpg\" data-rel=\"penci-gallery-image-content\" ><img decoding=\"async\" loading=\"lazy\" class=\"wp-image-5792 aligncenter\" src=\"http:\/\/www.adcap.org.br\/wp-content\/uploads\/2015\/11\/logo-skeff.jpg\" alt=\"logo skeff\" width=\"211\" height=\"88\" srcset=\"https:\/\/adcap.org.br\/wp-content\/uploads\/2015\/11\/logo-skeff.jpg 1415w, https:\/\/adcap.org.br\/wp-content\/uploads\/2015\/11\/logo-skeff-1024x427.jpg 1024w\" sizes=\"(max-width: 211px) 100vw, 211px\" \/><\/a><\/p>\n<p><a href=\"http:\/\/www.adcap.org.br\/wp-content\/uploads\/2015\/07\/logo-mini-e1448544420623.png\" data-rel=\"penci-gallery-image-content\" ><img decoding=\"async\" loading=\"lazy\" class=\" wp-image-1004 aligncenter\" src=\"http:\/\/www.adcap.org.br\/wp-content\/uploads\/2015\/07\/logo-mini-e1448544420623.png\" alt=\"logo-mini\" width=\"173\" height=\"91\" \/><\/a><\/p>\n<p style=\"text-align: center;\"><a href=\"http:\/\/www.skeffcor.com.br\/Novo\/ADCAP_Nacional.asp\">http:\/\/www.skeffcor.com.br\/Novo\/ADCAP_Nacional.asp<\/a><\/p>\n","protected":false},"excerpt":{"rendered":"<p>Clique no link abaixo e acesse a p\u00e1gina do conv\u00eanio http:\/\/www.skeffcor.com.br\/Novo\/ADCAP_Nacional.asp Prezado Associado, CONVIDAMOS VOC\u00ca a fazer o seguro de vida ADCAPVIDA. \u00c9 um seguro criado pela ADCAP a mais&hellip;<\/p>\n","protected":false},"author":1,"featured_media":0,"parent":999,"menu_order":0,"comment_status":"closed","ping_status":"closed","template":"","meta":{"_editorskit_title_hidden":false,"_editorskit_reading_time":0,"_editorskit_is_block_options_detached":false,"_editorskit_block_options_position":"{}","footnotes":""},"aioseo_notices":[],"_links":{"self":[{"href":"https:\/\/adcap.org.br\/index.php\/wp-json\/wp\/v2\/pages\/5790"}],"collection":[{"href":"https:\/\/adcap.org.br\/index.php\/wp-json\/wp\/v2\/pages"}],"about":[{"href":"https:\/\/adcap.org.br\/index.php\/wp-json\/wp\/v2\/types\/page"}],"author":[{"embeddable":true,"href":"https:\/\/adcap.org.br\/index.php\/wp-json\/wp\/v2\/users\/1"}],"replies":[{"embeddable":true,"href":"https:\/\/adcap.org.br\/index.php\/wp-json\/wp\/v2\/comments?post=5790"}],"version-history":[{"count":0,"href":"https:\/\/adcap.org.br\/index.php\/wp-json\/wp\/v2\/pages\/5790\/revisions"}],"up":[{"embeddable":true,"href":"https:\/\/adcap.org.br\/index.php\/wp-json\/wp\/v2\/pages\/999"}],"wp:attachment":[{"href":"https:\/\/adcap.org.br\/index.php\/wp-json\/wp\/v2\/media?parent=5790"}],"curies":[{"name":"wp","href":"https:\/\/api.w.org\/{rel}","templated":true}]}}