{"id":5709,"date":"2015-11-18T22:02:02","date_gmt":"2015-11-18T22:02:02","guid":{"rendered":"http:\/\/www.adcap.org.br\/?page_id=5709"},"modified":"2025-06-17T18:42:53","modified_gmt":"2025-06-17T18:42:53","slug":"santa-catarina","status":"publish","type":"page","link":"https:\/\/adcap.org.br\/index.php\/nucleos-regionais\/santa-catarina\/","title":{"rendered":"Santa Catarina"},"content":{"rendered":"<p class=\"ecxMsoNormal\"><b>DIRETORIA EXECUTIVA<\/b><\/p>\n<p><strong>Presidente:<\/strong>\u00a0H\u00e9lio Sebasti\u00e3o Cabral Filho<br \/>\n<strong>Vice-Presidente<\/strong>\u00a0\u2013 Edson Luciano<br \/>\n<strong>Secret\u00e1rio-Gera<\/strong>l \u2013 Andr\u00e9a Rodrigues Ruthes Prazeres<br \/>\n<strong>Diretor Administrativo e Financeiro<\/strong>\u00a0\u2013 Cl\u00f3vis Cristiano Joaquim<br \/>\n<strong>Diretor de Comunica\u00e7\u00e3o e Desenvolvimento<\/strong>\u00a0\u2013 Get\u00falio Alu\u00edsio Correa<br \/>\n<strong>Diretor de Rela\u00e7\u00f5es Funcionais<\/strong>\u00a0\u2013 Alexandre Brescansin<br \/>\n<strong>Diretor de Rela\u00e7\u00f5es Externas<\/strong>\u00a0\u2013 Marlise Pickler<br \/>\n<strong>Diretor Jur\u00eddico<\/strong>\u00a0&#8211; Fl\u00e1vio Cardoso<br \/>\n<strong>Diretor de Aposentados e Previd\u00eancia<\/strong>\u00a0\u2013 Emir Michels<\/p>\n<p>&nbsp;<\/p>\n<p><strong>CONSELHO FISCAL<\/strong><\/p>\n<div>Odair Debarba<\/div>\n<div>Geneci Loss Guth<\/div>\n<div>Sheyla Bezerra Rocha<\/div>\n<div>Micheli Michels Hermenegildo<\/div>\n<div>Genivaldo Sartor<\/div>\n<p>&nbsp;<\/p>\n<p class=\"ecxMsoNormal\"><b>E-mail contato:\u00a0<\/b><a href=\"mailto:adcapsc@gmail.com\">adcapsc@gmail.com<\/a><\/p>\n","protected":false},"excerpt":{"rendered":"<p>DIRETORIA EXECUTIVA Presidente:\u00a0H\u00e9lio Sebasti\u00e3o Cabral Filho Vice-Presidente\u00a0\u2013 Edson Luciano Secret\u00e1rio-Geral \u2013 Andr\u00e9a Rodrigues Ruthes Prazeres Diretor Administrativo e Financeiro\u00a0\u2013 Cl\u00f3vis Cristiano Joaquim Diretor de Comunica\u00e7\u00e3o e Desenvolvimento\u00a0\u2013 Get\u00falio Alu\u00edsio Correa&hellip;<\/p>\n","protected":false},"author":1,"featured_media":0,"parent":993,"menu_order":0,"comment_status":"closed","ping_status":"closed","template":"","meta":{"_editorskit_title_hidden":false,"_editorskit_reading_time":0,"_editorskit_is_block_options_detached":false,"_editorskit_block_options_position":"{}","footnotes":""},"aioseo_notices":[],"_links":{"self":[{"href":"https:\/\/adcap.org.br\/index.php\/wp-json\/wp\/v2\/pages\/5709"}],"collection":[{"href":"https:\/\/adcap.org.br\/index.php\/wp-json\/wp\/v2\/pages"}],"about":[{"href":"https:\/\/adcap.org.br\/index.php\/wp-json\/wp\/v2\/types\/page"}],"author":[{"embeddable":true,"href":"https:\/\/adcap.org.br\/index.php\/wp-json\/wp\/v2\/users\/1"}],"replies":[{"embeddable":true,"href":"https:\/\/adcap.org.br\/index.php\/wp-json\/wp\/v2\/comments?post=5709"}],"version-history":[{"count":3,"href":"https:\/\/adcap.org.br\/index.php\/wp-json\/wp\/v2\/pages\/5709\/revisions"}],"predecessor-version":[{"id":20286,"href":"https:\/\/adcap.org.br\/index.php\/wp-json\/wp\/v2\/pages\/5709\/revisions\/20286"}],"up":[{"embeddable":true,"href":"https:\/\/adcap.org.br\/index.php\/wp-json\/wp\/v2\/pages\/993"}],"wp:attachment":[{"href":"https:\/\/adcap.org.br\/index.php\/wp-json\/wp\/v2\/media?parent=5709"}],"curies":[{"name":"wp","href":"https:\/\/api.w.org\/{rel}","templated":true}]}}