{"id":5705,"date":"2015-11-18T22:01:07","date_gmt":"2015-11-18T22:01:07","guid":{"rendered":"http:\/\/www.adcap.org.br\/?page_id=5705"},"modified":"2025-11-11T19:38:48","modified_gmt":"2025-11-11T19:38:48","slug":"rio-grande-do-norte","status":"publish","type":"page","link":"https:\/\/adcap.org.br\/index.php\/nucleos-regionais\/rio-grande-do-norte\/","title":{"rendered":"Rio Grande do Norte"},"content":{"rendered":"<p><b>Diretoria Executiva:\u00a0<\/b><\/p>\n<div>\n<p class=\"ecxMsoNormal\"><b>Presidente\u00a0\u2013<\/b> Felipe Arinaldo Xavier de Souza<br \/>\n<strong>Vice- Presidente &#8211;<\/strong> Alexandre Alberto da C\u00e2mara Silva<br \/>\n<strong>Diretor Administrativo e Financeiro &#8211;<\/strong> Cle\u00f4nia de Oliveira Fernandes<br \/>\n<strong>Secret\u00e1rio Geral &#8211;<\/strong> Jos\u00e9 Luiz Borges da Silveira<br \/>\n<strong>Diretor de Comunica\u00e7\u00e3o, Desenvolvimento, Rela\u00e7\u00f5es Funcionais e Externas &#8211;<\/strong> Fernando Ant\u00f4nio da Silva Roberto<\/p>\n<p><strong>Conselho Fiscal<\/strong><\/p>\n<\/div>\n<p>Manoel Nunes do R\u00eago<br \/>\nJos\u00e9 Pinheiro Guerra<br \/>\nSebasti\u00e3o Gomes do Rego<\/p>\n<p>&nbsp;<\/p>\n<p><b>E-mail: <\/b><a href=\"mailto:adcap.rn@gmai.com\">adcap.rn@gmail.com\u00a0<\/a><\/p>\n","protected":false},"excerpt":{"rendered":"<p>Diretoria Executiva:\u00a0 Presidente\u00a0\u2013 Felipe Arinaldo Xavier de Souza Vice- Presidente &#8211; Alexandre Alberto da C\u00e2mara Silva Diretor Administrativo e Financeiro &#8211; Cle\u00f4nia de Oliveira Fernandes Secret\u00e1rio Geral &#8211; Jos\u00e9 Luiz&hellip;<\/p>\n","protected":false},"author":1,"featured_media":0,"parent":993,"menu_order":0,"comment_status":"closed","ping_status":"closed","template":"","meta":{"_editorskit_title_hidden":false,"_editorskit_reading_time":0,"_editorskit_is_block_options_detached":false,"_editorskit_block_options_position":"{}","footnotes":""},"aioseo_notices":[],"_links":{"self":[{"href":"https:\/\/adcap.org.br\/index.php\/wp-json\/wp\/v2\/pages\/5705"}],"collection":[{"href":"https:\/\/adcap.org.br\/index.php\/wp-json\/wp\/v2\/pages"}],"about":[{"href":"https:\/\/adcap.org.br\/index.php\/wp-json\/wp\/v2\/types\/page"}],"author":[{"embeddable":true,"href":"https:\/\/adcap.org.br\/index.php\/wp-json\/wp\/v2\/users\/1"}],"replies":[{"embeddable":true,"href":"https:\/\/adcap.org.br\/index.php\/wp-json\/wp\/v2\/comments?post=5705"}],"version-history":[{"count":2,"href":"https:\/\/adcap.org.br\/index.php\/wp-json\/wp\/v2\/pages\/5705\/revisions"}],"predecessor-version":[{"id":20583,"href":"https:\/\/adcap.org.br\/index.php\/wp-json\/wp\/v2\/pages\/5705\/revisions\/20583"}],"up":[{"embeddable":true,"href":"https:\/\/adcap.org.br\/index.php\/wp-json\/wp\/v2\/pages\/993"}],"wp:attachment":[{"href":"https:\/\/adcap.org.br\/index.php\/wp-json\/wp\/v2\/media?parent=5705"}],"curies":[{"name":"wp","href":"https:\/\/api.w.org\/{rel}","templated":true}]}}