{"id":5699,"date":"2015-11-18T21:59:43","date_gmt":"2015-11-18T21:59:43","guid":{"rendered":"http:\/\/www.adcap.org.br\/?page_id=5699"},"modified":"2025-06-16T18:34:08","modified_gmt":"2025-06-16T18:34:08","slug":"pernambuco","status":"publish","type":"page","link":"https:\/\/adcap.org.br\/index.php\/nucleos-regionais\/pernambuco\/","title":{"rendered":"Pernambuco"},"content":{"rendered":"<p class=\"ecxMsoNormal\"><strong>DIRETORIA EXECUTIVA<\/strong><\/p>\n<p>&nbsp;<\/p>\n<p><strong>Presidente &#8211;<\/strong> Marcos Val\u00e9rio de Medeiros<br \/>\n<strong>Vice-Presidente &#8211;<\/strong> Maur\u00edcio Gazzaniga<br \/>\n<strong>Secret\u00e1rio-Geral &#8211;<\/strong> ilza Dantas Menezes<br \/>\n<strong>Diretor administrativo e Financeiro &#8211;<\/strong> Heyder Jorge Horta Barbosa<br \/>\n<strong>Diretor de Comunica\u00e7\u00e3o e Desenvolvimento &#8211;<\/strong> l\u00facia moura da costa<br \/>\n<strong>Diretor de Rela\u00e7\u00f5es Funcionais &#8211;<\/strong> Carlos Jos\u00e9 de Freitas Pereira<br \/>\n<strong>Diretor de Rela\u00e7\u00f5es Externas &#8211;<\/strong> Soraya Guerra de Souza<\/p>\n<div><strong>CONSELHO FISCAL<\/strong><\/div>\n<div><\/div>\n<div>\n<p>Orlando da Silva Duda<br \/>\nAnt\u00f4nio Pereira de Mendon\u00e7a<br \/>\nWellington Ant\u00f4nio de Souza<\/p>\n<\/div>\n<p>&nbsp;<\/p>\n<p class=\"ecxMsoNormal\"><b>E-mail: <a href=\"mailto:marcosvmedeiros16@gmail.com\">marcosvmedeiros16@gmail.com<\/a> ,\u00a0<a href=\"mailto:adcap.pernambuco@gmail.com\">adcap.pernambuco@gmail.com<\/a><\/b><\/p>\n<p class=\"ecxMsoNormal\">\n","protected":false},"excerpt":{"rendered":"<p>DIRETORIA EXECUTIVA &nbsp; Presidente &#8211; Marcos Val\u00e9rio de Medeiros Vice-Presidente &#8211; Maur\u00edcio Gazzaniga Secret\u00e1rio-Geral &#8211; ilza Dantas Menezes Diretor administrativo e Financeiro &#8211; Heyder Jorge Horta Barbosa Diretor de Comunica\u00e7\u00e3o&hellip;<\/p>\n","protected":false},"author":1,"featured_media":0,"parent":993,"menu_order":0,"comment_status":"closed","ping_status":"closed","template":"","meta":{"_editorskit_title_hidden":false,"_editorskit_reading_time":0,"_editorskit_is_block_options_detached":false,"_editorskit_block_options_position":"{}","footnotes":""},"aioseo_notices":[],"_links":{"self":[{"href":"https:\/\/adcap.org.br\/index.php\/wp-json\/wp\/v2\/pages\/5699"}],"collection":[{"href":"https:\/\/adcap.org.br\/index.php\/wp-json\/wp\/v2\/pages"}],"about":[{"href":"https:\/\/adcap.org.br\/index.php\/wp-json\/wp\/v2\/types\/page"}],"author":[{"embeddable":true,"href":"https:\/\/adcap.org.br\/index.php\/wp-json\/wp\/v2\/users\/1"}],"replies":[{"embeddable":true,"href":"https:\/\/adcap.org.br\/index.php\/wp-json\/wp\/v2\/comments?post=5699"}],"version-history":[{"count":3,"href":"https:\/\/adcap.org.br\/index.php\/wp-json\/wp\/v2\/pages\/5699\/revisions"}],"predecessor-version":[{"id":20270,"href":"https:\/\/adcap.org.br\/index.php\/wp-json\/wp\/v2\/pages\/5699\/revisions\/20270"}],"up":[{"embeddable":true,"href":"https:\/\/adcap.org.br\/index.php\/wp-json\/wp\/v2\/pages\/993"}],"wp:attachment":[{"href":"https:\/\/adcap.org.br\/index.php\/wp-json\/wp\/v2\/media?parent=5699"}],"curies":[{"name":"wp","href":"https:\/\/api.w.org\/{rel}","templated":true}]}}