{"id":5693,"date":"2015-11-18T21:58:18","date_gmt":"2015-11-18T21:58:18","guid":{"rendered":"http:\/\/www.adcap.org.br\/?page_id=5693"},"modified":"2025-06-16T18:08:48","modified_gmt":"2025-06-16T18:08:48","slug":"para","status":"publish","type":"page","link":"https:\/\/adcap.org.br\/index.php\/nucleos-regionais\/para\/","title":{"rendered":"Par\u00e1"},"content":{"rendered":"<p class=\"ecxMsoNormal\"><b>DIRETORIA EXECUTIVA<\/b><\/p>\n<p><strong>Presidente:<\/strong> Ana Bella dos Santos Matos<br \/>\n<strong>Vice-Presidente:<\/strong> M\u00e1rcia do Socorro e Sousa Lima<br \/>\n<strong>Secret\u00e1rio-Geral:<\/strong> Cl\u00e1udio Fernandes da Luz<br \/>\n<strong>Diretor Administrativo e Financeiro:<\/strong> Francisco Sales Bandeira<br \/>\n<strong>Diretor de Comunica\u00e7\u00e3o e Desenvolvimento:<\/strong> Edivander de Souza Freitas<br \/>\n<strong>Diretor Social:<\/strong> Patr\u00edcia Macedo de Souza<br \/>\n<strong>Diretor de Aposentados e Previd\u00eancia:<\/strong> Jos\u00e9 Santana de Andrade<\/p>\n<p><b>CONSELHO FISCAL<\/b><\/p>\n<p>Paulo S\u00e9rgio dos Santos Ferreira<\/p>\n<p class=\"ecxMsoNormal\"><b><br \/>\nE-mail contatos: <a href=\"mailto:adcap_pa@hotmail.com\">\u00a0adcap_pa@hotmail.com\u00a0<\/a><\/b><\/p>\n","protected":false},"excerpt":{"rendered":"<p>DIRETORIA EXECUTIVA Presidente: Ana Bella dos Santos Matos Vice-Presidente: M\u00e1rcia do Socorro e Sousa Lima Secret\u00e1rio-Geral: Cl\u00e1udio Fernandes da Luz Diretor Administrativo e Financeiro: Francisco Sales Bandeira Diretor de Comunica\u00e7\u00e3o&hellip;<\/p>\n","protected":false},"author":1,"featured_media":0,"parent":993,"menu_order":0,"comment_status":"closed","ping_status":"closed","template":"","meta":{"_editorskit_title_hidden":false,"_editorskit_reading_time":0,"_editorskit_is_block_options_detached":false,"_editorskit_block_options_position":"{}","footnotes":""},"aioseo_notices":[],"_links":{"self":[{"href":"https:\/\/adcap.org.br\/index.php\/wp-json\/wp\/v2\/pages\/5693"}],"collection":[{"href":"https:\/\/adcap.org.br\/index.php\/wp-json\/wp\/v2\/pages"}],"about":[{"href":"https:\/\/adcap.org.br\/index.php\/wp-json\/wp\/v2\/types\/page"}],"author":[{"embeddable":true,"href":"https:\/\/adcap.org.br\/index.php\/wp-json\/wp\/v2\/users\/1"}],"replies":[{"embeddable":true,"href":"https:\/\/adcap.org.br\/index.php\/wp-json\/wp\/v2\/comments?post=5693"}],"version-history":[{"count":2,"href":"https:\/\/adcap.org.br\/index.php\/wp-json\/wp\/v2\/pages\/5693\/revisions"}],"predecessor-version":[{"id":20267,"href":"https:\/\/adcap.org.br\/index.php\/wp-json\/wp\/v2\/pages\/5693\/revisions\/20267"}],"up":[{"embeddable":true,"href":"https:\/\/adcap.org.br\/index.php\/wp-json\/wp\/v2\/pages\/993"}],"wp:attachment":[{"href":"https:\/\/adcap.org.br\/index.php\/wp-json\/wp\/v2\/media?parent=5693"}],"curies":[{"name":"wp","href":"https:\/\/api.w.org\/{rel}","templated":true}]}}