{"id":5689,"date":"2015-11-18T21:57:33","date_gmt":"2015-11-18T21:57:33","guid":{"rendered":"http:\/\/www.adcap.org.br\/?page_id=5689"},"modified":"2025-06-13T20:26:10","modified_gmt":"2025-06-13T20:26:10","slug":"minas-gerais","status":"publish","type":"page","link":"https:\/\/adcap.org.br\/index.php\/nucleos-regionais\/minas-gerais\/","title":{"rendered":"Minas Gerais"},"content":{"rendered":"<p class=\"x_gmail-m-5342099586817574140m9089984536257632m-4826466561384053843m4007671969169721544m-4021005259853471185m4615730923895263525ecxmsonormal\"><strong>DIRETORIA EXECUTIVA<\/strong><\/p>\n<p><strong>Presidente: <\/strong>Gilberto Matos Sobrinho<br \/>\n<strong>Vice-Presidente:<\/strong> Marcus Vinicius Dellacqua Machado<br \/>\n<strong>Secret\u00e1rio-Geral:<\/strong> Rog\u00e9rio Ulisses Guimar\u00e3es<br \/>\n<strong>Diretor Administrativo e Financeiro: <\/strong>Jaqueline Ribeiro Per\u00e1cio<br \/>\n<strong>Diretor de Comunica\u00e7\u00e3o e Desenvolvimento: <\/strong>Marley Ferreira de Assun\u00e7\u00e3o<br \/>\n<strong>Diretor de Rela\u00e7\u00f5es Funcionais:<\/strong> Junio Aguiar da Silva<br \/>\n<strong>Diretor de Rela\u00e7\u00f5es Externas:<\/strong> Al\u00edpio Ribeiro da Silva<br \/>\n<strong>Diretor Jur\u00eddico:<\/strong> Wellington Fernandes Leal<br \/>\n<strong>Diretor de Aposentados e Previd\u00eancia:<\/strong> Adelia Maria Gomes Santos<\/p>\n<p><strong><br \/>\nCONSELHO FISCAL\u00a0<\/strong><\/p>\n<p>\u00c2ngela de F\u00e1tima Menezes Aguiar<br \/>\nMaria Alice Pereira Santos<br \/>\nMaria Aparecida Pereira Santos<br \/>\nMilene Moreira Viana<br \/>\nWanderson Cassimiro da Purifica\u00e7\u00e3o<\/p>\n<p>&nbsp;<\/p>\n<p><b>E-mail contato:<\/b>\u00a0<a href=\"mailto:adcapmg@gmail.com\" target=\"_blank\" rel=\"noopener noreferrer\">adcapmg@gmail.com<\/a>\u00a0 \/\u00a0<a href=\"mailto:contato@adcapmg.com.br\">contato@adcapmg.com.br<\/a><\/p>\n<p><strong>Facebook:\u00a0<\/strong><a href=\"http:\/\/facebook.com\/adcapminas\" target=\"_blank\" rel=\"noopener noreferrer\">facebook.com\/adcapminas<\/a><\/p>\n<p><strong>Instagram:<\/strong> <a href=\"https:\/\/www.instagram.com\/adcapmg\/\">@adcapmg<\/a>\u00a0\u00a0<strong>Twitter:<\/strong> <a href=\"https:\/\/twitter.com\/ADCAPMINAS\">@Adcapmg<\/a><\/p>\n<p><strong>Fone:<\/strong> (31) 9 9211-0489<\/p>\n<p><b>Site:<\/b>\u00a0<a href=\"http:\/\/www.adcapmg.com.br\/\" target=\"_blank\" rel=\"noopener noreferrer\">www.adcapmg.com.br<\/a><\/p>\n","protected":false},"excerpt":{"rendered":"<p>DIRETORIA EXECUTIVA Presidente: Gilberto Matos Sobrinho Vice-Presidente: Marcus Vinicius Dellacqua Machado Secret\u00e1rio-Geral: Rog\u00e9rio Ulisses Guimar\u00e3es Diretor Administrativo e Financeiro: Jaqueline Ribeiro Per\u00e1cio Diretor de Comunica\u00e7\u00e3o e Desenvolvimento: Marley Ferreira de&hellip;<\/p>\n","protected":false},"author":1,"featured_media":0,"parent":993,"menu_order":0,"comment_status":"closed","ping_status":"closed","template":"","meta":{"_editorskit_title_hidden":false,"_editorskit_reading_time":0,"_editorskit_is_block_options_detached":false,"_editorskit_block_options_position":"{}","footnotes":""},"aioseo_notices":[],"_links":{"self":[{"href":"https:\/\/adcap.org.br\/index.php\/wp-json\/wp\/v2\/pages\/5689"}],"collection":[{"href":"https:\/\/adcap.org.br\/index.php\/wp-json\/wp\/v2\/pages"}],"about":[{"href":"https:\/\/adcap.org.br\/index.php\/wp-json\/wp\/v2\/types\/page"}],"author":[{"embeddable":true,"href":"https:\/\/adcap.org.br\/index.php\/wp-json\/wp\/v2\/users\/1"}],"replies":[{"embeddable":true,"href":"https:\/\/adcap.org.br\/index.php\/wp-json\/wp\/v2\/comments?post=5689"}],"version-history":[{"count":2,"href":"https:\/\/adcap.org.br\/index.php\/wp-json\/wp\/v2\/pages\/5689\/revisions"}],"predecessor-version":[{"id":20263,"href":"https:\/\/adcap.org.br\/index.php\/wp-json\/wp\/v2\/pages\/5689\/revisions\/20263"}],"up":[{"embeddable":true,"href":"https:\/\/adcap.org.br\/index.php\/wp-json\/wp\/v2\/pages\/993"}],"wp:attachment":[{"href":"https:\/\/adcap.org.br\/index.php\/wp-json\/wp\/v2\/media?parent=5689"}],"curies":[{"name":"wp","href":"https:\/\/api.w.org\/{rel}","templated":true}]}}