{"id":5687,"date":"2015-11-18T21:57:11","date_gmt":"2015-11-18T21:57:11","guid":{"rendered":"http:\/\/www.adcap.org.br\/?page_id=5687"},"modified":"2025-06-13T20:32:30","modified_gmt":"2025-06-13T20:32:30","slug":"mato-grosso-do-sul","status":"publish","type":"page","link":"https:\/\/adcap.org.br\/index.php\/nucleos-regionais\/mato-grosso-do-sul\/","title":{"rendered":"Mato Grosso do Sul"},"content":{"rendered":"<p><b>DIRETORIA EXECUTIVA<\/b><\/p>\n<div>\n<p><strong>Presidente \u2013<\/strong> Patr\u00edcia Latife Eloy Rezende<br \/>\n<strong>Vice-Presidente \u2013<\/strong> Walmir Caldas Rodrigues<br \/>\n<strong>Secret\u00e1ria-Geral \u2013<\/strong> Maria de F\u00e1tima Alves Davi<br \/>\n<strong>Diretor Administrativo e Financeiro \u2013<\/strong> Jaciara Domingues da Costa de Lima Maia<br \/>\n<strong>Diretor de Comunica\u00e7\u00e3o e Desenvolvimento e Social \u2013<\/strong> Liana Jaqueline Nunes da Silva<br \/>\n<strong>Diretor de Rela\u00e7\u00f5es Funcionais e de Rela\u00e7\u00f5es Externas \u2013<\/strong> Eneias Flavio Silva Saldanha<br \/>\n<strong>Diretor Jur\u00eddico e de Aposentados e Previd\u00eancia \u2013<\/strong> Luiz Humberto Fernandes<\/p>\n<\/div>\n<p><strong><br \/>\nCONSELHO FISCAL<\/strong><\/p>\n<div>Simone Aparecida de Carvalho<\/div>\n<div>Menegildo Aguero<\/div>\n<div>Arcib\u00edades Raimundo da Silva<\/div>\n<div>\n<p>&nbsp;<\/p>\n<\/div>\n<p><b>Email:\u00a0<\/b><a href=\"mailto:adcapms@adcapms.com.br\">adcapms@adcapms.com.br<\/a><\/p>\n","protected":false},"excerpt":{"rendered":"<p>DIRETORIA EXECUTIVA Presidente \u2013 Patr\u00edcia Latife Eloy Rezende Vice-Presidente \u2013 Walmir Caldas Rodrigues Secret\u00e1ria-Geral \u2013 Maria de F\u00e1tima Alves Davi Diretor Administrativo e Financeiro \u2013 Jaciara Domingues da Costa de&hellip;<\/p>\n","protected":false},"author":1,"featured_media":0,"parent":993,"menu_order":0,"comment_status":"closed","ping_status":"closed","template":"","meta":{"_editorskit_title_hidden":false,"_editorskit_reading_time":0,"_editorskit_is_block_options_detached":false,"_editorskit_block_options_position":"{}","footnotes":""},"aioseo_notices":[],"_links":{"self":[{"href":"https:\/\/adcap.org.br\/index.php\/wp-json\/wp\/v2\/pages\/5687"}],"collection":[{"href":"https:\/\/adcap.org.br\/index.php\/wp-json\/wp\/v2\/pages"}],"about":[{"href":"https:\/\/adcap.org.br\/index.php\/wp-json\/wp\/v2\/types\/page"}],"author":[{"embeddable":true,"href":"https:\/\/adcap.org.br\/index.php\/wp-json\/wp\/v2\/users\/1"}],"replies":[{"embeddable":true,"href":"https:\/\/adcap.org.br\/index.php\/wp-json\/wp\/v2\/comments?post=5687"}],"version-history":[{"count":2,"href":"https:\/\/adcap.org.br\/index.php\/wp-json\/wp\/v2\/pages\/5687\/revisions"}],"predecessor-version":[{"id":20265,"href":"https:\/\/adcap.org.br\/index.php\/wp-json\/wp\/v2\/pages\/5687\/revisions\/20265"}],"up":[{"embeddable":true,"href":"https:\/\/adcap.org.br\/index.php\/wp-json\/wp\/v2\/pages\/993"}],"wp:attachment":[{"href":"https:\/\/adcap.org.br\/index.php\/wp-json\/wp\/v2\/media?parent=5687"}],"curies":[{"name":"wp","href":"https:\/\/api.w.org\/{rel}","templated":true}]}}