{"id":5683,"date":"2015-11-18T21:55:43","date_gmt":"2015-11-18T21:55:43","guid":{"rendered":"http:\/\/www.adcap.org.br\/?page_id=5683"},"modified":"2025-02-25T14:25:16","modified_gmt":"2025-02-25T14:25:16","slug":"maranhao","status":"publish","type":"page","link":"https:\/\/adcap.org.br\/index.php\/nucleos-regionais\/maranhao\/","title":{"rendered":"Maranh\u00e3o"},"content":{"rendered":"<p><b>Diretoria:\u00a0<\/b><\/p>\n<div>\n<p><strong>Presidente:<\/strong><br \/>\n<strong>Vice Presidente: &#8211;<\/strong><br \/>\n<strong>Secret\u00e1rio Geral: &#8211;<\/strong><br \/>\n<strong>Diretor Administrativo Financeiro: &#8211;<\/strong><br \/>\n<strong>Diretor de Comunica\u00e7\u00e3o: &#8211;<\/strong><br \/>\n<strong>Diretor de Rela\u00e7\u00f5es Externas: &#8211;<\/strong><br \/>\n<strong>Diretor de Rela\u00e7\u00f5es Funcionais: &#8211;<\/strong><\/p>\n<p>&nbsp;<\/p>\n<p><strong>Quantidade de Associados:\u00a0<\/strong><\/p>\n<\/div>\n<p><b>Conselho Fiscal:\u00a0<\/b><\/p>\n<p><b>Endere\u00e7o:\u00a0<\/b><\/p>\n<p><b>Telefone:\u00a0<\/b><\/p>\n<p>&nbsp;<\/p>\n","protected":false},"excerpt":{"rendered":"<p>Diretoria:\u00a0 Presidente: Vice Presidente: &#8211; Secret\u00e1rio Geral: &#8211; Diretor Administrativo Financeiro: &#8211; Diretor de Comunica\u00e7\u00e3o: &#8211; Diretor de Rela\u00e7\u00f5es Externas: &#8211; Diretor de Rela\u00e7\u00f5es Funcionais: &#8211; &nbsp; Quantidade de Associados:\u00a0&hellip;<\/p>\n","protected":false},"author":1,"featured_media":0,"parent":993,"menu_order":0,"comment_status":"closed","ping_status":"closed","template":"","meta":{"_editorskit_title_hidden":false,"_editorskit_reading_time":0,"_editorskit_is_block_options_detached":false,"_editorskit_block_options_position":"{}","footnotes":""},"aioseo_notices":[],"_links":{"self":[{"href":"https:\/\/adcap.org.br\/index.php\/wp-json\/wp\/v2\/pages\/5683"}],"collection":[{"href":"https:\/\/adcap.org.br\/index.php\/wp-json\/wp\/v2\/pages"}],"about":[{"href":"https:\/\/adcap.org.br\/index.php\/wp-json\/wp\/v2\/types\/page"}],"author":[{"embeddable":true,"href":"https:\/\/adcap.org.br\/index.php\/wp-json\/wp\/v2\/users\/1"}],"replies":[{"embeddable":true,"href":"https:\/\/adcap.org.br\/index.php\/wp-json\/wp\/v2\/comments?post=5683"}],"version-history":[{"count":0,"href":"https:\/\/adcap.org.br\/index.php\/wp-json\/wp\/v2\/pages\/5683\/revisions"}],"up":[{"embeddable":true,"href":"https:\/\/adcap.org.br\/index.php\/wp-json\/wp\/v2\/pages\/993"}],"wp:attachment":[{"href":"https:\/\/adcap.org.br\/index.php\/wp-json\/wp\/v2\/media?parent=5683"}],"curies":[{"name":"wp","href":"https:\/\/api.w.org\/{rel}","templated":true}]}}