{"id":5681,"date":"2015-11-18T21:55:12","date_gmt":"2015-11-18T21:55:12","guid":{"rendered":"http:\/\/www.adcap.org.br\/?page_id=5681"},"modified":"2025-11-17T15:29:08","modified_gmt":"2025-11-17T15:29:08","slug":"goias","status":"publish","type":"page","link":"https:\/\/adcap.org.br\/index.php\/nucleos-regionais\/goias\/","title":{"rendered":"Goi\u00e1s \/ Tocantins"},"content":{"rendered":"<div class=\"conteudo_geral\">\n<div class=\"conteudo_interna\">\n<p class=\"x_MsoNormal\"><b>DIRETORIA EXECUTIVA GO\/TO<br \/>\n<\/b><\/p>\n<p><strong>Presidente\u00a0\u2013<\/strong>\u00a0Viviene Andrade Vaz<br \/>\n<strong>Vice-Presidente\u00a0\u2013<\/strong>\u00a0Max Henrique Freires Salviano<br \/>\n<strong>Secret\u00e1rio Geral\u00a0\u2013<\/strong>\u00a0Gleydson Gonzaga Pedrosa<br \/>\n<strong>Diretor Administrativo e Financeiro\u00a0\u2013<\/strong>\u00a0Mar-Genes Pereira Cala\u00e7o<br \/>\n<strong>Diretora\u00a0de Comunica\u00e7\u00e3o e Desenvolvimento\u00a0\u2013<\/strong>\u00a0Andr\u00e9ia Rodrigues<br \/>\n<strong>Diretora de Rela\u00e7\u00f5es Funcionais\u00a0\u2013<\/strong>\u00a0Dilamar Gon\u00e7alves de Faria<br \/>\n<strong>Diretor de Rela\u00e7\u00f5es Externas\u00a0\u2013<\/strong>\u00a0Rosana Paula Silva Pimentel<br \/>\n<strong>Diretora Jur\u00eddico \u2013\u00a0<\/strong>Rodrigo Resende Ribeiro<br \/>\n<strong>Diretor de Aposentados e Previd\u00eancia:<\/strong>\u00a0Luiz Alberto Sampaio<\/p>\n<p>&nbsp;<\/p>\n<\/div>\n<\/div>\n<p><strong>CONSELHO FISCAL<\/strong><\/p>\n<p>Jos\u00e9 Ricardo Ribeiro<br \/>\nLuiz Fernando Pinheiro de Oliveira<br \/>\nOzi Catsuiuqui Gomes da Silva<\/p>\n<p>&nbsp;<\/p>\n<div class=\"conteudo_geral\">\n<div class=\"conteudo_interna\">\n<p class=\"x_MsoNormal\"><b>E-mail contato:\u00a0<a href=\"mailto:faleconosco@adcapgo-to.com.br\">faleconosco@adcapgo-to.com.br<\/a>\u00a0<\/b><\/p>\n<\/div>\n<\/div>\n","protected":false},"excerpt":{"rendered":"<p>DIRETORIA EXECUTIVA GO\/TO Presidente\u00a0\u2013\u00a0Viviene Andrade Vaz Vice-Presidente\u00a0\u2013\u00a0Max Henrique Freires Salviano Secret\u00e1rio Geral\u00a0\u2013\u00a0Gleydson Gonzaga Pedrosa Diretor Administrativo e Financeiro\u00a0\u2013\u00a0Mar-Genes Pereira Cala\u00e7o Diretora\u00a0de Comunica\u00e7\u00e3o e Desenvolvimento\u00a0\u2013\u00a0Andr\u00e9ia Rodrigues Diretora de Rela\u00e7\u00f5es Funcionais\u00a0\u2013\u00a0Dilamar Gon\u00e7alves&hellip;<\/p>\n","protected":false},"author":1,"featured_media":0,"parent":993,"menu_order":0,"comment_status":"closed","ping_status":"closed","template":"","meta":{"_editorskit_title_hidden":false,"_editorskit_reading_time":0,"_editorskit_is_block_options_detached":false,"_editorskit_block_options_position":"{}","footnotes":""},"aioseo_notices":[],"_links":{"self":[{"href":"https:\/\/adcap.org.br\/index.php\/wp-json\/wp\/v2\/pages\/5681"}],"collection":[{"href":"https:\/\/adcap.org.br\/index.php\/wp-json\/wp\/v2\/pages"}],"about":[{"href":"https:\/\/adcap.org.br\/index.php\/wp-json\/wp\/v2\/types\/page"}],"author":[{"embeddable":true,"href":"https:\/\/adcap.org.br\/index.php\/wp-json\/wp\/v2\/users\/1"}],"replies":[{"embeddable":true,"href":"https:\/\/adcap.org.br\/index.php\/wp-json\/wp\/v2\/comments?post=5681"}],"version-history":[{"count":4,"href":"https:\/\/adcap.org.br\/index.php\/wp-json\/wp\/v2\/pages\/5681\/revisions"}],"predecessor-version":[{"id":20589,"href":"https:\/\/adcap.org.br\/index.php\/wp-json\/wp\/v2\/pages\/5681\/revisions\/20589"}],"up":[{"embeddable":true,"href":"https:\/\/adcap.org.br\/index.php\/wp-json\/wp\/v2\/pages\/993"}],"wp:attachment":[{"href":"https:\/\/adcap.org.br\/index.php\/wp-json\/wp\/v2\/media?parent=5681"}],"curies":[{"name":"wp","href":"https:\/\/api.w.org\/{rel}","templated":true}]}}