{"id":5675,"date":"2015-11-18T21:53:50","date_gmt":"2015-11-18T21:53:50","guid":{"rendered":"http:\/\/www.adcap.org.br\/?page_id=5675"},"modified":"2025-06-11T19:34:08","modified_gmt":"2025-06-11T19:34:08","slug":"brasilia","status":"publish","type":"page","link":"https:\/\/adcap.org.br\/index.php\/nucleos-regionais\/brasilia\/","title":{"rendered":"Bras\u00edlia"},"content":{"rendered":"<p><strong>DIRETORIA EXECUTIVA<\/strong><\/p>\n<p>&nbsp;<\/p>\n<p><strong>Presidente \u2013<\/strong> Marcio Varallo Ribeiro da Silva<br \/>\n<strong>Vice-presidente \u2013<\/strong> Jos\u00e9 Olib\u00e9rio Alves<br \/>\n<strong>Secret\u00e1rio-geral \u2013<\/strong> Ronaldo Machado da Silva<br \/>\n<strong>Diretor administrativo e financeiro \u2013<\/strong> Arlan Pereira de Souza<br \/>\n<strong>Diretor de comunica\u00e7\u00e3o e desenvolvimento \u2013<\/strong> Priscila Santos da Rocha<br \/>\n<strong>Diretor de rela\u00e7\u00f5es funcionais \u2013<\/strong> Mara Mour\u00e3o<br \/>\n<strong>Diretor de rela\u00e7\u00f5es externas \u2013<\/strong> F\u00e1bio Maximiano Pontes<br \/>\n<strong>Diretor jur\u00eddico \u2013<\/strong> Herbert Speridi\u00e3o Ribeiro<br \/>\n<strong>Diretor de aposentados e Previd\u00eancia \u2013<\/strong> Aid\u00e9e Silva de Almeida Chapa<\/p>\n<p><strong>CONSELHO FISCAL\u00a0<\/strong><\/p>\n<p>Jos\u00e9 Maria dos Santos Silva<br \/>\nDaniel Monteiro de Ara\u00fajo<br \/>\nGilson Aparecido da Silva\u00a0<strong>\u00a0<\/strong><\/p>\n<p><strong>Telefone:\u00a0<\/strong><\/p>\n<p>(61) 3326-5635<br \/>\n(61) 3326-8576<br \/>\n(61) 92001-3742<\/p>\n<p>&nbsp;<\/p>\n<p><strong>E-mail:\u00a0<\/strong><\/p>\n<ul class=\"elementor-icon-list-items\">\n<li class=\"elementor-icon-list-item\"><a href=\"mailto:adcapbrasilia@adcap.org.br\"><span class=\"elementor-icon-list-text\">adcapbrasilia@adcap.org.br<\/span><\/a><\/li>\n<li class=\"elementor-icon-list-item\"><a href=\"mailto:adcapbrasilia@adcapbrasilia.org.br\"><span class=\"elementor-icon-list-text\">adcapbrasilia@adcapbrasilia.org.br<\/span><\/a><\/li>\n<\/ul>\n<p>&nbsp;<\/p>\n<p><strong>Site:\u00a0<\/strong><\/p>\n<p><a href=\"http:\/\/www.adcapbrasilia.org.br\/\">www.adcapbrasilia.org.br<\/a><\/p>\n<p>&nbsp;<\/p>\n<p>&nbsp;<\/p>\n","protected":false},"excerpt":{"rendered":"<p>DIRETORIA EXECUTIVA &nbsp; Presidente \u2013 Marcio Varallo Ribeiro da Silva Vice-presidente \u2013 Jos\u00e9 Olib\u00e9rio Alves Secret\u00e1rio-geral \u2013 Ronaldo Machado da Silva Diretor administrativo e financeiro \u2013 Arlan Pereira de Souza&hellip;<\/p>\n","protected":false},"author":1,"featured_media":0,"parent":993,"menu_order":0,"comment_status":"closed","ping_status":"closed","template":"","meta":{"_editorskit_title_hidden":false,"_editorskit_reading_time":0,"_editorskit_is_block_options_detached":false,"_editorskit_block_options_position":"{}","footnotes":""},"aioseo_notices":[],"_links":{"self":[{"href":"https:\/\/adcap.org.br\/index.php\/wp-json\/wp\/v2\/pages\/5675"}],"collection":[{"href":"https:\/\/adcap.org.br\/index.php\/wp-json\/wp\/v2\/pages"}],"about":[{"href":"https:\/\/adcap.org.br\/index.php\/wp-json\/wp\/v2\/types\/page"}],"author":[{"embeddable":true,"href":"https:\/\/adcap.org.br\/index.php\/wp-json\/wp\/v2\/users\/1"}],"replies":[{"embeddable":true,"href":"https:\/\/adcap.org.br\/index.php\/wp-json\/wp\/v2\/comments?post=5675"}],"version-history":[{"count":3,"href":"https:\/\/adcap.org.br\/index.php\/wp-json\/wp\/v2\/pages\/5675\/revisions"}],"predecessor-version":[{"id":20250,"href":"https:\/\/adcap.org.br\/index.php\/wp-json\/wp\/v2\/pages\/5675\/revisions\/20250"}],"up":[{"embeddable":true,"href":"https:\/\/adcap.org.br\/index.php\/wp-json\/wp\/v2\/pages\/993"}],"wp:attachment":[{"href":"https:\/\/adcap.org.br\/index.php\/wp-json\/wp\/v2\/media?parent=5675"}],"curies":[{"name":"wp","href":"https:\/\/api.w.org\/{rel}","templated":true}]}}