{"id":5389,"date":"2015-09-30T21:51:48","date_gmt":"2015-09-30T21:51:48","guid":{"rendered":"http:\/\/www.adcap.org.br\/v2\/?page_id=5389"},"modified":"2019-07-10T19:41:24","modified_gmt":"2019-07-10T19:41:24","slug":"bancorbras-turismo","status":"publish","type":"page","link":"https:\/\/adcap.org.br\/index.php\/convenios\/bancorbras-turismo\/","title":{"rendered":"Bancorbr\u00e1s Turismo"},"content":{"rendered":"<p style=\"text-align: center;\"><img decoding=\"async\" loading=\"lazy\" class=\"alignnone size-medium wp-image-9808\" src=\"http:\/\/www.adcap.org.br\/wp-content\/uploads\/Bancorbr\u00e1s-abril-150x300.png\" alt=\"\" width=\"150\" height=\"300\" \/>&#x1f6ce; &#8220;CAMPANHA ANIVERS\u00c1RIO BANCORBR\u00c1S 36 ANOS&#8221; &#x1f6ce;<\/p>\n<p>&#x2705; \u00a0Per\u00edodo da campanha \u00e9 de 05 de julho a 31 de julho de 2019;<br \/>\n&#x2705; \u00a0Campanha v\u00e1lida apenas para NOVOS CLIENTES;<br \/>\n&#x2705; \u00a0DESCONTO: 36% na Taxa de Ades\u00e3o + R$ 360,00 cr\u00e9dito a ser utilizado na Ag\u00eancia de viagens Bancorbr\u00e1s;<br \/>\n&#x2705; Campanha v\u00e1lida para o programa de indica\u00e7\u00e3o;<br \/>\n&#x2705; \u00a0Campanha v\u00e1lida para todos os canais de vendas, filiais, conv\u00eanios e internet;<\/p>\n<p>&nbsp;<\/p>\n<p style=\"text-align: center;\"><img decoding=\"async\" loading=\"lazy\" class=\"aligncenter size-large wp-image-12570\" src=\"http:\/\/www.adcap.org.br\/wp-content\/uploads\/Bancorbras-10-07-1-796x1024.jpg\" alt=\"\" width=\"796\" height=\"1024\" srcset=\"https:\/\/adcap.org.br\/wp-content\/uploads\/Bancorbras-10-07-1-796x1024.jpg 796w, https:\/\/adcap.org.br\/wp-content\/uploads\/Bancorbras-10-07-1-233x300.jpg 233w, https:\/\/adcap.org.br\/wp-content\/uploads\/Bancorbras-10-07-1-768x988.jpg 768w, https:\/\/adcap.org.br\/wp-content\/uploads\/Bancorbras-10-07-1-585x753.jpg 585w, https:\/\/adcap.org.br\/wp-content\/uploads\/Bancorbras-10-07-1.jpg 995w\" sizes=\"(max-width: 796px) 100vw, 796px\" \/><\/p>\n","protected":false},"excerpt":{"rendered":"<p>&#x1f6ce; &#8220;CAMPANHA ANIVERS\u00c1RIO BANCORBR\u00c1S 36 ANOS&#8221; &#x1f6ce; &#x2705; \u00a0Per\u00edodo da campanha \u00e9 de 05 de julho a 31 de julho de 2019; &#x2705; \u00a0Campanha v\u00e1lida apenas para NOVOS CLIENTES; &#x2705;&hellip;<\/p>\n","protected":false},"author":1,"featured_media":0,"parent":999,"menu_order":0,"comment_status":"closed","ping_status":"closed","template":"","meta":{"_editorskit_title_hidden":false,"_editorskit_reading_time":0,"_editorskit_is_block_options_detached":false,"_editorskit_block_options_position":"{}","footnotes":""},"aioseo_notices":[],"_links":{"self":[{"href":"https:\/\/adcap.org.br\/index.php\/wp-json\/wp\/v2\/pages\/5389"}],"collection":[{"href":"https:\/\/adcap.org.br\/index.php\/wp-json\/wp\/v2\/pages"}],"about":[{"href":"https:\/\/adcap.org.br\/index.php\/wp-json\/wp\/v2\/types\/page"}],"author":[{"embeddable":true,"href":"https:\/\/adcap.org.br\/index.php\/wp-json\/wp\/v2\/users\/1"}],"replies":[{"embeddable":true,"href":"https:\/\/adcap.org.br\/index.php\/wp-json\/wp\/v2\/comments?post=5389"}],"version-history":[{"count":0,"href":"https:\/\/adcap.org.br\/index.php\/wp-json\/wp\/v2\/pages\/5389\/revisions"}],"up":[{"embeddable":true,"href":"https:\/\/adcap.org.br\/index.php\/wp-json\/wp\/v2\/pages\/999"}],"wp:attachment":[{"href":"https:\/\/adcap.org.br\/index.php\/wp-json\/wp\/v2\/media?parent=5389"}],"curies":[{"name":"wp","href":"https:\/\/api.w.org\/{rel}","templated":true}]}}