{"id":17982,"date":"2023-05-16T15:50:16","date_gmt":"2023-05-16T15:50:16","guid":{"rendered":"https:\/\/adcap.org.br\/?page_id=17982"},"modified":"2023-05-23T17:22:59","modified_gmt":"2023-05-23T17:22:59","slug":"eleicao-ca-2023","status":"publish","type":"page","link":"https:\/\/adcap.org.br\/index.php\/eleicao-ca-2023\/","title":{"rendered":"Elei\u00e7\u00e3o CA 2023"},"content":{"rendered":"<h1 style=\"text-align: center;\">Apoiadores da T\u00e2nia<\/h1>\n<p><iframe loading=\"lazy\" width=\"1170\" height=\"658\" src=\"https:\/\/www.youtube.com\/embed\/45Ig0rYmxso?feature=oembed\" frameborder=\"0\" allow=\"accelerometer; autoplay; clipboard-write; encrypted-media; gyroscope; picture-in-picture; web-share\" allowfullscreen title=\"A import\u00e2ncia de ter uma representante no Conselho de Administra\u00e7\u00e3o dos Correios\"><\/iframe><\/p>\n<p><iframe loading=\"lazy\" width=\"1170\" height=\"658\" src=\"https:\/\/www.youtube.com\/embed\/91DFikaVG5I?feature=oembed\" frameborder=\"0\" allow=\"accelerometer; autoplay; clipboard-write; encrypted-media; gyroscope; picture-in-picture; web-share\" allowfullscreen title=\"Elei\u00e7\u00f5es CA - A ADCAP apoia e vota em T\u00e2nia Munari - 44\"><\/iframe><\/p>\n<p><iframe loading=\"lazy\" width=\"1170\" height=\"658\" src=\"https:\/\/www.youtube.com\/embed\/dOKBJdKI9hg?feature=oembed\" frameborder=\"0\" allow=\"accelerometer; autoplay; clipboard-write; encrypted-media; gyroscope; picture-in-picture; web-share\" allowfullscreen title=\"Elei\u00e7\u00f5es CA - A vota\u00e7\u00e3o come\u00e7ou! Escolha T\u00e2nia Munari - 44 e vote j\u00e1!!\"><\/iframe><\/p>\n<p><iframe loading=\"lazy\" width=\"1170\" height=\"658\" src=\"https:\/\/www.youtube.com\/embed\/p0tSs83cP3M?feature=oembed\" frameborder=\"0\" allow=\"accelerometer; autoplay; clipboard-write; encrypted-media; gyroscope; picture-in-picture; web-share\" allowfullscreen title=\"Elei\u00e7\u00f5es para o CA: O N\u00facleo da ADCAP de SPI apoia e vota em T\u00e2nia Munari - 44\"><\/iframe><\/p>\n<p><iframe loading=\"lazy\" width=\"1170\" height=\"658\" src=\"https:\/\/www.youtube.com\/embed\/QFSu4z1pHOk?feature=oembed\" frameborder=\"0\" allow=\"accelerometer; autoplay; clipboard-write; encrypted-media; gyroscope; picture-in-picture; web-share\" allowfullscreen title=\"Elei\u00e7\u00f5es CA - Mensagem de apoio de Elias Ces\u00e1rio (Diviza)\"><\/iframe><\/p>\n<p><iframe loading=\"lazy\" width=\"1170\" height=\"658\" src=\"https:\/\/www.youtube.com\/embed\/PklMtFB5Uug?feature=oembed\" frameborder=\"0\" allow=\"accelerometer; autoplay; clipboard-write; encrypted-media; gyroscope; picture-in-picture; web-share\" allowfullscreen title=\"Elei\u00e7\u00f5es CA - Apoio de An\u00e9zio Rodrigues do Conselho Deliberativo do Postalis\"><\/iframe><\/p>\n<p><iframe loading=\"lazy\" width=\"1170\" height=\"658\" src=\"https:\/\/www.youtube.com\/embed\/4ptfqntcRQs?feature=oembed\" frameborder=\"0\" allow=\"accelerometer; autoplay; clipboard-write; encrypted-media; gyroscope; picture-in-picture; web-share\" allowfullscreen title=\"Elei\u00e7\u00f5es CA - Mensagem de apoio do presidente do Conselho Fiscal do Postalis\"><\/iframe><\/p>\n<p><iframe loading=\"lazy\" width=\"1170\" height=\"658\" src=\"https:\/\/www.youtube.com\/embed\/u_oY_G5EFVw?feature=oembed\" frameborder=\"0\" allow=\"accelerometer; autoplay; clipboard-write; encrypted-media; gyroscope; picture-in-picture; web-share\" allowfullscreen title=\"Elei\u00e7\u00f5es CA - Uma mensagem de apoio do colega e associado Mario Renato\"><\/iframe><\/p>\n<p><iframe loading=\"lazy\" width=\"1170\" height=\"658\" src=\"https:\/\/www.youtube.com\/embed\/BHlrBAZAdOU?feature=oembed\" frameborder=\"0\" allow=\"accelerometer; autoplay; clipboard-write; encrypted-media; gyroscope; picture-in-picture; web-share\" allowfullscreen title=\"Elei\u00e7\u00f5es CA - Mensagem de apoio de Edgard Cordeiro do Conselho Deliberativo do Postalis\"><\/iframe><\/p>\n<p><iframe loading=\"lazy\" width=\"1170\" height=\"658\" src=\"https:\/\/www.youtube.com\/embed\/WLHrvJTE3z8?feature=oembed\" frameborder=\"0\" allow=\"accelerometer; autoplay; clipboard-write; encrypted-media; gyroscope; picture-in-picture; web-share\" allowfullscreen title=\"2\u00ba Turno para a elei\u00e7\u00e3o no CA dos Correios - Vote T\u00e2nia Munari - 44\"><\/iframe><\/p>\n<p><iframe loading=\"lazy\" width=\"1170\" height=\"658\" src=\"https:\/\/www.youtube.com\/embed\/vb7cur7z3O0?feature=oembed\" frameborder=\"0\" allow=\"accelerometer; autoplay; clipboard-write; encrypted-media; gyroscope; picture-in-picture; web-share\" allowfullscreen title=\"Uma mensagem de apoio do ex conselheiro do CA Marcos C\u00e9sar. Neste 2\u00ba turno Vote T\u00e2nia Munari - 44\"><\/iframe><\/p>\n<p><iframe loading=\"lazy\" width=\"1170\" height=\"658\" src=\"https:\/\/www.youtube.com\/embed\/Ozuiq33HZF8?feature=oembed\" frameborder=\"0\" allow=\"accelerometer; autoplay; clipboard-write; encrypted-media; gyroscope; picture-in-picture; web-share\" allowfullscreen title=\"No 2\u00ba Turno do CA, o N\u00facleo da ADCAP RJ apoia T\u00e2nia Munari - 44\"><\/iframe><\/p>\n<p><iframe loading=\"lazy\" width=\"1170\" height=\"658\" src=\"https:\/\/www.youtube.com\/embed\/-YmQM3QbOic?feature=oembed\" frameborder=\"0\" allow=\"accelerometer; autoplay; clipboard-write; encrypted-media; gyroscope; picture-in-picture; web-share\" allowfullscreen title=\"O N\u00facleo da ADCAP SPM apoiando T\u00e2nia Munari - 44 no 2\u00ba turno do CA\"><\/iframe><\/p>\n<p><iframe loading=\"lazy\" width=\"1170\" height=\"658\" src=\"https:\/\/www.youtube.com\/embed\/Ouv41uYRpgo?feature=oembed\" frameborder=\"0\" allow=\"accelerometer; autoplay; clipboard-write; encrypted-media; gyroscope; picture-in-picture; web-share\" allowfullscreen title=\"Elei\u00e7\u00f5es 2\u00ba Turno do CA - Uma mensagem do Presidente da ADCAP.\"><\/iframe><\/p>\n","protected":false},"excerpt":{"rendered":"<p>Apoiadores da T\u00e2nia<\/p>\n","protected":false},"author":1,"featured_media":0,"parent":0,"menu_order":0,"comment_status":"closed","ping_status":"closed","template":"","meta":{"_editorskit_title_hidden":false,"_editorskit_reading_time":0,"_editorskit_is_block_options_detached":false,"_editorskit_block_options_position":"{}","footnotes":""},"aioseo_notices":[],"_links":{"self":[{"href":"https:\/\/adcap.org.br\/index.php\/wp-json\/wp\/v2\/pages\/17982"}],"collection":[{"href":"https:\/\/adcap.org.br\/index.php\/wp-json\/wp\/v2\/pages"}],"about":[{"href":"https:\/\/adcap.org.br\/index.php\/wp-json\/wp\/v2\/types\/page"}],"author":[{"embeddable":true,"href":"https:\/\/adcap.org.br\/index.php\/wp-json\/wp\/v2\/users\/1"}],"replies":[{"embeddable":true,"href":"https:\/\/adcap.org.br\/index.php\/wp-json\/wp\/v2\/comments?post=17982"}],"version-history":[{"count":0,"href":"https:\/\/adcap.org.br\/index.php\/wp-json\/wp\/v2\/pages\/17982\/revisions"}],"wp:attachment":[{"href":"https:\/\/adcap.org.br\/index.php\/wp-json\/wp\/v2\/media?parent=17982"}],"curies":[{"name":"wp","href":"https:\/\/api.w.org\/{rel}","templated":true}]}}