{"id":16241,"date":"2021-09-24T18:42:18","date_gmt":"2021-09-24T18:42:18","guid":{"rendered":"https:\/\/adcap.org.br\/?page_id=16241"},"modified":"2025-08-08T20:13:53","modified_gmt":"2025-08-08T20:13:53","slug":"pagseguro","status":"publish","type":"page","link":"https:\/\/adcap.org.br\/index.php\/pagseguro\/","title":{"rendered":"PagSeguro"},"content":{"rendered":"<h1 style=\"font-weight: 400; text-align: center;\"><strong><span style=\"color: #000000;\">PAGAMENTO DE MENSALIDADE DA ADCAP PELOS ASSOCIADOS APOSENTADOS<\/span><\/strong><\/h1>\n<h4 style=\"font-weight: 400; text-align: center;\"><\/h4>\n<p style=\"font-weight: 400;\">A ADCAP firmou uma parceria com a\u00a0<strong>PagSeguros<\/strong>, para que o pagamento da mensalidade seja realizado por essa plataforma, via cart\u00e3o de cr\u00e9dito do associado.<\/p>\n<p style=\"font-weight: 400;\">Portanto, solicitamos aos associados aposentados, que fa\u00e7am o cadastramento da sua mensalidade por meio do passo a passo abaixo:<\/p>\n<ol style=\"font-weight: 400;\">\n<li>Clique no link: <strong><span style=\"color: #0000ff;\"><a style=\"color: #0000ff;\" href=\"https:\/\/associado.adcap.org.br\/app\/#\/\">https:\/\/associado.adcap.org.br\/app\/#\/<\/a><\/span><\/strong><\/li>\n<li>Clicar em Primeiro Acesso, caso ainda n\u00e3o tenha criado senha em nosso Portal<\/li>\n<li>Clicar na op\u00e7\u00e3o: Pagamento Cart\u00e3o<\/li>\n<li>Preencha o campo com o seu e-mail<\/li>\n<li>Comprar sem cadastro e AVAN\u00c7AR<\/li>\n<li>CEP<\/li>\n<li>N\u00famero da rua<\/li>\n<li>Complemento<\/li>\n<li>Dados do cart\u00e3o de cr\u00e9dito<\/li>\n<li>Confirmar pagamento e aguardar o processamento<\/li>\n<li>Preencher o campo da matr\u00edcula e enviar<\/li>\n<li>Aparecer\u00e1 um aviso com a informa\u00e7\u00e3o: Seus dados para pagamento da mensalidade foram cadastrados com sucesso via PagSeguro<\/li>\n<\/ol>\n<p style=\"font-weight: 400;\"><strong>Qualquer d\u00favida entrar em contato pelo <span style=\"color: #0000ff;\"><a style=\"color: #0000ff;\" href=\"mailto:mensalidade@adcap.org.br\">mensalidade@adcap.org.br<\/a><\/span> ou 61 3327 3109.<\/strong><\/p>\n<p>&nbsp;<\/p>\n<p style=\"font-weight: 400; text-align: right;\"><strong>Dire\u00e7\u00e3o Nacional da ADCAP.<\/strong><\/p>\n","protected":false},"excerpt":{"rendered":"<p>PAGAMENTO DE MENSALIDADE DA ADCAP PELOS ASSOCIADOS APOSENTADOS A ADCAP firmou uma parceria com a\u00a0PagSeguros, para que o pagamento da mensalidade seja realizado por essa plataforma, via cart\u00e3o de cr\u00e9dito&hellip;<\/p>\n","protected":false},"author":1,"featured_media":0,"parent":0,"menu_order":0,"comment_status":"closed","ping_status":"closed","template":"","meta":{"_editorskit_title_hidden":false,"_editorskit_reading_time":0,"_editorskit_is_block_options_detached":false,"_editorskit_block_options_position":"{}","footnotes":""},"aioseo_notices":[],"_links":{"self":[{"href":"https:\/\/adcap.org.br\/index.php\/wp-json\/wp\/v2\/pages\/16241"}],"collection":[{"href":"https:\/\/adcap.org.br\/index.php\/wp-json\/wp\/v2\/pages"}],"about":[{"href":"https:\/\/adcap.org.br\/index.php\/wp-json\/wp\/v2\/types\/page"}],"author":[{"embeddable":true,"href":"https:\/\/adcap.org.br\/index.php\/wp-json\/wp\/v2\/users\/1"}],"replies":[{"embeddable":true,"href":"https:\/\/adcap.org.br\/index.php\/wp-json\/wp\/v2\/comments?post=16241"}],"version-history":[{"count":4,"href":"https:\/\/adcap.org.br\/index.php\/wp-json\/wp\/v2\/pages\/16241\/revisions"}],"predecessor-version":[{"id":20393,"href":"https:\/\/adcap.org.br\/index.php\/wp-json\/wp\/v2\/pages\/16241\/revisions\/20393"}],"wp:attachment":[{"href":"https:\/\/adcap.org.br\/index.php\/wp-json\/wp\/v2\/media?parent=16241"}],"curies":[{"name":"wp","href":"https:\/\/api.w.org\/{rel}","templated":true}]}}