{"id":15397,"date":"2021-03-19T18:46:14","date_gmt":"2021-03-19T18:46:14","guid":{"rendered":"https:\/\/adcap.org.br\/?page_id=15397"},"modified":"2021-07-15T17:51:32","modified_gmt":"2021-07-15T17:51:32","slug":"central-de-mocoes","status":"publish","type":"page","link":"https:\/\/adcap.org.br\/index.php\/central-de-mocoes\/","title":{"rendered":"Central de Mo\u00e7\u00f5es"},"content":{"rendered":"<h1 align=\"center\"><b>CENTRAL DAS MO\u00c7\u00d5ES<u><\/u><u><\/u><\/b><\/h1>\n<p align=\"center\"><b>Campanha Todos Pelos Correios<\/b><b><u><\/u><u><\/u><\/b><\/p>\n<p style=\"text-align: justify;\">Os Correios sempre tiveram um papel importante para o Pa\u00eds. N\u00e3o vamos deixar que o entreguem a quem n\u00e3o entende sua import\u00e2ncia. A hora \u00e9 de mostrarmos o valor social e econ\u00f4mico dos servi\u00e7os dos Correios para os brasileiros e afastar de vez essa ideia de vender um patrim\u00f4nio que \u00e9 de todos.<u><\/u><u><\/u><\/p>\n<p style=\"text-align: justify;\">Entendemos que\u00a0a mo\u00e7\u00e3o de apoio contra a pretens\u00e3o de privatizar os Correios\u00a0\u00e9 uma a\u00e7\u00e3o simples, mas que junto com diversas outras que v\u00eam sendo empreendidas pela ADCAP e por outros colegas, ajudam muito nessa luta. Contamos com todos nesta a\u00e7\u00e3o das mo\u00e7\u00f5es.\u00a0<u><\/u><u><\/u>Vamos todos pelos Correios!<\/p>\n<p>&nbsp;<\/p>\n<p><strong><a href=\"https:\/\/adcap.org.br\/wp-content\/uploads\/Modelo-de-Mocao-Correios-2021.pdf\">Modelo de Mo\u00e7\u00e3o Correios 2021<\/a><\/strong><\/p>\n<p><strong><a href=\"https:\/\/adcap.org.br\/wp-content\/uploads\/Minuta-Passo-a-Passo-para-aprovacao-de-Mocao-em-Municipio-1.pdf\">Minuta Passo a Passo para aprova\u00e7\u00e3o de Mo\u00e7\u00e3o em Munic\u00edpio<\/a><\/strong><\/p>\n<p><strong><a href=\"https:\/\/adcap.org.br\/wp-content\/uploads\/Mocao-Correios-Justificativas.pdf\">Mo\u00e7\u00e3o Correios &#8211; Justificativas<\/a><\/strong><\/p>\n<p><a href=\"https:\/\/adcap.org.br\/wp-content\/uploads\/CT-062-Modelo-proposto-aos-Presidentes-de-Camara.pdf\"><strong>Modelo proposto aos Presidentes de C\u00e2mara<\/strong><\/a><\/p>\n<p><a href=\"https:\/\/adcap.org.br\/wp-content\/uploads\/CT-064-Correspondencias-aos-Gestores-de-Agencias.pdf\"><strong>Correspond\u00eancias aos Gestores de Ag\u00eancias<\/strong><\/a><\/p>\n","protected":false},"excerpt":{"rendered":"<p>CENTRAL DAS MO\u00c7\u00d5ES Campanha Todos Pelos Correios Os Correios sempre tiveram um papel importante para o Pa\u00eds. N\u00e3o vamos deixar que o entreguem a quem n\u00e3o entende sua import\u00e2ncia. A&hellip;<\/p>\n","protected":false},"author":1,"featured_media":0,"parent":0,"menu_order":0,"comment_status":"closed","ping_status":"closed","template":"","meta":{"_editorskit_title_hidden":false,"_editorskit_reading_time":0,"_editorskit_is_block_options_detached":false,"_editorskit_block_options_position":"{}","footnotes":""},"aioseo_notices":[],"_links":{"self":[{"href":"https:\/\/adcap.org.br\/index.php\/wp-json\/wp\/v2\/pages\/15397"}],"collection":[{"href":"https:\/\/adcap.org.br\/index.php\/wp-json\/wp\/v2\/pages"}],"about":[{"href":"https:\/\/adcap.org.br\/index.php\/wp-json\/wp\/v2\/types\/page"}],"author":[{"embeddable":true,"href":"https:\/\/adcap.org.br\/index.php\/wp-json\/wp\/v2\/users\/1"}],"replies":[{"embeddable":true,"href":"https:\/\/adcap.org.br\/index.php\/wp-json\/wp\/v2\/comments?post=15397"}],"version-history":[{"count":0,"href":"https:\/\/adcap.org.br\/index.php\/wp-json\/wp\/v2\/pages\/15397\/revisions"}],"wp:attachment":[{"href":"https:\/\/adcap.org.br\/index.php\/wp-json\/wp\/v2\/media?parent=15397"}],"curies":[{"name":"wp","href":"https:\/\/api.w.org\/{rel}","templated":true}]}}