{"id":149,"date":"2014-07-07T21:48:55","date_gmt":"2014-07-07T21:48:55","guid":{"rendered":"http:\/\/diary.code-125.com\/?page_id=149"},"modified":"2025-02-24T15:08:28","modified_gmt":"2025-02-24T15:08:28","slug":"contact","status":"publish","type":"page","link":"https:\/\/adcap.org.br\/index.php\/contact\/","title":{"rendered":"Fale Conosco"},"content":{"rendered":"[vc_row][vc_column][vc_column_text]<strong>Entre em contato com a ADCAP e envie sua mensagem, d\u00favida ou reclama\u00e7\u00e3o por este canal de comunica\u00e7\u00e3o.<\/strong><\/p>\n<p style=\"text-align: justify;\"><strong>Telefone: <span style=\"color: #0000ff;\">+55 61 3327-3109<\/span>\u00a0 \u00a0 \/\u00a0 <span style=\"color: #0000ff;\">\u00a00800 600 3650<\/span><\/strong><br \/>\n<strong>Endere\u00e7o: <span style=\"color: #0000ff;\">SCN Quadra 01 \u2013 Bloco E, Edif\u00edcio Central Park, 1901\/1913 &#8211; Bras\u00edlia-DF &#8211; CEP: 70711-903<\/span><\/strong><\/p>\n<p><strong>E-mails para tratar na ADCAP Nacional sobre:\u00a0<\/strong><\/p>\n<p><strong>Assuntos Gerais: <span style=\"color: #0000ff;\"><a style=\"color: #0000ff;\" href=\"mailto:contatoadcap@adcap.org.br\">contatoadcap@adcap.org.br<\/a><\/span><\/strong><br \/>\n<strong>Mensalidade da ADCAP: <span style=\"color: #0000ff;\"><a style=\"color: #0000ff;\" href=\"mailto:mensalidade@adcap.org.br\">mensalidade@adcap.org.br<\/a><\/span><\/strong><br \/>\n<strong>Setor de Cadastro e filia\u00e7\u00e3o: <span style=\"color: #0000ff;\"><a style=\"color: #0000ff;\" href=\"mailto:cadastro@adcap.org.br\">cadastro@adcap.org.br<\/a><\/span><\/strong><br \/>\n<strong>Jur\u00eddico Geral: <span style=\"color: #0000ff;\"><a style=\"color: #0000ff;\" href=\"mailto:apoiojuridico@adcap.org.br\">apoiojuridico@adcap.org.br<\/a><\/span><\/strong><br \/>\n<strong>A\u00e7\u00e3o do Imposto de Renda:\u00a0<span style=\"color: #0000ff;\"><a style=\"color: #0000ff;\" href=\"mailto:apoioimpostoderenda@adcap.org.br\">apoioimpostoderenda@adcap.org.br<\/a><\/span><\/strong><br \/>\n<strong>A\u00e7\u00e3o do Vale Alimenta\u00e7\u00e3o: <span style=\"color: #0000ff;\"><a style=\"color: #0000ff;\" href=\"mailto:valealimentacao@adcap.org.br\">valealimentacao@adcap.org.br<\/a> \u00a0<\/span><\/strong><br \/>\n<strong>Postal Sa\u00fade: <span style=\"color: #0000ff;\"><a style=\"color: #0000ff;\" href=\"mailto:suasaude@adcap.org.br\">suasaude@adcap.org.br<\/a><\/span><\/strong><br \/>\n<strong>Grupo 1712: <span style=\"color: #0000ff;\"><a style=\"color: #0000ff;\" href=\"mailto:1712@adcap.org.br\">1712@adcap.org.br<\/a><\/span><\/strong><br \/>\n<strong>Rela\u00e7\u00f5es de Trabalho com os Correios: <a href=\"mailto:relacoestrabalho@adcap.org.br\"><span style=\"color: #0000ff;\">relacoestrabalho@adcap.org.br<\/span><\/a><br \/>\n<\/strong><strong>A\u00e7\u00e3o Perda\/Redu\u00e7\u00e3o de Fun\u00e7\u00e3o: <span style=\"color: #0000ff;\"><a style=\"color: #0000ff;\" href=\"mailto:fat@adcap.org.br\">fat@adcap.org.br<\/a><\/span> ;<span style=\"color: #0000ff;\"><a style=\"color: #0000ff;\" href=\"mailto:adcapperdafuncao@adcap.org.br\">adcapperdafuncao@adcap.org.br<\/a><\/span><\/strong>; \u00a0<strong><span style=\"color: #0000ff;\"><a style=\"color: #0000ff;\" href=\"mailto:adcapreducaofuncao@adcap.org.br\">adcapreducaofuncao@adcap.org.br<\/a><\/span><\/strong><br \/>\n<strong>ADCAP Benef\u00edcios:<span style=\"color: #0000ff;\"> <a style=\"color: #0000ff;\" href=\"mailto:adcapbeneficios@adcap.org.br\">adcapbeneficios@adcap.org.br<\/a><\/span><\/strong>[\/vc_column_text][\/vc_column][\/vc_row]\n","protected":false},"excerpt":{"rendered":"<p>[vc_row][vc_column][vc_column_text]Entre em contato com a ADCAP e envie sua mensagem, d\u00favida ou reclama\u00e7\u00e3o por este canal de comunica\u00e7\u00e3o. Telefone: +55 61 3327-3109\u00a0 \u00a0 \/\u00a0 \u00a00800 600 3650 Endere\u00e7o: SCN Quadra&hellip;<\/p>\n","protected":false},"author":1,"featured_media":0,"parent":0,"menu_order":0,"comment_status":"closed","ping_status":"closed","template":"","meta":{"_editorskit_title_hidden":false,"_editorskit_reading_time":0,"_editorskit_is_block_options_detached":false,"_editorskit_block_options_position":"{}","footnotes":""},"aioseo_notices":[],"_links":{"self":[{"href":"https:\/\/adcap.org.br\/index.php\/wp-json\/wp\/v2\/pages\/149"}],"collection":[{"href":"https:\/\/adcap.org.br\/index.php\/wp-json\/wp\/v2\/pages"}],"about":[{"href":"https:\/\/adcap.org.br\/index.php\/wp-json\/wp\/v2\/types\/page"}],"author":[{"embeddable":true,"href":"https:\/\/adcap.org.br\/index.php\/wp-json\/wp\/v2\/users\/1"}],"replies":[{"embeddable":true,"href":"https:\/\/adcap.org.br\/index.php\/wp-json\/wp\/v2\/comments?post=149"}],"version-history":[{"count":0,"href":"https:\/\/adcap.org.br\/index.php\/wp-json\/wp\/v2\/pages\/149\/revisions"}],"wp:attachment":[{"href":"https:\/\/adcap.org.br\/index.php\/wp-json\/wp\/v2\/media?parent=149"}],"curies":[{"name":"wp","href":"https:\/\/api.w.org\/{rel}","templated":true}]}}