{"id":12876,"date":"2019-09-30T20:19:13","date_gmt":"2019-09-30T20:19:13","guid":{"rendered":"http:\/\/www.adcap.org.br\/?page_id=12876"},"modified":"2023-07-24T15:02:05","modified_gmt":"2023-07-24T15:02:05","slug":"codigo-de-etica","status":"publish","type":"page","link":"https:\/\/adcap.org.br\/index.php\/institucional\/codigo-de-etica\/","title":{"rendered":"C\u00f3digo de \u00c9tica"},"content":{"rendered":"[vc_row][vc_column][vc_btn title=&#8221;Clique Aqui para baixar o C\u00f3digo de \u00c9tica&#8221; style=&#8221;flat&#8221; color=&#8221;green&#8221; i_icon_fontawesome=&#8221;fa fa-cloud-download&#8221; add_icon=&#8221;true&#8221; link=&#8221;url:https%3A%2F%2Fadcap.org.br%2Fwp-content%2Fuploads%2F1-CODIGO-DE-ETICA-ASSOCIADOS-aprovados-no-CN-09042006-vigente-registrado.pdf|title:Estatuto|target:%20_blank|&#8221;][\/vc_column][\/vc_row]\n","protected":false},"excerpt":{"rendered":"<p>[vc_row][vc_column][vc_btn title=&#8221;Clique Aqui para baixar o C\u00f3digo de \u00c9tica&#8221; style=&#8221;flat&#8221; color=&#8221;green&#8221; i_icon_fontawesome=&#8221;fa fa-cloud-download&#8221; add_icon=&#8221;true&#8221; link=&#8221;url:https%3A%2F%2Fadcap.org.br%2Fwp-content%2Fuploads%2F1-CODIGO-DE-ETICA-ASSOCIADOS-aprovados-no-CN-09042006-vigente-registrado.pdf|title:Estatuto|target:%20_blank|&#8221;][\/vc_column][\/vc_row]<\/p>\n","protected":false},"author":1,"featured_media":0,"parent":938,"menu_order":0,"comment_status":"closed","ping_status":"closed","template":"","meta":{"_editorskit_title_hidden":false,"_editorskit_reading_time":0,"_editorskit_is_block_options_detached":false,"_editorskit_block_options_position":"{}","footnotes":""},"aioseo_notices":[],"_links":{"self":[{"href":"https:\/\/adcap.org.br\/index.php\/wp-json\/wp\/v2\/pages\/12876"}],"collection":[{"href":"https:\/\/adcap.org.br\/index.php\/wp-json\/wp\/v2\/pages"}],"about":[{"href":"https:\/\/adcap.org.br\/index.php\/wp-json\/wp\/v2\/types\/page"}],"author":[{"embeddable":true,"href":"https:\/\/adcap.org.br\/index.php\/wp-json\/wp\/v2\/users\/1"}],"replies":[{"embeddable":true,"href":"https:\/\/adcap.org.br\/index.php\/wp-json\/wp\/v2\/comments?post=12876"}],"version-history":[{"count":0,"href":"https:\/\/adcap.org.br\/index.php\/wp-json\/wp\/v2\/pages\/12876\/revisions"}],"up":[{"embeddable":true,"href":"https:\/\/adcap.org.br\/index.php\/wp-json\/wp\/v2\/pages\/938"}],"wp:attachment":[{"href":"https:\/\/adcap.org.br\/index.php\/wp-json\/wp\/v2\/media?parent=12876"}],"curies":[{"name":"wp","href":"https:\/\/api.w.org\/{rel}","templated":true}]}}