{"id":11941,"date":"2019-04-04T02:08:07","date_gmt":"2019-04-04T02:08:07","guid":{"rendered":"http:\/\/www.adcap.org.br\/?page_id=11941"},"modified":"2019-04-04T02:08:07","modified_gmt":"2019-04-04T02:08:07","slug":"luiz-alberto-menezes-barreto","status":"publish","type":"page","link":"https:\/\/adcap.org.br\/index.php\/luiz-alberto-menezes-barreto\/","title":{"rendered":"LUIZ ALBERTO MENEZES BARRETO"},"content":{"rendered":"<p style=\"text-align: justify;\"><b>LUIZ ALBERTO MENEZES BARRETO<\/b><\/p>\n<p style=\"text-align: justify;\"><b>Diretor de Rela\u00e7\u00f5es Externas<\/b><\/p>\n<p style=\"text-align: justify;\"><span style=\"font-weight: 400;\">Sergipano, \u00e9 formado em Ci\u00eancias Cont\u00e1beis com especializa\u00e7\u00e3o em Administra\u00e7\u00e3o Financeira. Estudou Filosofia, Economia e Comunica\u00e7\u00e3o Social. &#8211; Atuando na ECT h\u00e1 18 anos. Ocupou as fun\u00e7\u00f5es de Coordenador de Atendimento, Chefe da Se\u00e7\u00e3o Administrativa da Ger\u00eancia de Maiores Ag\u00eancias, em BH, Gerente do CTCE de Uberl\u00e2ndia, Gerente de primeiro turno do CTE-BH, Gerente da Ggran\/Gccap-CTC-BH, Reven de Uberaba, de Uberl\u00e2ndia e de Belo Horizonte. Volunt\u00e1rio, coordenou, por tr\u00eas anos, a Campanha do Papai Noel dos Correios, em Minas Gerais. Foi presidente da ADCAP Minas, Presidente e Diretor de Comunica\u00e7\u00e3o da ADCAP Nacional. <\/span><a href=\"mailto:luiz-menezes@uol.com.br\"><span style=\"font-weight: 400;\">luiz-menezes@uol.com.br<\/span><\/a><\/p>\n","protected":false},"excerpt":{"rendered":"<p>LUIZ ALBERTO MENEZES BARRETO Diretor de Rela\u00e7\u00f5es Externas Sergipano, \u00e9 formado em Ci\u00eancias Cont\u00e1beis com especializa\u00e7\u00e3o em Administra\u00e7\u00e3o Financeira. Estudou Filosofia, Economia e Comunica\u00e7\u00e3o Social. &#8211; Atuando na ECT h\u00e1&hellip;<\/p>\n","protected":false},"author":1,"featured_media":0,"parent":0,"menu_order":0,"comment_status":"closed","ping_status":"closed","template":"","meta":{"_editorskit_title_hidden":false,"_editorskit_reading_time":0,"_editorskit_is_block_options_detached":false,"_editorskit_block_options_position":"{}","footnotes":""},"aioseo_notices":[],"_links":{"self":[{"href":"https:\/\/adcap.org.br\/index.php\/wp-json\/wp\/v2\/pages\/11941"}],"collection":[{"href":"https:\/\/adcap.org.br\/index.php\/wp-json\/wp\/v2\/pages"}],"about":[{"href":"https:\/\/adcap.org.br\/index.php\/wp-json\/wp\/v2\/types\/page"}],"author":[{"embeddable":true,"href":"https:\/\/adcap.org.br\/index.php\/wp-json\/wp\/v2\/users\/1"}],"replies":[{"embeddable":true,"href":"https:\/\/adcap.org.br\/index.php\/wp-json\/wp\/v2\/comments?post=11941"}],"version-history":[{"count":0,"href":"https:\/\/adcap.org.br\/index.php\/wp-json\/wp\/v2\/pages\/11941\/revisions"}],"wp:attachment":[{"href":"https:\/\/adcap.org.br\/index.php\/wp-json\/wp\/v2\/media?parent=11941"}],"curies":[{"name":"wp","href":"https:\/\/api.w.org\/{rel}","templated":true}]}}