{"id":11931,"date":"2019-04-04T01:59:31","date_gmt":"2019-04-04T01:59:31","guid":{"rendered":"http:\/\/www.adcap.org.br\/?page_id=11931"},"modified":"2019-04-04T01:59:31","modified_gmt":"2019-04-04T01:59:31","slug":"maria-laurencia-santos-mendonca","status":"publish","type":"page","link":"https:\/\/adcap.org.br\/index.php\/maria-laurencia-santos-mendonca\/","title":{"rendered":"MARIA LAUR\u00caNCIA SANTOS MENDON\u00c7A"},"content":{"rendered":"<p style=\"text-align: justify;\"><b>MARIA LAUR\u00caNCIA SANTOS MENDON\u00c7A<\/b><\/p>\n<p style=\"text-align: justify;\"><b>Diretora de Comunica\u00e7\u00e3o<\/b><\/p>\n<p style=\"text-align: justify;\"><span style=\"font-weight: 400;\">Graduada em Geografia-Lic.Plena, no CEUB\/DF e P\u00f3s-Graduada em Gest\u00e3o da Educa\u00e7\u00e3o, na AEUDF.\u00a0 Trabalhou nos Correios, onde aposentou como Analista de Correios Pleno. Atuou na empresa, em seu maior tempo, na \u00e1rea de\u00a0RH, hoje, Gest\u00e3o de Pessoas, ocupando fun\u00e7\u00f5es de Monitor de Treinamento e Chefe de Se\u00e7\u00e3o, na GEREC \u2013 DR\/Bras\u00edlia. Na Administra\u00e7\u00e3o Central, atuou na ESAP, como Coord. Administrativo. \u00a0Posteriormente, atuou no ent\u00e3o Depart. de Trein. e Desenvolvimento, como Chefe de Divis\u00e3o de Desenvolvimento Gerencial e, finalmente, em seus \u00faltimos 12 anos na empresa, atuou no ent\u00e3o Departamento de Comunica\u00e7\u00e3o Estrat\u00e9gica, como Chefe de Divis\u00e3o de Propaganda e Publicidade. Na ADCAP, foi Secret\u00e1ria Geral por duas gest\u00f5es e, atualmente, \u00e9 Diretora de Comunica\u00e7\u00e3o. <\/span><a href=\"mailto:laurencia@uol.com.br\"><span style=\"font-weight: 400;\">laurencia@uol.com.br<\/span><\/a><\/p>\n","protected":false},"excerpt":{"rendered":"<p>MARIA LAUR\u00caNCIA SANTOS MENDON\u00c7A Diretora de Comunica\u00e7\u00e3o Graduada em Geografia-Lic.Plena, no CEUB\/DF e P\u00f3s-Graduada em Gest\u00e3o da Educa\u00e7\u00e3o, na AEUDF.\u00a0 Trabalhou nos Correios, onde aposentou como Analista de Correios Pleno.&hellip;<\/p>\n","protected":false},"author":1,"featured_media":0,"parent":0,"menu_order":0,"comment_status":"closed","ping_status":"closed","template":"","meta":{"_editorskit_title_hidden":false,"_editorskit_reading_time":0,"_editorskit_is_block_options_detached":false,"_editorskit_block_options_position":"{}","footnotes":""},"aioseo_notices":[],"_links":{"self":[{"href":"https:\/\/adcap.org.br\/index.php\/wp-json\/wp\/v2\/pages\/11931"}],"collection":[{"href":"https:\/\/adcap.org.br\/index.php\/wp-json\/wp\/v2\/pages"}],"about":[{"href":"https:\/\/adcap.org.br\/index.php\/wp-json\/wp\/v2\/types\/page"}],"author":[{"embeddable":true,"href":"https:\/\/adcap.org.br\/index.php\/wp-json\/wp\/v2\/users\/1"}],"replies":[{"embeddable":true,"href":"https:\/\/adcap.org.br\/index.php\/wp-json\/wp\/v2\/comments?post=11931"}],"version-history":[{"count":0,"href":"https:\/\/adcap.org.br\/index.php\/wp-json\/wp\/v2\/pages\/11931\/revisions"}],"wp:attachment":[{"href":"https:\/\/adcap.org.br\/index.php\/wp-json\/wp\/v2\/media?parent=11931"}],"curies":[{"name":"wp","href":"https:\/\/api.w.org\/{rel}","templated":true}]}}