{"id":11921,"date":"2019-04-04T01:53:23","date_gmt":"2019-04-04T01:53:23","guid":{"rendered":"http:\/\/www.adcap.org.br\/?page_id=11921"},"modified":"2019-04-04T01:53:23","modified_gmt":"2019-04-04T01:53:23","slug":"mauricio-fortes-garcia-lorenzo-2","status":"publish","type":"page","link":"https:\/\/adcap.org.br\/index.php\/mauricio-fortes-garcia-lorenzo-2\/","title":{"rendered":"MAUR\u00cdCIO FORTES GARCIA LORENZO"},"content":{"rendered":"<p style=\"text-align: justify;\"><b>MAUR\u00cdCIO FORTES GARCIA LORENZO<\/b><\/p>\n<p style=\"text-align: justify;\"><b>Secret\u00e1rio-Geral<\/b><\/p>\n<p style=\"text-align: justify;\"><span style=\"font-weight: 400;\">Analista de Correios S\u00eanior, ingressou na ECT em 1985 como bolsista. Mestre e Especialista em Administra\u00e7\u00e3o pela UFBA, tem MBA em Previd\u00eancia Complementar pela FGV, gradua\u00e7\u00e3o em Administra\u00e7\u00e3o pela UPIS e em Administra\u00e7\u00e3o Postal pela ESAP. Exerceu diversas fun\u00e7\u00f5es gerenciais e t\u00e9cnicas na Administra\u00e7\u00e3o Central e na Diretoria Regional da Bahia. Atua h\u00e1 mais de 30 anos na Adcap. Foi presidente da Diretoria Executiva e do Conselho Fiscal do N\u00facleo Regional da Bahia. Na Diretoria Executiva Nacional, foi Diretor de Comunica\u00e7\u00e3o, Diretor de Rela\u00e7\u00f5es Externas e atualmente \u00e9 Secret\u00e1rio-Geral. <\/span><a href=\"mailto:mauriciolorenzo@adcap.org.br\"><span style=\"font-weight: 400;\">mauriciolorenzo@adcap.org.br<\/span><\/a><\/p>\n","protected":false},"excerpt":{"rendered":"<p>MAUR\u00cdCIO FORTES GARCIA LORENZO Secret\u00e1rio-Geral Analista de Correios S\u00eanior, ingressou na ECT em 1985 como bolsista. Mestre e Especialista em Administra\u00e7\u00e3o pela UFBA, tem MBA em Previd\u00eancia Complementar pela FGV,&hellip;<\/p>\n","protected":false},"author":1,"featured_media":0,"parent":0,"menu_order":0,"comment_status":"closed","ping_status":"closed","template":"","meta":{"_editorskit_title_hidden":false,"_editorskit_reading_time":0,"_editorskit_is_block_options_detached":false,"_editorskit_block_options_position":"{}","footnotes":""},"aioseo_notices":[],"_links":{"self":[{"href":"https:\/\/adcap.org.br\/index.php\/wp-json\/wp\/v2\/pages\/11921"}],"collection":[{"href":"https:\/\/adcap.org.br\/index.php\/wp-json\/wp\/v2\/pages"}],"about":[{"href":"https:\/\/adcap.org.br\/index.php\/wp-json\/wp\/v2\/types\/page"}],"author":[{"embeddable":true,"href":"https:\/\/adcap.org.br\/index.php\/wp-json\/wp\/v2\/users\/1"}],"replies":[{"embeddable":true,"href":"https:\/\/adcap.org.br\/index.php\/wp-json\/wp\/v2\/comments?post=11921"}],"version-history":[{"count":0,"href":"https:\/\/adcap.org.br\/index.php\/wp-json\/wp\/v2\/pages\/11921\/revisions"}],"wp:attachment":[{"href":"https:\/\/adcap.org.br\/index.php\/wp-json\/wp\/v2\/media?parent=11921"}],"curies":[{"name":"wp","href":"https:\/\/api.w.org\/{rel}","templated":true}]}}