{"id":11912,"date":"2019-04-04T01:47:23","date_gmt":"2019-04-04T01:47:23","guid":{"rendered":"http:\/\/www.adcap.org.br\/?page_id=11912"},"modified":"2019-04-04T01:47:23","modified_gmt":"2019-04-04T01:47:23","slug":"maria-ines-capelli-fulginiti-2","status":"publish","type":"page","link":"https:\/\/adcap.org.br\/index.php\/maria-ines-capelli-fulginiti-2\/","title":{"rendered":"MARIA INES CAPELLI FULGINITI"},"content":{"rendered":"<p style=\"text-align: justify;\"><b>MARIA INES CAPELLI FULGINITI<\/b><\/p>\n<p style=\"text-align: justify;\"><b>Presidente<\/b><\/p>\n<p style=\"text-align: justify;\"><span style=\"font-weight: 400;\">Iniciei na CTPS como Auxiliar de Escrit\u00f3rio nos Correios, em 09\/06\/1978. Com muitos planos e sonhos optei em trabalhar nos Correios e ali construir minha carreira profissional.\u00a0Atrav\u00e9s dos Recrutamentos Internos pude evoluir na carreira: Auxiliar, Assistente e T\u00e9cnico Administrativo, Assistente T\u00e9cnico e, por fim,\u00a0Analista de Correios. Exerci fun\u00e7\u00f5es de Chefia de Se\u00e7\u00e3o\/Coordenadoria\/Subger\u00eancia, todas elas na \u00e1rea de RH e que me foram muito gratificantes,\u00a0com destaque para a\u00a0\u00e1rea de educa\u00e7\u00e3o. O ensinar me conduziu a aprender Correios e\u00a0a conviver com in\u00fameros e especiais colegas.\u00a0De 2008 a 2017 atuei na \u00e1rea comercial, quando aderi ao PDV.\u00a0Na ADCAP iniciei em 2005 como Presidente do NR\/RS (2 mandatos) e tamb\u00e9m\u00a0Vice-Presidente e Presidente da ADCAP Nacional. Para contato, deixo meu email: <\/span><a href=\"mailto:ines-capelli@hotmail.com\"><span style=\"font-weight: 400;\">ines-capelli@hotmail.com<\/span><\/a><\/p>\n","protected":false},"excerpt":{"rendered":"<p>MARIA INES CAPELLI FULGINITI Presidente Iniciei na CTPS como Auxiliar de Escrit\u00f3rio nos Correios, em 09\/06\/1978. Com muitos planos e sonhos optei em trabalhar nos Correios e ali construir minha&hellip;<\/p>\n","protected":false},"author":1,"featured_media":0,"parent":0,"menu_order":0,"comment_status":"closed","ping_status":"closed","template":"","meta":{"_editorskit_title_hidden":false,"_editorskit_reading_time":0,"_editorskit_is_block_options_detached":false,"_editorskit_block_options_position":"{}","footnotes":""},"aioseo_notices":[],"_links":{"self":[{"href":"https:\/\/adcap.org.br\/index.php\/wp-json\/wp\/v2\/pages\/11912"}],"collection":[{"href":"https:\/\/adcap.org.br\/index.php\/wp-json\/wp\/v2\/pages"}],"about":[{"href":"https:\/\/adcap.org.br\/index.php\/wp-json\/wp\/v2\/types\/page"}],"author":[{"embeddable":true,"href":"https:\/\/adcap.org.br\/index.php\/wp-json\/wp\/v2\/users\/1"}],"replies":[{"embeddable":true,"href":"https:\/\/adcap.org.br\/index.php\/wp-json\/wp\/v2\/comments?post=11912"}],"version-history":[{"count":0,"href":"https:\/\/adcap.org.br\/index.php\/wp-json\/wp\/v2\/pages\/11912\/revisions"}],"wp:attachment":[{"href":"https:\/\/adcap.org.br\/index.php\/wp-json\/wp\/v2\/media?parent=11912"}],"curies":[{"name":"wp","href":"https:\/\/api.w.org\/{rel}","templated":true}]}}