{"id":11893,"date":"2019-04-04T01:32:05","date_gmt":"2019-04-04T01:32:05","guid":{"rendered":"http:\/\/www.adcap.org.br\/?page_id=11893"},"modified":"2019-04-04T01:32:05","modified_gmt":"2019-04-04T01:32:05","slug":"milton-lucas-mendes","status":"publish","type":"page","link":"https:\/\/adcap.org.br\/index.php\/milton-lucas-mendes\/","title":{"rendered":"MILTON LUCAS MENDES\u00a0"},"content":{"rendered":"<p style=\"text-align: justify;\"><b>MILTON LUCAS MENDES\u00a0<\/b><\/p>\n<p style=\"text-align: justify;\"><span style=\"font-weight: 400;\">Aposentado dos Correios, ex &#8211; Analista de Correios S\u00eanior, com forma\u00e7\u00e3o em Ci\u00eancias Cont\u00e1beis, Ci\u00eancias Econ\u00f4micas e Administra\u00e7\u00e3o. Al\u00e9m disso, de tem Especializa\u00e7\u00e3o em Auditoria Externa e Interna, pela UNB\/Bras\u00edlia. Trabalhou nas Diretorias Regionais de Mato Grosso do Sul e de Rond\u00f4nia onde ocupou as seguintes fun\u00e7\u00f5es: Chefias de Setores (v\u00e1rios) Chefe de Se\u00e7\u00e3o de Contabilidade e Gerente Financeiro. Na Administra\u00e7\u00e3o Central \/ DF ocupou as seguintes fun\u00e7\u00f5es: \u00a0Auditor, Assessor de Chefe de Departamento, Chefe de Divis\u00e3o, Gerente de Projetos I, Gerente de Projetos\/Programa, Analista 10, Analista 11 e Gerente Corporativo, em diversos Departamentos. Na Adcap tamb\u00e9m desempenhou v\u00e1rias fun\u00e7\u00f5es de Diretoria (em diversas gest\u00f5es), sendo que atualmente \u00e9 Vice-Presidente do N\u00facleo Bras\u00edlia\/DF. <\/span><a href=\"mailto:mlucasmendes@gmail.com\"><span style=\"font-weight: 400;\">mlucasmendes@gmail.com<\/span><\/a><span style=\"font-weight: 400;\"> \u00a0<\/span><\/p>\n","protected":false},"excerpt":{"rendered":"<p>MILTON LUCAS MENDES\u00a0 Aposentado dos Correios, ex &#8211; Analista de Correios S\u00eanior, com forma\u00e7\u00e3o em Ci\u00eancias Cont\u00e1beis, Ci\u00eancias Econ\u00f4micas e Administra\u00e7\u00e3o. Al\u00e9m disso, de tem Especializa\u00e7\u00e3o em Auditoria Externa e&hellip;<\/p>\n","protected":false},"author":1,"featured_media":0,"parent":0,"menu_order":0,"comment_status":"closed","ping_status":"closed","template":"","meta":{"_editorskit_title_hidden":false,"_editorskit_reading_time":0,"_editorskit_is_block_options_detached":false,"_editorskit_block_options_position":"{}","footnotes":""},"aioseo_notices":[],"_links":{"self":[{"href":"https:\/\/adcap.org.br\/index.php\/wp-json\/wp\/v2\/pages\/11893"}],"collection":[{"href":"https:\/\/adcap.org.br\/index.php\/wp-json\/wp\/v2\/pages"}],"about":[{"href":"https:\/\/adcap.org.br\/index.php\/wp-json\/wp\/v2\/types\/page"}],"author":[{"embeddable":true,"href":"https:\/\/adcap.org.br\/index.php\/wp-json\/wp\/v2\/users\/1"}],"replies":[{"embeddable":true,"href":"https:\/\/adcap.org.br\/index.php\/wp-json\/wp\/v2\/comments?post=11893"}],"version-history":[{"count":0,"href":"https:\/\/adcap.org.br\/index.php\/wp-json\/wp\/v2\/pages\/11893\/revisions"}],"wp:attachment":[{"href":"https:\/\/adcap.org.br\/index.php\/wp-json\/wp\/v2\/media?parent=11893"}],"curies":[{"name":"wp","href":"https:\/\/api.w.org\/{rel}","templated":true}]}}