{"id":11873,"date":"2019-04-04T01:16:47","date_gmt":"2019-04-04T01:16:47","guid":{"rendered":"http:\/\/www.adcap.org.br\/?page_id=11873"},"modified":"2019-04-04T20:26:20","modified_gmt":"2019-04-04T20:26:20","slug":"conselho-fiscal","status":"publish","type":"page","link":"https:\/\/adcap.org.br\/index.php\/conselho-fiscal\/","title":{"rendered":"Conselho Fiscal"},"content":{"rendered":"[vc_row][\/vc_row][vc_row][vc_column width=&#8221;1\/3&#8243;][vc_btn title=&#8221;Chapa ADCAP &#8211; Juntos Por Voc\u00ea&#8221; color=&#8221;success&#8221; link=&#8221;url:http%3A%2F%2Fwww.adcap.org.br%2Findex.php%2Fchapa-1%2F|||&#8221;][\/vc_column][vc_column width=&#8221;1\/3&#8243;][vc_btn title=&#8221;Chapa Novos Rumos&#8221; color=&#8221;success&#8221; link=&#8221;url:http%3A%2F%2Fwww.adcap.org.br%2Findex.php%2Fchapa-2%2F|||&#8221;][\/vc_column][vc_column width=&#8221;1\/3&#8243;][vc_btn title=&#8221;Conselho Fiscal&#8221; color=&#8221;green&#8221; link=&#8221;url:http%3A%2F%2Fwww.adcap.org.br%2Findex.php%2Fconselho-fiscal%2F|||&#8221;][\/vc_column][\/vc_row][vc_row][vc_column][vc_separator][\/vc_column][\/vc_row][vc_row][vc_column][vc_column_text]\n<h1><strong>CONSELHO FISCAL<\/strong><\/h1>\n[\/vc_column_text][\/vc_column][\/vc_row][vc_row][vc_column][vc_empty_space height=&#8221;45px&#8221;][\/vc_column][\/vc_row][vc_row][vc_column width=&#8221;1\/6&#8243;][vc_single_image image=&#8221;11997&#8243; img_size=&#8221;full&#8221;][\/vc_column][vc_column width=&#8221;2\/3&#8243;][vc_column_text]\n<h3><strong>DILSON LEVI MADEIRA &#8211; BSB<\/strong><\/h3>\n<p>Analista de Correios Pleno, Administrador Postal e de Empresas\/UPIS, com Especializa\u00e7\u00e3o em Planejamento Estrat\u00e9gico, pelo IBMEC\/RJ. Trabalhou na Diretoria Regional do Rio Grande do Sul e ocupou os seguintes cargos: Carteiro e Operador de Transcri\u00e7\u00e3o de Dados.\u00a0 Tamb\u00e9m atuou na Diretoria Regional de S\u00e3o Paulo Metropolitana, na GEOPE, no cargo de Administrador Postal. Na Administra\u00e7\u00e3o Central, atuou no DINSP (Inspetor), no DECAM (Chefe de Divis\u00e3o e no DESUP\/CESUP (Assessor de Chefe de Departamento). Atualmente est\u00e1 lotado na GGER\/SECSC\/VIPAD (Analista), onde analisa as contas or\u00e7ament\u00e1rias e prop\u00f5e melhorias.\u00a0 Atuou como Gestor Funcional do M\u00f3dulo de Estoque e em diversos grupos de trabalho na \u00e1rea de or\u00e7amento. <a href=\"mailto:dilsonlevi.adcap@gmail.com\">dilsonlevi.adcap@gmail.com<\/a><\/p>\n[\/vc_column_text][\/vc_column][vc_column width=&#8221;1\/6&#8243;][\/vc_column][\/vc_row][vc_row][vc_column][vc_empty_space height=&#8221;45px&#8221;][\/vc_column][\/vc_row][vc_row][vc_column width=&#8221;1\/6&#8243;][vc_single_image image=&#8221;11996&#8243; img_size=&#8221;full&#8221;][\/vc_column][vc_column width=&#8221;2\/3&#8243;][vc_column_text]\n<h3><strong>GILBERTO MATOS &#8211; MG<\/strong><\/h3>\n<p>Sou Gilberto Matos Sobrinho, tenho 52 anos, sou formado em administra\u00e7\u00e3o e gest\u00e3o de neg\u00f3cios, trabalho nos Correios desde 1994 sendo que h\u00e1 21 anos ocupo fun\u00e7\u00e3o de gest\u00e3o. Sou tamb\u00e9m primeiro suplente do Conselho fiscal da Adcap Nacional e diretor de comunica\u00e7\u00e3o da Adcap Minas. Sou novamente candidato ao Conselho fiscal da Adcap Nacional, e minha proposta \u00e9: &#8211; Fiscalizar as a\u00e7\u00f5es financeiras da diretoria executiva; &#8211; Controlar a rela\u00e7\u00e3o entre gastos e or\u00e7amento aprovado; &#8211; Indicar possibilidades de redu\u00e7\u00e3o de custos observado nas an\u00e1lises; &#8211; fiscalizar os atos da diretoria executiva verificando o cumprimento dos deveres legais e estatut\u00e1rios; &#8211; emitir parecer sobre as contas e propostas or\u00e7ament\u00e1rias; &#8211; Zelar pela perenidade do patrim\u00f4nio da nossa associa\u00e7\u00e3o. Nas elei\u00e7\u00f5es para o conselho fiscal da Adcap Nacional vote: GILBERTO MATOS SOBRINHO &#8221; JUNTOS SOMOS MAIS FORTES. &#8221; <a href=\"mailto:gilmatos7@ig.com.br\">gilmatos7@ig.com.br<\/a>[\/vc_column_text][\/vc_column][vc_column width=&#8221;1\/6&#8243;][\/vc_column][\/vc_row][vc_row][vc_column][vc_empty_space height=&#8221;45px&#8221;][\/vc_column][\/vc_row][vc_row][vc_column width=&#8221;1\/6&#8243;][vc_single_image image=&#8221;11995&#8243; img_size=&#8221;full&#8221;][\/vc_column][vc_column width=&#8221;2\/3&#8243;][vc_column_text]\n<h3><strong>LUIZ TADEU DOS SANTOS &#8211; SPI<\/strong><\/h3>\n<p>Fun\u00e7\u00f5es\/cargos: admitido em 24.03.1986; carteiro; Executante Operacional; t\u00e9cnico Correios; Assistente Comercial; gerente AC; Coordenador atendimento e vendas; Gerente Regi\u00e3o Operacional e Gerente Regi\u00e3o Vendas; fora Correios: registro OAB\/SP; Registro Susep; membro Conselho Ciesp Presidente Prudente. Fui do Conselho Fiscal da ADCAP Nacional tri\u00eanio 2005\/2008. E membro CIESP\/FIESP. <a href=\"mailto:luiztadeusantos@adv.oabsp.org.br\">luiztadeusantos@adv.oabsp.org.br<\/a>[\/vc_column_text][\/vc_column][vc_column width=&#8221;1\/6&#8243;][\/vc_column][\/vc_row][vc_row][vc_column][vc_empty_space height=&#8221;45px&#8221;][\/vc_column][\/vc_row][vc_row][vc_column width=&#8221;1\/6&#8243;][vc_single_image image=&#8221;11994&#8243; img_size=&#8221;full&#8221;][\/vc_column][vc_column width=&#8221;2\/3&#8243;][vc_column_text]\n<h3><strong>MILTON LUCAS MENDES \u2013 BSB<\/strong><\/h3>\n<p>Aposentado dos Correios, ex &#8211; Analista de Correios S\u00eanior, com forma\u00e7\u00e3o em Ci\u00eancias Cont\u00e1beis, Ci\u00eancias Econ\u00f4micas e Administra\u00e7\u00e3o. Al\u00e9m disso, de tem Especializa\u00e7\u00e3o em Auditoria Externa e Interna, pela UNB\/Bras\u00edlia. Trabalhou nas Diretorias Regionais de Mato Grosso do Sul e de Rond\u00f4nia onde ocupou as seguintes fun\u00e7\u00f5es: Chefias de Setores (v\u00e1rios) Chefe de Se\u00e7\u00e3o de Contabilidade e Gerente Financeiro. Na Administra\u00e7\u00e3o Central \/ DF ocupou as seguintes fun\u00e7\u00f5es:\u00a0 Auditor, Assessor de Chefe de Departamento, Chefe de Divis\u00e3o, Gerente de Projetos I, Gerente de Projetos\/Programa, Analista 10, Analista 11 e Gerente Corporativo, em diversos Departamentos. Na Adcap tamb\u00e9m desempenhou v\u00e1rias fun\u00e7\u00f5es de Diretoria (em diversas gest\u00f5es), sendo que atualmente \u00e9 Vice-Presidente do N\u00facleo Bras\u00edlia\/DF. <a href=\"mailto:mlucasmendes@gmail.com\">mlucasmendes@gmail.com<\/a><\/p>\n[\/vc_column_text][\/vc_column][vc_column width=&#8221;1\/6&#8243;][\/vc_column][\/vc_row][vc_row][vc_column][vc_empty_space height=&#8221;45px&#8221;][\/vc_column][\/vc_row][vc_row][vc_column width=&#8221;1\/6&#8243;][vc_single_image image=&#8221;11993&#8243; img_size=&#8221;full&#8221;][\/vc_column][vc_column width=&#8221;2\/3&#8243;][vc_column_text]\n<h3><strong>REINALDO CASTRO \u2013 RS<\/strong><\/h3>\n<p>Administrador de Empresas, Contador, Coach, S\u00edndico Profissional e Professor. 54 anos. 26 anos de Correios. Trabalho atualmente no CDSTI RS &#8211; Porto Alegre. Trabalhei em v\u00e1rias \u00e1reas da ECT (Gerat, Asdem, Geter, Gecom, etc). Atual Presidente do Conselho Fiscal da ADCAP NACIONAL e Vice-Presidente do Conselho Fiscal do N\u00daCLEO ADCAP\/RS. Cumprirei e farei cumprir o Estatuto da ADCAP ao fiscalizar as contas. Proponho uma an\u00e1lise constante das finan\u00e7as e patrim\u00f4nio da nossa associa\u00e7\u00e3o. Acredito que, dessa forma, auxiliarei a ADCAP na sua tarefa de &#8220;fazer um correio de qualidade&#8221;. <a href=\"mailto:reinaldoantoniocastro@gmail.com\">reinaldoantoniocastro@gmail.com<\/a>[\/vc_column_text][\/vc_column][vc_column width=&#8221;1\/6&#8243;][\/vc_column][\/vc_row][vc_row][vc_column][vc_empty_space height=&#8221;45px&#8221;][\/vc_column][\/vc_row][vc_row][vc_column width=&#8221;1\/6&#8243;][vc_single_image image=&#8221;11992&#8243; img_size=&#8221;full&#8221;][\/vc_column][vc_column width=&#8221;2\/3&#8243;][vc_column_text]\n<h3><strong>SANDRA MOREIRA \u2013 RJ<\/strong><\/h3>\n<p>Ingressei na ECT em 15\/01\/1975, no cargo de balconista, me aperfei\u00e7oando com a participa\u00e7\u00e3o em treinamentos internos.\u00a0Passei pelos cargos de Monitor Postal, Supervisor Postal, T\u00e9cnico Postal e Administradora. Exerci fun\u00e7\u00f5es de gest\u00e3o, exclusivamente por m\u00e9rito, nas mais diversas \u00e1reas: Atendimento, Encaminhamento, Auditoria, Distribui\u00e7\u00e3o e, ultimamente, no Transporte como Gerente de CTO. Tenho forma\u00e7\u00e3o em Administra\u00e7\u00e3o e Direito. Exerci fun\u00e7\u00f5es de\u00a0diretoria da ADCAP RIO por 4 mandatos, sempre lutando em prol da ECT e de seus empregados. Em 2014, aderi ao PDIA,\u00a0por\u00e9m, permane\u00e7o na luta em defesa da ECT, do Postalis e do Postal Sa\u00fade.<br \/>\nPreciso de seu voto para continuar como membro do CONSELHO FISCAL.\u00a0<a href=\"mailto:sandramoreira.adv@hotmail.com\">sandramoreira.adv@hotmail.com<\/a>[\/vc_column_text][\/vc_column][vc_column width=&#8221;1\/6&#8243;][\/vc_column][\/vc_row]\n","protected":false},"excerpt":{"rendered":"<p>[vc_row][\/vc_row][vc_row][vc_column width=&#8221;1\/3&#8243;][vc_btn title=&#8221;Chapa ADCAP &#8211; Juntos Por Voc\u00ea&#8221; color=&#8221;success&#8221; link=&#8221;url:http%3A%2F%2Fwww.adcap.org.br%2Findex.php%2Fchapa-1%2F|||&#8221;][\/vc_column][vc_column width=&#8221;1\/3&#8243;][vc_btn title=&#8221;Chapa Novos Rumos&#8221; color=&#8221;success&#8221; link=&#8221;url:http%3A%2F%2Fwww.adcap.org.br%2Findex.php%2Fchapa-2%2F|||&#8221;][\/vc_column][vc_column width=&#8221;1\/3&#8243;][vc_btn title=&#8221;Conselho Fiscal&#8221; color=&#8221;green&#8221; link=&#8221;url:http%3A%2F%2Fwww.adcap.org.br%2Findex.php%2Fconselho-fiscal%2F|||&#8221;][\/vc_column][\/vc_row][vc_row][vc_column][vc_separator][\/vc_column][\/vc_row][vc_row][vc_column][vc_column_text] CONSELHO FISCAL [\/vc_column_text][\/vc_column][\/vc_row][vc_row][vc_column][vc_empty_space height=&#8221;45px&#8221;][\/vc_column][\/vc_row][vc_row][vc_column width=&#8221;1\/6&#8243;][vc_single_image image=&#8221;11997&#8243; img_size=&#8221;full&#8221;][\/vc_column][vc_column width=&#8221;2\/3&#8243;][vc_column_text] DILSON&hellip;<\/p>\n","protected":false},"author":1,"featured_media":0,"parent":0,"menu_order":0,"comment_status":"closed","ping_status":"closed","template":"","meta":{"_editorskit_title_hidden":false,"_editorskit_reading_time":0,"_editorskit_is_block_options_detached":false,"_editorskit_block_options_position":"{}","footnotes":""},"aioseo_notices":[],"_links":{"self":[{"href":"https:\/\/adcap.org.br\/index.php\/wp-json\/wp\/v2\/pages\/11873"}],"collection":[{"href":"https:\/\/adcap.org.br\/index.php\/wp-json\/wp\/v2\/pages"}],"about":[{"href":"https:\/\/adcap.org.br\/index.php\/wp-json\/wp\/v2\/types\/page"}],"author":[{"embeddable":true,"href":"https:\/\/adcap.org.br\/index.php\/wp-json\/wp\/v2\/users\/1"}],"replies":[{"embeddable":true,"href":"https:\/\/adcap.org.br\/index.php\/wp-json\/wp\/v2\/comments?post=11873"}],"version-history":[{"count":0,"href":"https:\/\/adcap.org.br\/index.php\/wp-json\/wp\/v2\/pages\/11873\/revisions"}],"wp:attachment":[{"href":"https:\/\/adcap.org.br\/index.php\/wp-json\/wp\/v2\/media?parent=11873"}],"curies":[{"name":"wp","href":"https:\/\/api.w.org\/{rel}","templated":true}]}}