{"id":11863,"date":"2019-04-04T01:04:07","date_gmt":"2019-04-04T01:04:07","guid":{"rendered":"http:\/\/www.adcap.org.br\/?page_id=11863"},"modified":"2019-04-04T01:04:07","modified_gmt":"2019-04-04T01:04:07","slug":"jose-osvaldo-fontoura-de-carvalho-sobrinho","status":"publish","type":"page","link":"https:\/\/adcap.org.br\/index.php\/jose-osvaldo-fontoura-de-carvalho-sobrinho\/","title":{"rendered":"Jos\u00e9 Osvaldo Fontoura de Carvalho Sobrinho"},"content":{"rendered":"<p style=\"text-align: justify;\"><b>Diretor Jur\u00eddico<\/b><\/p>\n<p>Jos\u00e9 Osvaldo Fontoura de Carvalho Sobrinho<\/p>\n<p style=\"text-align: justify;\"><span style=\"font-weight: 400;\">Economista, mestre em finan\u00e7as pela UFRGS, com especializa\u00e7\u00e3o em Engenharia Econ\u00f4mica (UniDF), Finan\u00e7as Corporativas (FGV-SP), An\u00e1lise de Sistemas (PUC-RS) e Marketing Postal (Postal College of Japan). Tem forma\u00e7\u00e3o tamb\u00e9m em Engenharia Eletr\u00f4nica e em Administra\u00e7\u00e3o. Trabalhou por 38 anos na ECT em diversas \u00e1reas, tendo sido Diretor Financeiro, Diretor de Tecnologia e Infraestrutura, Chefe de Departamento, Consultor e Assessor de Diretoria. Fora da ECT atuou como Consultor Internacional e como professor de finan\u00e7as Empresariais, Mercados Financeiros e de Capitais, Recupera\u00e7\u00e3o de Empresas, Planejamento Estrat\u00e9gico, Estat\u00edstica, Pesquisa Operacional, Processamento de Dados e de An\u00e1lise de Sistemas. Atualmente, \u00e9 aposentado, atua como Consultor Empresarial e cursa Faculdade de Direito (8\u00ba semestre). (<\/span><a href=\"mailto:jocarvalho@sjbrconsultores.com\"><span style=\"font-weight: 400;\">jocarvalho@sjbrconsultores.com<\/span><\/a><span style=\"font-weight: 400;\"> &#8211; fone: (61)98112-6468.<\/span><\/p>\n","protected":false},"excerpt":{"rendered":"<p>Diretor Jur\u00eddico Jos\u00e9 Osvaldo Fontoura de Carvalho Sobrinho Economista, mestre em finan\u00e7as pela UFRGS, com especializa\u00e7\u00e3o em Engenharia Econ\u00f4mica (UniDF), Finan\u00e7as Corporativas (FGV-SP), An\u00e1lise de Sistemas (PUC-RS) e Marketing Postal&hellip;<\/p>\n","protected":false},"author":1,"featured_media":0,"parent":0,"menu_order":0,"comment_status":"closed","ping_status":"closed","template":"","meta":{"_editorskit_title_hidden":false,"_editorskit_reading_time":0,"_editorskit_is_block_options_detached":false,"_editorskit_block_options_position":"{}","footnotes":""},"aioseo_notices":[],"_links":{"self":[{"href":"https:\/\/adcap.org.br\/index.php\/wp-json\/wp\/v2\/pages\/11863"}],"collection":[{"href":"https:\/\/adcap.org.br\/index.php\/wp-json\/wp\/v2\/pages"}],"about":[{"href":"https:\/\/adcap.org.br\/index.php\/wp-json\/wp\/v2\/types\/page"}],"author":[{"embeddable":true,"href":"https:\/\/adcap.org.br\/index.php\/wp-json\/wp\/v2\/users\/1"}],"replies":[{"embeddable":true,"href":"https:\/\/adcap.org.br\/index.php\/wp-json\/wp\/v2\/comments?post=11863"}],"version-history":[{"count":0,"href":"https:\/\/adcap.org.br\/index.php\/wp-json\/wp\/v2\/pages\/11863\/revisions"}],"wp:attachment":[{"href":"https:\/\/adcap.org.br\/index.php\/wp-json\/wp\/v2\/media?parent=11863"}],"curies":[{"name":"wp","href":"https:\/\/api.w.org\/{rel}","templated":true}]}}