{"id":11847,"date":"2019-04-04T00:50:53","date_gmt":"2019-04-04T00:50:53","guid":{"rendered":"http:\/\/www.adcap.org.br\/?page_id=11847"},"modified":"2019-04-04T00:50:53","modified_gmt":"2019-04-04T00:50:53","slug":"john-macedo","status":"publish","type":"page","link":"https:\/\/adcap.org.br\/index.php\/john-macedo\/","title":{"rendered":"John Mac\u00eado"},"content":{"rendered":"<p style=\"text-align: justify;\"><b>Diretor de Comunica\u00e7\u00e3o e Desenvolvimento<\/b><\/p>\n<p><strong>John Mac\u00eado<\/strong><\/p>\n<p style=\"text-align: justify;\"><span style=\"font-weight: 400;\">Engenheiro Civil\/UFRN com as seguintes especializa\u00e7\u00f5es: Rede de Computadores\/UnP (1997), Teleinform\u00e1tica e Redes Multiservi\u00e7os\/UnB (2003) e Governan\u00e7a de Tecnologia da Informa\u00e7\u00e3o\/UnB (2009). Ingresso nos Correios em 1997 na \u00e1rea de Tecnologia da Informa\u00e7\u00e3o no cargo de Analista de Sistemas S\u00eanior, tendo a oportunidade de exercer as fun\u00e7\u00f5es de n\u00edvel gerencial: Chefe de Divis\u00e3o, Assessor de Departamento, Gerente de Projetos, Subchefe de Departamento e Gerente Corporativo. Na ADCAP N\u00facleo Bras\u00edlia deste 2013 tendo exercido a fun\u00e7\u00e3o de Diretor de Conv\u00eanios e Contratos (2013\/2016) e na Diretoria de Rela\u00e7\u00f5es Funcionais (2016\/2019). Atualmente aposentado pelos Correios (Jan\/2018). (<\/span><a href=\"mailto:john.macedo@hotmail.com\"><span style=\"font-weight: 400;\">john.macedo@hotmail.com<\/span><\/a><span style=\"font-weight: 400;\"> &#8211; <\/span><\/p>\n<p style=\"text-align: justify;\"><span style=\"font-weight: 400;\">Fone: 61 998222615)<\/span><\/p>\n<p style=\"text-align: justify;\">\n","protected":false},"excerpt":{"rendered":"<p>Diretor de Comunica\u00e7\u00e3o e Desenvolvimento John Mac\u00eado Engenheiro Civil\/UFRN com as seguintes especializa\u00e7\u00f5es: Rede de Computadores\/UnP (1997), Teleinform\u00e1tica e Redes Multiservi\u00e7os\/UnB (2003) e Governan\u00e7a de Tecnologia da Informa\u00e7\u00e3o\/UnB (2009). Ingresso&hellip;<\/p>\n","protected":false},"author":1,"featured_media":0,"parent":0,"menu_order":0,"comment_status":"closed","ping_status":"closed","template":"","meta":{"_editorskit_title_hidden":false,"_editorskit_reading_time":0,"_editorskit_is_block_options_detached":false,"_editorskit_block_options_position":"{}","footnotes":""},"aioseo_notices":[],"_links":{"self":[{"href":"https:\/\/adcap.org.br\/index.php\/wp-json\/wp\/v2\/pages\/11847"}],"collection":[{"href":"https:\/\/adcap.org.br\/index.php\/wp-json\/wp\/v2\/pages"}],"about":[{"href":"https:\/\/adcap.org.br\/index.php\/wp-json\/wp\/v2\/types\/page"}],"author":[{"embeddable":true,"href":"https:\/\/adcap.org.br\/index.php\/wp-json\/wp\/v2\/users\/1"}],"replies":[{"embeddable":true,"href":"https:\/\/adcap.org.br\/index.php\/wp-json\/wp\/v2\/comments?post=11847"}],"version-history":[{"count":0,"href":"https:\/\/adcap.org.br\/index.php\/wp-json\/wp\/v2\/pages\/11847\/revisions"}],"wp:attachment":[{"href":"https:\/\/adcap.org.br\/index.php\/wp-json\/wp\/v2\/media?parent=11847"}],"curies":[{"name":"wp","href":"https:\/\/api.w.org\/{rel}","templated":true}]}}