{"id":11835,"date":"2019-04-04T00:39:14","date_gmt":"2019-04-04T00:39:14","guid":{"rendered":"http:\/\/www.adcap.org.br\/?page_id=11835"},"modified":"2019-04-04T00:39:14","modified_gmt":"2019-04-04T00:39:14","slug":"walton-pontes-junior","status":"publish","type":"page","link":"https:\/\/adcap.org.br\/index.php\/walton-pontes-junior\/","title":{"rendered":"Walton Pontes J\u00fanior"},"content":{"rendered":"<p><strong>Vice-Presidente<\/strong><\/p>\n<p><strong>Walton Pontes J\u00fanior<\/strong><\/p>\n<p style=\"text-align: justify;\"><span style=\"font-weight: 400;\">Analista de Correios S\u00eanior, \u00e9 Administrador Postal (ESAP) e de Empresas (UPIS), com especializa\u00e7\u00e3o em An\u00e1lise de Sistemas (UCB), Comunica\u00e7\u00e3o com o Mercado (ESPM\/DF) e Pol\u00edtica e Estrat\u00e9gia (ADESG\/RS E DF). Ainda em atividade na \u00e1rea de transportes da ECT\/RS, em seus 38 anos de casa trabalhou como Gerente de TIC e de Planejamento, assessorou as Diretorias de Recursos Humanos, Financeira e de Tecnologia e Infraestrutura, chefiou o Departamento de Rela\u00e7\u00f5es do Trabalho, atuou nas Diretorias do RS e do PR. Fora da ECT, foi Vice-Presidente da PROCERGS \u2013 Companhia de Processamento de Dados do Rio Grande do Sul e trabalhou na reestrutura\u00e7\u00e3o da \u00e1rea de TIC do POSTALIS. S\u00f3cio fundador da ADCAP, implantou o N\u00facleo\/RS, do qual foi o primeiro presidente. (<\/span><a href=\"mailto:wcarpesjunior@gmail.com\"><span style=\"font-weight: 400;\">wcarpesjunior@gmail.com<\/span><\/a><span style=\"font-weight: 400;\"> \u2013 (51) 99937-5577)<\/span><\/p>\n","protected":false},"excerpt":{"rendered":"<p>Vice-Presidente Walton Pontes J\u00fanior Analista de Correios S\u00eanior, \u00e9 Administrador Postal (ESAP) e de Empresas (UPIS), com especializa\u00e7\u00e3o em An\u00e1lise de Sistemas (UCB), Comunica\u00e7\u00e3o com o Mercado (ESPM\/DF) e Pol\u00edtica&hellip;<\/p>\n","protected":false},"author":1,"featured_media":0,"parent":0,"menu_order":0,"comment_status":"closed","ping_status":"closed","template":"","meta":{"_editorskit_title_hidden":false,"_editorskit_reading_time":0,"_editorskit_is_block_options_detached":false,"_editorskit_block_options_position":"{}","footnotes":""},"aioseo_notices":[],"_links":{"self":[{"href":"https:\/\/adcap.org.br\/index.php\/wp-json\/wp\/v2\/pages\/11835"}],"collection":[{"href":"https:\/\/adcap.org.br\/index.php\/wp-json\/wp\/v2\/pages"}],"about":[{"href":"https:\/\/adcap.org.br\/index.php\/wp-json\/wp\/v2\/types\/page"}],"author":[{"embeddable":true,"href":"https:\/\/adcap.org.br\/index.php\/wp-json\/wp\/v2\/users\/1"}],"replies":[{"embeddable":true,"href":"https:\/\/adcap.org.br\/index.php\/wp-json\/wp\/v2\/comments?post=11835"}],"version-history":[{"count":0,"href":"https:\/\/adcap.org.br\/index.php\/wp-json\/wp\/v2\/pages\/11835\/revisions"}],"wp:attachment":[{"href":"https:\/\/adcap.org.br\/index.php\/wp-json\/wp\/v2\/media?parent=11835"}],"curies":[{"name":"wp","href":"https:\/\/api.w.org\/{rel}","templated":true}]}}