{"id":11825,"date":"2019-04-03T22:31:35","date_gmt":"2019-04-03T22:31:35","guid":{"rendered":"http:\/\/www.adcap.org.br\/?page_id=11825"},"modified":"2019-04-04T18:47:38","modified_gmt":"2019-04-04T18:47:38","slug":"chapa-1","status":"publish","type":"page","link":"https:\/\/adcap.org.br\/index.php\/chapa-1\/","title":{"rendered":"Chapa 1 &#8211; ADCAP JUNTOS POR VOC\u00ca"},"content":{"rendered":"[vc_row][\/vc_row][vc_row][vc_column width=&#8221;1\/3&#8243;][vc_btn title=&#8221;Chapa ADCAP &#8211; Juntos Por Voc\u00ea&#8221; color=&#8221;success&#8221; link=&#8221;url:http%3A%2F%2Fwww.adcap.org.br%2Findex.php%2Fchapa-1%2F|||&#8221;][\/vc_column][vc_column width=&#8221;1\/3&#8243;][vc_btn title=&#8221;Chapa Novos Rumos&#8221; color=&#8221;success&#8221; link=&#8221;url:http%3A%2F%2Fwww.adcap.org.br%2Findex.php%2Fchapa-2%2F|||&#8221;][\/vc_column][vc_column width=&#8221;1\/3&#8243;][vc_btn title=&#8221;Conselho Fiscal&#8221; color=&#8221;green&#8221; link=&#8221;url:http%3A%2F%2Fwww.adcap.org.br%2Findex.php%2Fconselho-fiscal%2F|||&#8221;][\/vc_column][\/vc_row][vc_row][vc_column][vc_separator][\/vc_column][\/vc_row][vc_row][vc_column][vc_column_text]\n<h1><strong>Chapa 1 &#8211; ADCAP &#8211; JUNTOS POR VOC\u00ca<\/strong><\/h1>\n<p><span style=\"font-weight: 400;\">Presidente \u2013 Maria <\/span><b>In\u00eas<\/b><span style=\"font-weight: 400;\"> Capelli Fulginiti \u2013 RS<\/span><span style=\"font-weight: 400;\"><br \/>\n<\/span><span style=\"font-weight: 400;\">Vice-Presidente <\/span><b>\u2013 Marcos Cesar<\/b><span style=\"font-weight: 400;\"> Alves da Silva \u2013 BSB<\/span><span style=\"font-weight: 400;\"><br \/>\n<\/span><span style=\"font-weight: 400;\">Secret\u00e1rio-Geral \u2013 <\/span><b>Maur\u00edcio <\/b><span style=\"font-weight: 400;\">Fortes Garcia Lorenzo \u2013 BA<\/span><span style=\"font-weight: 400;\"><br \/>\n<\/span><span style=\"font-weight: 400;\">Diretor Administrativo e Financeiro \u2013 <\/span><b>Jorge <\/b><span style=\"font-weight: 400;\">Luiz Gonzaga Ribeiro \u2013 SC<\/span><span style=\"font-weight: 400;\"><br \/>\n<\/span><span style=\"font-weight: 400;\">Diretor de Comunica\u00e7\u00e3o e Desenvolvimento \u2013 Maria<\/span><b> Laur\u00eancia <\/b><span style=\"font-weight: 400;\">Santos Mendon\u00e7a \u2013 BSB<\/span><span style=\"font-weight: 400;\"><br \/>\n<\/span><span style=\"font-weight: 400;\">Diretor de Rela\u00e7\u00f5es Funcionais \u2013 <\/span><b>Jos\u00e9 Maria <\/b><span style=\"font-weight: 400;\">dos Santos Silva \u2013 BSB<\/span><span style=\"font-weight: 400;\"><br \/>\n<\/span><span style=\"font-weight: 400;\">Diretor de Rela\u00e7\u00f5es Externas \u2013 <\/span><b>Luiz Alberto <\/b><span style=\"font-weight: 400;\">Menezes Barreto \u2013 BSB<\/span><span style=\"font-weight: 400;\"><br \/>\n<\/span><span style=\"font-weight: 400;\">Diretor Jur\u00eddico \u2013 <\/span><b>Roberval<\/b><span style=\"font-weight: 400;\"> Borges \u2013 PR<\/span><span style=\"font-weight: 400;\"><br \/>\n<\/span><span style=\"font-weight: 400;\">Diretor de Aposentados e Previd\u00eancia \u2013 Carlos Roberto de <\/span><b>Santa\u2019ana<\/b><span style=\"font-weight: 400;\"> Melo \u2013 SPM<\/span><\/p>\n<h2><b>PLATAFORMA<\/b><\/h2>\n<ul>\n<li><span style=\"font-weight: 400;\"> &#8211; Desenvolver a\u00e7\u00f5es em defesa dos interesses dos associados.<\/span><\/li>\n<li><span style=\"font-weight: 400;\"> &#8211; Desenvolver a\u00e7\u00f5es em defesa dos interesses institucionais e da sustentabilidade da ECT e de suas ligadas Postalis e Postal Sa\u00fade.<\/span><\/li>\n<li><span style=\"font-weight: 400;\"> &#8211; Atuar para que a Diretoria Executiva da ECT seja formada por profissionais qualificados da empresa e com autonomia de gest\u00e3o. Fim do aparelhamento pol\u00edtico!<\/span><\/li>\n<li><span style=\"font-weight: 400;\"> &#8211; Atuar para que a gest\u00e3o dos POSTALIS seja voltada para os interesses dos participantes e sustentabilidade do instituto.<\/span><\/li>\n<li><span style=\"font-weight: 400;\"> &#8211; Dar continuidade as a\u00e7\u00f5es protetivas e garantidoras dos direitos a que fazem jus participantes e assistidos do Postalis, nas esferas jur\u00eddica, pol\u00edtica e administrativa.<\/span><\/li>\n<li><span style=\"font-weight: 400;\"> &#8211; Atuar para que a gest\u00e3o da Postal Sa\u00fade seja voltada para os interesses dos empregados ativos e aposentados.<\/span><\/li>\n<li><span style=\"font-weight: 400;\"> &#8211; Atuar para a elei\u00e7\u00e3o dos associados da ADCAP para os Conselhos do Postalis, da Postal Sa\u00fade e para o Conselho de Administra\u00e7\u00e3o da ECT, bem como buscar parcerias para garantir a representatividade almejada.<\/span><\/li>\n<li><span style=\"font-weight: 400;\"> &#8211; Manter a\u00e7\u00f5es na busca da representa\u00e7\u00e3o sindical, objetivando defender os interesses dos associados.<\/span><\/li>\n<li><span style=\"font-weight: 400;\"> &#8211; Buscar inserir a ADCAP nas negocia\u00e7\u00f5es dos acordos coletivos de trabalho da ECT e nas discuss\u00f5es de pol\u00edticas profissionais junto a ECT, tais como: revis\u00e3o do PCCS, crit\u00e9rio para ocupa\u00e7\u00e3o de fun\u00e7\u00f5es na ECT, PLR, revis\u00e3o das tabelas salariais e de fun\u00e7\u00f5es, reposi\u00e7\u00e3o de vagas e a retomada dos cursos de forma\u00e7\u00e3o profissional voltados para os processos da empresa.<\/span><\/li>\n<li><span style=\"font-weight: 400;\"> &#8211; Promover a\u00e7\u00f5es para o bom relacionamento com outras institui\u00e7\u00f5es representativas dos empregados e aposentados.<\/span><\/li>\n<li><span style=\"font-weight: 400;\"> &#8211; Defender a aplica\u00e7\u00e3o das Leis das Profiss\u00f5es.<\/span><\/li>\n<\/ul>\n[\/vc_column_text][\/vc_column][\/vc_row][vc_row css=&#8221;.vc_custom_1554398579089{background-color: #f4f4f4 !important;}&#8221;][vc_column width=&#8221;1\/6&#8243;][\/vc_column][vc_column width=&#8221;2\/3&#8243;][vc_column_text]\n<p style=\"text-align: justify;\">Ao longo do tempo, a ADCAP tem assumido crescente protagonismo, em fun\u00e7\u00e3o das in\u00fameras iniciativas da associa\u00e7\u00e3o para defender os interesses dos associados nos mais diferentes palcos. Das a\u00e7\u00f5es judiciais para assegurar direitos at\u00e9 a interlocu\u00e7\u00e3o qualificada com \u00f3rg\u00e3os de controle e de representa\u00e7\u00e3o, como o Minist\u00e9rio P\u00fablico Federal, a C\u00e2mara dos Deputados e o Senado Federal, e com a Imprensa, a ADCAP tem se consolidado como leg\u00edtima representante de seus associados.<\/p>\n<p style=\"text-align: justify;\">Neste contexto, \u00e9 importante que a ADCAP seja comandada por uma Diretoria qualificada e experiente, capaz de prosseguir e de aprofundar as a\u00e7\u00f5es e medidas em curso, em busca de solu\u00e7\u00e3o para os problemas que afligem os trabalhadores dos Correios, incluindo os relativos ao Postalis e \u00e0 Postal Sa\u00fade.<\/p>\n<p style=\"text-align: justify;\">A Chapa n\u00ba 1 vem, ent\u00e3o, para oferecer aos associados a possibilidade de contar, na Diretoria da ADCAP, com uma equipe capaz de tornar a associa\u00e7\u00e3o ainda mais relevante, em benef\u00edcio dos associados.<\/p>\n[\/vc_column_text][\/vc_column][vc_column width=&#8221;1\/6&#8243;][\/vc_column][\/vc_row][vc_row][vc_column][vc_empty_space height=&#8221;45px&#8221;][\/vc_column][\/vc_row][vc_row][vc_column width=&#8221;1\/6&#8243;][vc_single_image image=&#8221;11971&#8243; img_size=&#8221;full&#8221;][\/vc_column][vc_column width=&#8221;2\/3&#8243;][vc_column_text]\n<h3><strong>MARIA INES CAPELLI FULGINITI<\/strong><\/h3>\n<p><strong>Presidente<\/strong><\/p>\n<p>Iniciei na CTPS como Auxiliar de Escrit\u00f3rio nos Correios, em 09\/06\/1978. Com muitos planos e sonhos optei em trabalhar nos Correios e ali construir minha carreira profissional.\u00a0Atrav\u00e9s dos Recrutamentos Internos pude evoluir na carreira: Auxiliar, Assistente e T\u00e9cnico Administrativo, Assistente T\u00e9cnico e, por fim,\u00a0Analista de Correios. Exerci fun\u00e7\u00f5es de Chefia de Se\u00e7\u00e3o\/Coordenadoria\/Subger\u00eancia, todas elas na \u00e1rea de RH e que me foram muito gratificantes,\u00a0com destaque para a\u00a0\u00e1rea de educa\u00e7\u00e3o. O ensinar me conduziu a aprender Correios e\u00a0a conviver com in\u00fameros e especiais colegas.\u00a0De 2008 a 2017 atuei na \u00e1rea comercial, quando aderi ao PDV.\u00a0Na ADCAP iniciei em 2005 como Presidente do NR\/RS (2 mandatos) e tamb\u00e9m\u00a0Vice-Presidente e Presidente da ADCAP Nacional. Para contato, deixo meu email: <a href=\"mailto:ines-capelli@hotmail.com\">ines-capelli@hotmail.com<\/a>[\/vc_column_text][\/vc_column][vc_column width=&#8221;1\/6&#8243;][\/vc_column][\/vc_row][vc_row][vc_column][vc_empty_space height=&#8221;45px&#8221;][\/vc_column][\/vc_row][vc_row][vc_column width=&#8221;1\/6&#8243;][vc_single_image image=&#8221;11970&#8243; img_size=&#8221;full&#8221;][\/vc_column][vc_column width=&#8221;2\/3&#8243;][vc_column_text]\n<h3><strong>MARCOS C\u00c9SAR ALVES SILVA<\/strong><\/h3>\n<p><strong>Vice-Presidente<\/strong><\/p>\n<p>Administrador Postal S\u00eanior. Formado pela Escola Superior de Administra\u00e7\u00e3o Postal, em 198. Primeiro membro eleito pelos trabalhadores para o Conselho de Administra\u00e7\u00e3o dos Correios (2013\/2018). Experi\u00eancia de mais de 30 anos em cargos gerenciais e executivos nas \u00e1reas de administra\u00e7\u00e3o, operacional e comercial dos Correios. Participa\u00e7\u00e3o em diversos projetos estrat\u00e9gicos dos Correios, entre os quais: &#8211; IMPLANTA\u00c7\u00c3O DA PRIMEIRA REDE CORPORATIVA DE DADOS DOS CORREIOS; &#8211; BANCO POSTAL; &#8211; PORTAF\u00d3LIO DE SERVI\u00c7OS DE MARKETING DIRETO; &#8211; NOVO MALOTE; &#8211; SEDEX 10, SEDEX HOJE, DISQUE COLETA; &#8211; GTI DE MODERNIZA\u00c7\u00c3O DOS CORREIOS \u2013 LEI N\u00ba 12.490\/11; &#8211; PLANEJAMENTO ESTRAT\u00c9GICO \u2013 CORREIOS 2020; &#8211; CORREIOS CELULAR. <a href=\"mailto:marcos.c.a.silva@gmail.com\">marcos.c.a.silva@gmail.com<\/a><\/p>\n[\/vc_column_text][\/vc_column][vc_column width=&#8221;1\/6&#8243;][\/vc_column][\/vc_row][vc_row][vc_column][vc_empty_space height=&#8221;45px&#8221;][\/vc_column][\/vc_row][vc_row][vc_column width=&#8221;1\/6&#8243;][vc_single_image image=&#8221;11969&#8243; img_size=&#8221;full&#8221;][\/vc_column][vc_column width=&#8221;2\/3&#8243;][vc_column_text]\n<h3><strong>MAUR\u00cdCIO FORTES GARCIA LORENZO <\/strong><\/h3>\n<p><strong>Secret\u00e1rio Geral<br \/>\n<\/strong><\/p>\n<p>Analista de Correios S\u00eanior, ingressou na ECT em 1985 como bolsista. Mestre e Especialista em Administra\u00e7\u00e3o pela UFBA, tem MBA em Previd\u00eancia Complementar pela FGV, gradua\u00e7\u00e3o em Administra\u00e7\u00e3o pela UPIS e em Administra\u00e7\u00e3o Postal pela ESAP. Exerceu diversas fun\u00e7\u00f5es gerenciais e t\u00e9cnicas na Administra\u00e7\u00e3o Central e na Diretoria Regional da Bahia. Atua h\u00e1 mais de 30 anos na Adcap. Foi presidente da Diretoria Executiva e do Conselho Fiscal do N\u00facleo Regional da Bahia. Na Diretoria Executiva Nacional, foi Diretor de Comunica\u00e7\u00e3o, Diretor de Rela\u00e7\u00f5es Externas e atualmente \u00e9 Secret\u00e1rio-Geral. <a href=\"mailto:mauriciolorenzo@adcap.org.br\">mauriciolorenzo@adcap.org.br<\/a>[\/vc_column_text][\/vc_column][vc_column width=&#8221;1\/6&#8243;][\/vc_column][\/vc_row][vc_row][vc_column][vc_empty_space height=&#8221;45px&#8221;][\/vc_column][\/vc_row][vc_row][vc_column width=&#8221;1\/6&#8243;][vc_single_image image=&#8221;11968&#8243; img_size=&#8221;full&#8221;][\/vc_column][vc_column width=&#8221;2\/3&#8243;][vc_column_text]\n<h3><strong>JORGE LUIZ GONZAGA RIBEIRO<\/strong><\/h3>\n<p><strong>Diretor Financeiro<br \/>\n<\/strong><\/p>\n<p>Ci\u00eancias Cont\u00e1beis (UFSC) Direito (Est\u00e1cio de S\u00e1); P\u00f3s: Gest\u00e3o P\u00fablica (UDESC) e Gest\u00e3o de Qualidade e Processos (UFSC) Direito Trabalhista e Previdenci\u00e1rio (Est\u00e1cio de S\u00e1); Assessor de Planejamento do Postalis (08\/08\/2016 at\u00e9 agora); Conselheiro Deliberativo eleito da Postal Sa\u00fade (01\/06\/2016 a 30\/05\/2019); Gerente Financeiro dos Correios DR\/SC (2004 a 2006); Gerente de Auditoria e Inspe\u00e7\u00e3o DR\/SC (2002 a 2003); Gerente de Opera\u00e7\u00f5es dos Correios DR\/SC (2006 a 2009); Assessor de Gerencia de Administra\u00e7\u00e3o da DR\/SC (2009 a 2014); Sub gerente, Chefe de Se\u00e7\u00e3o, Supervisor e Gerente na DR\/SC, atuando em diversas \u00e1reas no per\u00edodo de 1989 at\u00e9 2014); Diretor Administrativo e Financeiro da ADCAP Nacional (2010 a 2016); Diretor Jur\u00eddico da ADCAP Nacional (2016 a 2019); Perito cont\u00e1bil trabalhista desde 2016. <a href=\"mailto:jlribeiro53@hotmail.com\">jlribeiro53@hotmail.com<\/a>[\/vc_column_text][\/vc_column][vc_column width=&#8221;1\/6&#8243;][\/vc_column][\/vc_row][vc_row][vc_column][vc_empty_space height=&#8221;45px&#8221;][\/vc_column][\/vc_row][vc_row][vc_column width=&#8221;1\/6&#8243;][vc_single_image image=&#8221;11967&#8243; img_size=&#8221;full&#8221;][\/vc_column][vc_column width=&#8221;2\/3&#8243;][vc_column_text]\n<h3><strong>MARIA LAUR\u00caNCIA SANTOS MENDON\u00c7A<\/strong><\/h3>\n<p><strong>Diretora de Comunica\u00e7\u00e3o<br \/>\n<\/strong><\/p>\n<p>Graduada em Geografia-Lic.Plena, no CEUB\/DF e P\u00f3s-Graduada em Gest\u00e3o da Educa\u00e7\u00e3o, na AEUDF.\u00a0 Trabalhou nos Correios, onde aposentou como Analista de Correios Pleno. Atuou na empresa, em seu maior tempo, na \u00e1rea de\u00a0RH, hoje, Gest\u00e3o de Pessoas, ocupando fun\u00e7\u00f5es de Monitor de Treinamento e Chefe de Se\u00e7\u00e3o, na GEREC \u2013 DR\/Bras\u00edlia. Na Administra\u00e7\u00e3o Central, atuou na ESAP, como Coord. Administrativo.\u00a0 Posteriormente, atuou no ent\u00e3o Depart. de Trein. e Desenvolvimento, como Chefe de Divis\u00e3o de Desenvolvimento Gerencial e, finalmente, em seus \u00faltimos 12 anos na empresa, atuou no ent\u00e3o Departamento de Comunica\u00e7\u00e3o Estrat\u00e9gica, como Chefe de Divis\u00e3o de Propaganda e Publicidade. Na ADCAP, foi Secret\u00e1ria Geral por duas gest\u00f5es e, atualmente, \u00e9 Diretora de Comunica\u00e7\u00e3o. <a href=\"mailto:laurencia@uol.com.br\">laurencia@uol.com.br<\/a>[\/vc_column_text][\/vc_column][vc_column width=&#8221;1\/6&#8243;][\/vc_column][\/vc_row][vc_row][vc_column][vc_empty_space height=&#8221;45px&#8221;][\/vc_column][\/vc_row][vc_row][vc_column width=&#8221;1\/6&#8243;][vc_single_image image=&#8221;11966&#8243; img_size=&#8221;full&#8221;][\/vc_column][vc_column width=&#8221;2\/3&#8243;][vc_column_text]\n<h3><strong>JOS\u00c9 MARIA DOS SANTOS SILVA<\/strong><\/h3>\n<p><strong>Diretor de Rela\u00e7\u00f5es Funcionais<\/strong><\/p>\n<p>Administrador Postal CAP VII, Graduado em Administra\u00e7\u00e3o de Empresas e p\u00f3s-graduado em Administra\u00e7\u00e3o Empresarial Avan\u00e7ada pela universidade Federal do Par\u00e1 e em Regimes de Previd\u00eancia, com MBA em Finan\u00e7as Corporativas pelo IBEMEC. Trabalhou 39 anos de Correios, exercendo suas atividades gerenciais na Administra\u00e7\u00e3o Central em Bras\u00edlia (Assessor de Diretoria e Gerente Corporativo), em Pernambuco (Gerente de Inspetoria) e no Par\u00e1 (Gerente Regional e Diretor Regional Adjunto). Participa das a\u00e7\u00f5es da ADCAP desde a sua funda\u00e7\u00e3o, atuando como Presidente Regional e como Conselheiro Fiscal eleito nacionalmente. Exerce fun\u00e7\u00e3o atual de Diretor Nacional da ADCAP e busca a reelei\u00e7\u00e3o. Aposentado pelo PDI. <a href=\"mailto:josemarias@adcap.org.br\">josemarias@adcap.org.br<\/a>[\/vc_column_text][\/vc_column][vc_column width=&#8221;1\/6&#8243;][\/vc_column][\/vc_row][vc_row][vc_column][vc_empty_space height=&#8221;45px&#8221;][\/vc_column][\/vc_row][vc_row][vc_column width=&#8221;1\/6&#8243;][vc_single_image image=&#8221;11965&#8243; img_size=&#8221;full&#8221;][\/vc_column][vc_column width=&#8221;2\/3&#8243;][vc_column_text]\n<h3><strong>LUIZ ALBERTO MENEZES BARRETO<\/strong><\/h3>\n<p><strong>Diretor de Rela\u00e7\u00f5es Externas<br \/>\n<\/strong><\/p>\n<p>Sergipano, \u00e9 formado em Ci\u00eancias Cont\u00e1beis com especializa\u00e7\u00e3o em Administra\u00e7\u00e3o Financeira. Estudou Filosofia, Economia e Comunica\u00e7\u00e3o Social. &#8211; Atuando na ECT h\u00e1 18 anos. Ocupou as fun\u00e7\u00f5es de Coordenador de Atendimento, Chefe da Se\u00e7\u00e3o Administrativa da Ger\u00eancia de Maiores Ag\u00eancias, em BH, Gerente do CTCE de Uberl\u00e2ndia, Gerente de primeiro turno do CTE-BH, Gerente da Ggran\/Gccap-CTC-BH, Reven de Uberaba, de Uberl\u00e2ndia e de Belo Horizonte. Volunt\u00e1rio, coordenou, por tr\u00eas anos, a Campanha do Papai Noel dos Correios, em Minas Gerais. Foi presidente da ADCAP Minas, Presidente e Diretor de Comunica\u00e7\u00e3o da ADCAP Nacional. <a href=\"mailto:luiz-menezes@uol.com.br\">luiz-menezes@uol.com.br<\/a>[\/vc_column_text][\/vc_column][vc_column width=&#8221;1\/6&#8243;][\/vc_column][\/vc_row][vc_row][vc_column][vc_empty_space height=&#8221;45px&#8221;][\/vc_column][\/vc_row][vc_row][vc_column width=&#8221;1\/6&#8243;][vc_single_image image=&#8221;11964&#8243; img_size=&#8221;full&#8221;][\/vc_column][vc_column width=&#8221;2\/3&#8243;][vc_column_text]\n<h3><strong>ROBERVAL BORGES<\/strong><\/h3>\n<p><strong>Diretor Jur\u00eddico<\/strong><\/p>\n<p>FORMA\u00c7\u00c3O ACAD\u00caMICA:\u00a0 Administra\u00e7\u00e3o Postal CAP VI \u2013 ESAP \u2013 Bras\u00edlia \u2013 1979; Direito \u2013 PUC\/Paran\u00e1 e UNICEUB \u2013 Bras\u00edlia \u2013 2005; Master Of Business Law &#8211; MBL \u2013 Universidade Positivo \u2013 2007; Mestrando \u2013 Universidade Positivo. EXPERI\u00caNCIA PROFISSIONAL: Empresa Brasileira de Correios e Tel\u00e9grafos; Diretor Regional no Piau\u00ed \u2013 1983\/1985; Diretor Regional Adjunto em Campanha (sul de Minas) \u2013 1986\/1990; Diretor regional no Paran\u00e1 \u2013 1994\/1997; Diretor Comercial \u2013 1997\/2003; Projetos de inova\u00e7\u00e3o \u2013 2005 \u2013 2017; Aposentado \u2013 2017; Borges Correa &amp; Monreal advocacia \u2013 S\u00f3cio; A\u00e7\u00f5es trabalhistas \u2013 Empresariais \u2013 Previdenci\u00e1rias. ATUA\u00c7\u00c3O ASSOCIATIVA: Participa\u00e7\u00e3o em diversas a\u00e7\u00f5es institucionais e de articula\u00e7\u00e3o da ADCAP Paran\u00e1 e Nacional. <a href=\"mailto:roberval@advocaciabcm.com.br\">roberval@advocaciabcm.com.br<\/a>[\/vc_column_text][\/vc_column][vc_column width=&#8221;1\/6&#8243;][\/vc_column][\/vc_row][vc_row][vc_column][vc_empty_space height=&#8221;45px&#8221;][\/vc_column][\/vc_row][vc_row][vc_column width=&#8221;1\/6&#8243;][vc_single_image image=&#8221;11963&#8243; img_size=&#8221;full&#8221;][\/vc_column][vc_column width=&#8221;2\/3&#8243;][vc_column_text]\n<h3><strong>CARLOS SANTA\u2019 ANA<\/strong><\/h3>\n<p><strong>Diretor de Aposentados e Previd\u00eancia<br \/>\n<\/strong><\/p>\n<p>Presidente, da ADCAP SPM, desde 2013. Aposentado, trabalhou nos Correios desde 1983. Exerceu v\u00e1rios cargos na ECT, balconista, operador de teleimpressor e T\u00e9cnico Postal nas \u00e1reas de encaminhamento e transportes. Exerceu v\u00e1rias fun\u00e7\u00f5es na \u00e1rea de opera\u00e7\u00f5es, Supervisor, Coordenador de UT, Gerente de atividades e de planejamento e qualidade. Atuou na \u00e1rea de treinamento e desenvolvimento dos Correios na fun\u00e7\u00e3o de Instrutor. Exerceu atividades de voluntariado, na Empresa.<br \/>\nExerceu a fun\u00e7\u00e3o de Diretor na sociedade de amigos de bairro, onde mora.<br \/>\nAtualmente dedica-se a melhorar a qualidade de vida dos aposentados dos Correios e empregados ativa, face aos problemas enfrentados no Postalis e\u00a0Postal Sa\u00fade. <a href=\"mailto:csantaanamelo@hotmail.com\">csantaanamelo@hotmail.com<\/a>[\/vc_column_text][\/vc_column][vc_column width=&#8221;1\/6&#8243;][\/vc_column][\/vc_row]\n","protected":false},"excerpt":{"rendered":"<p>[vc_row][\/vc_row][vc_row][vc_column width=&#8221;1\/3&#8243;][vc_btn title=&#8221;Chapa ADCAP &#8211; Juntos Por Voc\u00ea&#8221; color=&#8221;success&#8221; link=&#8221;url:http%3A%2F%2Fwww.adcap.org.br%2Findex.php%2Fchapa-1%2F|||&#8221;][\/vc_column][vc_column width=&#8221;1\/3&#8243;][vc_btn title=&#8221;Chapa Novos Rumos&#8221; color=&#8221;success&#8221; link=&#8221;url:http%3A%2F%2Fwww.adcap.org.br%2Findex.php%2Fchapa-2%2F|||&#8221;][\/vc_column][vc_column width=&#8221;1\/3&#8243;][vc_btn title=&#8221;Conselho Fiscal&#8221; color=&#8221;green&#8221; link=&#8221;url:http%3A%2F%2Fwww.adcap.org.br%2Findex.php%2Fconselho-fiscal%2F|||&#8221;][\/vc_column][\/vc_row][vc_row][vc_column][vc_separator][\/vc_column][\/vc_row][vc_row][vc_column][vc_column_text] Chapa 1 &#8211; ADCAP &#8211; JUNTOS POR VOC\u00ca Presidente&hellip;<\/p>\n","protected":false},"author":1,"featured_media":0,"parent":0,"menu_order":0,"comment_status":"closed","ping_status":"closed","template":"","meta":{"_editorskit_title_hidden":false,"_editorskit_reading_time":0,"_editorskit_is_block_options_detached":false,"_editorskit_block_options_position":"{}","footnotes":""},"aioseo_notices":[],"_links":{"self":[{"href":"https:\/\/adcap.org.br\/index.php\/wp-json\/wp\/v2\/pages\/11825"}],"collection":[{"href":"https:\/\/adcap.org.br\/index.php\/wp-json\/wp\/v2\/pages"}],"about":[{"href":"https:\/\/adcap.org.br\/index.php\/wp-json\/wp\/v2\/types\/page"}],"author":[{"embeddable":true,"href":"https:\/\/adcap.org.br\/index.php\/wp-json\/wp\/v2\/users\/1"}],"replies":[{"embeddable":true,"href":"https:\/\/adcap.org.br\/index.php\/wp-json\/wp\/v2\/comments?post=11825"}],"version-history":[{"count":0,"href":"https:\/\/adcap.org.br\/index.php\/wp-json\/wp\/v2\/pages\/11825\/revisions"}],"wp:attachment":[{"href":"https:\/\/adcap.org.br\/index.php\/wp-json\/wp\/v2\/media?parent=11825"}],"curies":[{"name":"wp","href":"https:\/\/api.w.org\/{rel}","templated":true}]}}