{"id":11812,"date":"2019-04-02T19:32:08","date_gmt":"2019-04-02T19:32:08","guid":{"rendered":"http:\/\/www.adcap.org.br\/?page_id=11812"},"modified":"2019-04-04T18:57:58","modified_gmt":"2019-04-04T18:57:58","slug":"chapa-2","status":"publish","type":"page","link":"https:\/\/adcap.org.br\/index.php\/chapa-2\/","title":{"rendered":"Chapa 2"},"content":{"rendered":"[vc_row][\/vc_row][vc_row][vc_column width=&#8221;1\/3&#8243;][vc_btn title=&#8221;Chapa ADCAP &#8211; Juntos Por Voc\u00ea&#8221; color=&#8221;success&#8221; link=&#8221;url:http%3A%2F%2Fwww.adcap.org.br%2Findex.php%2Fchapa-1%2F|||&#8221;][\/vc_column][vc_column width=&#8221;1\/3&#8243;][vc_btn title=&#8221;Chapa Novos Rumos&#8221; color=&#8221;success&#8221; link=&#8221;url:http%3A%2F%2Fwww.adcap.org.br%2Findex.php%2Fchapa-2%2F|||&#8221;][\/vc_column][vc_column width=&#8221;1\/3&#8243;][vc_btn title=&#8221;Conselho Fiscal&#8221; color=&#8221;green&#8221; link=&#8221;url:http%3A%2F%2Fwww.adcap.org.br%2Findex.php%2Fconselho-fiscal%2F|||&#8221;][\/vc_column][\/vc_row][vc_row][vc_column][vc_separator][\/vc_column][\/vc_row][vc_row][vc_column][vc_column_text]\n<h1><strong>Chapa 2 &#8211; NOVOS RUMOS<br \/>\n<\/strong><\/h1>\n<p><span style=\"font-weight: 400;\">Presidente &#8211; Jos\u00e9 Oliberio <strong>Alves<\/strong> &#8211; BSB<br \/>\nVice-Presidente &#8211; Walton Capes <strong>J\u00fanior<\/strong> &#8211; RS<br \/>\nSecret\u00e1rio-Geral \u2013 <strong>Felipe<\/strong> Viana Alves &#8211; BSB<br \/>\nDiretor Administrativo e Financeiro \u2013<strong> Carolina<\/strong> Mary de Abreu &#8211; MG<br \/>\nDiretor de Comunica\u00e7\u00e3o e Desenvolvimento \u2013<strong> John Mac\u00eado<\/strong> &#8211; BSB<br \/>\nDiretor de Rela\u00e7\u00f5es Funcionais \u2013 <strong>Denise<\/strong> Anne Braga dos Santos &#8211; RJ<br \/>\nDiretor de Rela\u00e7\u00f5es Externas \u2013 <strong>Joaquim<\/strong> Edeval Regis Magalh\u00e3es &#8211; BSB<br \/>\nDiretor Jur\u00eddico \u2013 Jos\u00e9 <strong>Osvaldo<\/strong> Fontoura de Carvalho Sobrinho &#8211; BSB<br \/>\nDiretor de Aposentados e Previd\u00eancia \u2013 Jayme Aranha <strong>Chacon<\/strong> Junior &#8211; AM<br \/>\n<\/span><\/p>\n<h2><b>PLATAFORMA<\/b><\/h2>\n<ul>\n<li>&#8211; Adotar nova postura para atender os interesses coletivos dos Associados;<\/li>\n<li>&#8211; Defender os Correios, Postalis e Postal Sa\u00fade junto aos \u00d3rg\u00e3os Governamentais, Minist\u00e9rio P\u00fablico, Judici\u00e1rio e Parlamentares;<\/li>\n<li>&#8211; Adotar novo modelo de relacionamento com os Correios, Postalis e Postal Sa\u00fade;<\/li>\n<li>&#8211; Acompanhar as diretrizes e a\u00e7\u00f5es da Diretoria dos Correios, Postalis e Postal Sa\u00fade;<\/li>\n<li>&#8211; Propor melhorias para tornar mais eficientes e eficazes os processos dos Correios;<\/li>\n<li>&#8211; Modernizar e democratizar a gest\u00e3o da ADCAP, com maior participa\u00e7\u00e3o e autonomia dos N\u00facleos Regionais;<\/li>\n<li>&#8211; Reavaliar os processos judiciais em curso, dando mais consist\u00eancia \u00e0s demandas de interesses dos Associados;<\/li>\n<li>&#8211; Democratizar a atua\u00e7\u00e3o da ADCAP, criando f\u00f3runs de discuss\u00e3o com os Associados em todos os N\u00facleos Regionais e na sede da Nacional; e<\/li>\n<li>-Adotar novo modelo de comunica\u00e7\u00e3o na ADCAP, com maior agilidade e transpar\u00eancia.<\/li>\n<\/ul>\n[\/vc_column_text][\/vc_column][\/vc_row][vc_row css=&#8221;.vc_custom_1554398579089{background-color: #f4f4f4 !important;}&#8221;][vc_column width=&#8221;1\/6&#8243;][\/vc_column][vc_column width=&#8221;2\/3&#8243;][vc_column_text]<strong>NOVOS RUMOS NA ADCAP &#8211; VOTE CHAPA 2 <\/strong><\/p>\n<p>Os empregados e aposentados dos Correios v\u00eam colecionando derrotas nos \u00faltimos anos, dentre as quais destacamos: as perdas de benef\u00edcios no plano sa\u00fade (Postalsa\u00fade); o equacionamento do plano de aposentadoria (Postalis) para cobrir preju\u00edzos que n\u00e3o deram causa; e a falta de prest\u00edgio e espa\u00e7o para participar da elabora\u00e7\u00e3o das estrat\u00e9gias da organiza\u00e7\u00e3o.<\/p>\n<p>Como as entidades representativas v\u00eam atuando de forma isolada, o que dificulta a obten\u00e7\u00e3o de \u00eaxito nas suas reivindica\u00e7\u00f5es e ciente de que <strong>\u201cN\u00e3o se obt\u00e9m resultados diferentes mantendo as mesmas A\u00e7\u00f5es e Pessoas\u201d<\/strong>, restou evidenciada a necessidade de a\u00e7\u00e3o forte no sentido de unir os esfor\u00e7os em torno dos interesses dos Associados e do fortalecimento dos Correios, Postalis e Postal Sa\u00fade, para que possam cumprir os seus papeis com efetividade, prezando pela qualidade na presta\u00e7\u00e3o de seus servi\u00e7os.<\/p>\n<p>Diante deste cen\u00e1rio, decidimos formar a <strong>CHAPA NOVOS RUMOS<\/strong> para concorrer \u00e0s elei\u00e7\u00f5es para a <strong>Diretoria da ADCAP NACIONAL &#8211; Tri\u00eanio 2019\/2022<\/strong> com a finalidade de mudar essa realidade.<\/p>\n<p><em><strong>Contamos com o seu voto de confian\u00e7a!<\/strong><\/em>[\/vc_column_text][\/vc_column][vc_column width=&#8221;1\/6&#8243;][\/vc_column][\/vc_row][vc_row][vc_column][vc_empty_space height=&#8221;45px&#8221;][\/vc_column][\/vc_row][vc_row][vc_column width=&#8221;1\/6&#8243;][vc_single_image image=&#8221;11987&#8243; img_size=&#8221;full&#8221;][\/vc_column][vc_column width=&#8221;2\/3&#8243;][vc_column_text]\n<h3><strong>JOSE OLIBERIO ALVES<\/strong><\/h3>\n<p><strong>Presidente<\/strong><\/p>\n<p>Formado em Ci\u00eancias Cont\u00e1beis pela UFMG e p\u00f3s-graduado em Gest\u00e3o Empresarial (BKR\/FGV-BH) e Gest\u00e3o de Pessoas (FGV-BSB).<\/p>\n<p>Atuou em diversas fun\u00e7\u00f5es na Diretoria Regional de Minas Gerais, incluindo Diretor Regional Adjunto. Na Administra\u00e7\u00e3o Central atuou como Gerente Corporativo e Chefe do Departamento de Rela\u00e7\u00f5es Sindicais e do Trabalho. Representou a Empresa nas Negocia\u00e7\u00f5es Coletivas de Trabalho por mais de uma d\u00e9cada. Membro e Coordenador da Comiss\u00e3o de \u00c9tica dos Correios por dois mandatos. Coordenador do F\u00f3rum Nacional de Gest\u00e3o da \u00c9tica nas Empresas Estatais, no bi\u00eanio 2016\/2017. Professor de Negocia\u00e7\u00e3o Empresarial e Rela\u00e7\u00f5es do Trabalho na UCB.<\/p>\n<p><a href=\"mailto:oliberioalves@gmail.com\">oliberioalves@gmail.com<\/a> \u2013 (61) 98103-1920[\/vc_column_text][\/vc_column][vc_column width=&#8221;1\/6&#8243;][\/vc_column][\/vc_row][vc_row][vc_column][vc_empty_space height=&#8221;45px&#8221;][\/vc_column][\/vc_row][vc_row][vc_column width=&#8221;1\/6&#8243;][vc_single_image image=&#8221;11986&#8243; img_size=&#8221;full&#8221;][\/vc_column][vc_column width=&#8221;2\/3&#8243;][vc_column_text]\n<h3><strong>WALTON PONTES CARPES J\u00daNIOR<\/strong><\/h3>\n<p><strong>Vice-Presidente<\/strong><\/p>\n<p>Analista de Correios S\u00eanior, \u00e9 Administrador Postal (ESAP) e de Empresas (UPIS), com especializa\u00e7\u00e3o em An\u00e1lise de Sistemas (UCB), Comunica\u00e7\u00e3o com o Mercado (ESPM\/DF) e Pol\u00edtica e Estrat\u00e9gia (ADESG\/RS E DF). Ainda em atividade na \u00e1rea de transportes da ECT\/RS, em seus 38 anos de casa trabalhou como Gerente de TIC e de Planejamento, assessorou as Diretorias de Recursos Humanos, Financeira e de Tecnologia e Infraestrutura, chefiou o Departamento de Rela\u00e7\u00f5es do Trabalho, atuou nas Diretorias do RS e do PR. Fora da ECT, foi Vice-Presidente da PROCERGS \u2013 Companhia de Processamento de Dados do Rio Grande do Sul e trabalhou na reestrutura\u00e7\u00e3o da \u00e1rea de TIC do POSTALIS. S\u00f3cio fundador da ADCAP, implantou o N\u00facleo\/RS, do qual foi o primeiro presidente. (<a href=\"mailto:wcarpesjunior@gmail.com\">wcarpesjunior@gmail.com<\/a> \u2013 (51) 99937-5577)[\/vc_column_text][\/vc_column][vc_column width=&#8221;1\/6&#8243;][\/vc_column][\/vc_row][vc_row][vc_column][vc_empty_space height=&#8221;45px&#8221;][\/vc_column][\/vc_row][vc_row][vc_column width=&#8221;1\/6&#8243;][vc_single_image image=&#8221;11984&#8243; img_size=&#8221;full&#8221;][\/vc_column][vc_column width=&#8221;2\/3&#8243;][vc_column_text]\n<h3><strong>FELIPE VIANA ALVES <\/strong><\/h3>\n<p><strong>Secret\u00e1rio Geral<br \/>\n<\/strong><\/p>\n<p>Analista de Correios Pleno &#8211; Administrador, formado em Administra\u00e7\u00e3o Postal e de Empresas, com 23 anos de ECT, atuou nas \u00e1reas Operacional, Inspe\u00e7\u00e3o, Corregedoria e Auditoria, atualmente no Departamento de Transporte. Na ADCAP, foi Conselheiro Fiscal do NR\/BSB por dois mandatos. ( felipevianaadcap@gmail.com &#8211; Fone: (61) 2141-7131)[\/vc_column_text][\/vc_column][vc_column width=&#8221;1\/6&#8243;][\/vc_column][\/vc_row][vc_row][vc_column][vc_empty_space height=&#8221;45px&#8221;][\/vc_column][\/vc_row][vc_row][vc_column width=&#8221;1\/6&#8243;][vc_single_image image=&#8221;11983&#8243; img_size=&#8221;full&#8221;][\/vc_column][vc_column width=&#8221;2\/3&#8243;][vc_column_text]\n<h3><strong>CAROLINA MARY DE ABREU<\/strong><\/h3>\n<p><strong>Diretora Administrativa e Financeira<br \/>\n<\/strong><\/p>\n<p>Analista de Correios Pleno, Economista\/PUC-MG, com p\u00f3s-gradua\u00e7\u00e3o em O&amp;M e Controladoria e Finan\u00e7as &#8211; IETEC-PUC\/MG.<\/p>\n<p>Atuou na Administra\u00e7\u00e3o Central como Chefe da Central de Opera\u00e7\u00f5es Financeira. Tamb\u00e9m trabalhou na Diretoria Regional de Minas Gerais e ocupou as seguintes fun\u00e7\u00f5es: Chefe da Se\u00e7\u00e3o de Or\u00e7amentos e Custos, Gerente de REOP; Gerente de Administra\u00e7\u00e3o (GERAD); Gerente de Contabilidade e Controle Financeiro (GECOF); Assessora T\u00e9cnico de Diretoria Regional e Coordenadora Regional de Suporte. Outras experi\u00eancias profissionais em empresas privadas: Assessora Administrativa, Chefe do Departamento de Materiais e Servi\u00e7os, Gerente de Obras e Assessora de Diretoria.\u00a0 Atualmente \u00e9 aposentada dos Correios e tamb\u00e9m atua na causa ambiental. (<a href=\"mailto:cjaymearanha@yahoo.com\">cmabreu2806@gmail.com<\/a> \u2013 (31) 98738-7605[\/vc_column_text][\/vc_column][vc_column width=&#8221;1\/6&#8243;][\/vc_column][\/vc_row][vc_row][vc_column][vc_empty_space height=&#8221;45px&#8221;][\/vc_column][\/vc_row][vc_row][vc_column width=&#8221;1\/6&#8243;][vc_single_image image=&#8221;11981&#8243; img_size=&#8221;full&#8221;][\/vc_column][vc_column width=&#8221;2\/3&#8243;][vc_column_text]\n<h3><strong>JOHN MAC\u00caDO<\/strong><\/h3>\n<p><strong>Diretor de Comunica\u00e7\u00e3o e Desenvolvimento<br \/>\n<\/strong><\/p>\n<p>Engenheiro Civil\/UFRN com as seguintes especializa\u00e7\u00f5es: Rede de Computadores\/UnP (1997), Teleinform\u00e1tica e Redes Multiservi\u00e7os\/UnB (2003) e Governan\u00e7a de Tecnologia da Informa\u00e7\u00e3o\/UnB (2009). Ingresso nos Correios em 1997 na \u00e1rea de Tecnologia da Informa\u00e7\u00e3o no cargo de Analista de Sistemas S\u00eanior, tendo a oportunidade de exercer as fun\u00e7\u00f5es de n\u00edvel gerencial: Chefe de Divis\u00e3o, Assessor de Departamento, Gerente de Projetos, Subchefe de Departamento e Gerente Corporativo. Na ADCAP N\u00facleo Bras\u00edlia deste 2013 tendo exercido a fun\u00e7\u00e3o de Diretor de Conv\u00eanios e Contratos (2013\/2016) e na Diretoria de Rela\u00e7\u00f5es Funcionais (2016\/2019). Atualmente aposentado pelos Correios (Jan\/2018). (<a href=\"mailto:john.macedo@hotmail.com\">john.macedo@hotmail.com<\/a> &#8211; Fone: 61 998222615)<\/p>\n[\/vc_column_text][\/vc_column][vc_column width=&#8221;1\/6&#8243;][\/vc_column][\/vc_row][vc_row][vc_column][vc_empty_space height=&#8221;45px&#8221;][\/vc_column][\/vc_row][vc_row][vc_column width=&#8221;1\/6&#8243;][vc_single_image image=&#8221;11980&#8243; img_size=&#8221;full&#8221;][\/vc_column][vc_column width=&#8221;2\/3&#8243;][vc_column_text]\n<h3><strong>DENISE ANNE BRAGA DOS SANTOS<\/strong><\/h3>\n<p><strong>Diretora de Rela\u00e7\u00f5es Funcionais<\/strong><\/p>\n<p>Administrador de Correios Pl. Formada em Administra\u00e7\u00e3o de Empresas, com MBA em Administra\u00e7\u00e3o Estrat\u00e9gica pelo SENAI\/SC e especializa\u00e7\u00e3o em Gest\u00e3o da Qualidade pela UCP, com 31 anos de ECT, trabalhando atualmente no Espa\u00e7o Cultural Correios Niter\u00f3i, tendo exercido fun\u00e7\u00f5es de Assessora Regional da Qualidade, eventual da Ger\u00eancia de Planejamento, Chefe da Se\u00e7\u00e3o de Planejamento e Gerente de Inspe\u00e7\u00e3o da Superintend\u00eancia do Rio de Janeiro. J\u00e1 atuou na diretoria da ADCAP n\u00facleo Rio de Janeiro. (<a href=\"mailto:denise.anne@hotmail.com\">denise.anne@hotmail.com<\/a> &#8211; Fone: (21) 996443854[\/vc_column_text][\/vc_column][vc_column width=&#8221;1\/6&#8243;][\/vc_column][\/vc_row][vc_row][vc_column][vc_empty_space height=&#8221;45px&#8221;][\/vc_column][\/vc_row][vc_row][vc_column width=&#8221;1\/6&#8243;][vc_single_image image=&#8221;11979&#8243; img_size=&#8221;full&#8221;][\/vc_column][vc_column width=&#8221;2\/3&#8243;][vc_column_text]\n<h3><strong>JOAQUIM EDEVAL REGIS MAGALH\u00c3ES<\/strong><\/h3>\n<p><strong>Diretor de Rela\u00e7\u00f5es Externas<br \/>\n<\/strong><\/p>\n<p>Administrador de Correios Sr. Formado em Ci\u00eancias Econ\u00f4micas com especializa\u00e7\u00e3o em Planejamento Governamental pela UNEB-BEB e An\u00e1lise de Sistemas pela UCB, MBA em Governan\u00e7a de TI, com 18 anos de ECT, trabalhando na \u00e1rea de Tecnologia da Informa\u00e7\u00e3o, tendo exercido fun\u00e7\u00f5es de Assessor de Chefe de Departamento, Subchefe de Departamento, Gerente de Projeto n\u00edvel I, Gerente Corporativo e chefe de Departamento. Atuou na diretoria da ADCAP n\u00facleo Bras\u00edlia como Diretor de Neg\u00f3cios de Correios entre 2010 e 2013 e como Diretor Administrativo Financeiro entre 2013 e 2016.<\/p>\n<p><a href=\"mailto:joaquim.edeval@gmail.com\">joaquim.edeval@gmail.com<\/a> &#8211; Fone: (61) 99706533[\/vc_column_text][\/vc_column][vc_column width=&#8221;1\/6&#8243;][\/vc_column][\/vc_row][vc_row][vc_column][vc_empty_space height=&#8221;45px&#8221;][\/vc_column][\/vc_row][vc_row][vc_column width=&#8221;1\/6&#8243;][vc_single_image image=&#8221;11978&#8243; img_size=&#8221;full&#8221;][\/vc_column][vc_column width=&#8221;2\/3&#8243;][vc_column_text]\n<h3><strong>JOS\u00c9 OSVALDO FONTOURA DE CARVALHO SOBRINHO<\/strong><\/h3>\n<p><strong>Diretor Jur\u00eddico<\/strong><\/p>\n<p>Economista, mestre em finan\u00e7as pela UFRGS, com especializa\u00e7\u00e3o em Engenharia Econ\u00f4mica (UniDF), Finan\u00e7as Corporativas (FGV-SP), An\u00e1lise de Sistemas (PUC-RS) e Marketing Postal (Postal College of Japan). Tem forma\u00e7\u00e3o tamb\u00e9m em Engenharia Eletr\u00f4nica e em Administra\u00e7\u00e3o. Trabalhou por 38 anos na ECT em diversas \u00e1reas, tendo sido Diretor Financeiro, Diretor de Tecnologia e Infraestrutura, Chefe de Departamento, Consultor e Assessor de Diretoria. Fora da ECT atuou como Consultor Internacional e como professor de finan\u00e7as Empresariais, Mercados Financeiros e de Capitais, Recupera\u00e7\u00e3o de Empresas, Planejamento Estrat\u00e9gico, Estat\u00edstica, Pesquisa Operacional, Processamento de Dados e de An\u00e1lise de Sistemas. Atualmente, \u00e9 aposentado, atua como Consultor Empresarial e cursa Faculdade de Direito (8\u00ba semestre). (<a href=\"mailto:jocarvalho@sjbrconsultores.com\">jocarvalho@sjbrconsultores.com<\/a> &#8211; fone: (61)98112-6468.[\/vc_column_text][\/vc_column][vc_column width=&#8221;1\/6&#8243;][\/vc_column][\/vc_row][vc_row][vc_column][vc_empty_space height=&#8221;45px&#8221;][\/vc_column][\/vc_row][vc_row][vc_column width=&#8221;1\/6&#8243;][vc_single_image image=&#8221;11977&#8243; img_size=&#8221;full&#8221;][\/vc_column][vc_column width=&#8221;2\/3&#8243;][vc_column_text]\n<h3><strong>JAYME ARANHA CHACON JUNIOR<\/strong><\/h3>\n<p><strong>Diretor de Aposentados e Previd\u00eancia<br \/>\n<\/strong><\/p>\n<p>Analista de Correios Pleno, Administrador de Empresas\/UFAM, com Especializa\u00e7\u00e3o em Estrat\u00e9gia Empresarial (UFAM) e Seguran\u00e7a e Desenvolvimento do Pa\u00eds (ADESG\/AM), Bacharel em Contabilidade, Advogado. Na Diretoria Regional do Amazonas ocupou diversas fun\u00e7\u00f5es de gerente: Gerente de Engenharia e Sistemas; Gerente de Administra\u00e7\u00e3o; Gerente de Contabilidade e Controle Financeiro; Assessor de Planejamento e Qualidade;\u00a0Gerente de Recursos Humanos; Gerente de Auditoria e Inspetoria; Gerente de Transportes e Gerente de Servi\u00e7os Gerais. Atuou no PNQ-Programa Nacional da Qualidade como Examinador\/Avaliador. Atualmente, Conselheiro Fiscal titular da ADCAP NACIONAL. Outras experi\u00eancias profissionais: Presidente do CRA-AM\/RR \u2013 Conselho Regional de Administra\u00e7\u00e3o do Amazonas e Roraima por tr\u00eas mandatos; Professor nas Faculdades Objetivo\/AM na \u00e1rea de RH e Fac. Nilton Lins\/AM na \u00e1rea de Materiais e Planejamento Governamental; Administrador na TELAMAZON S\/A.<\/p>\n<p>(<a href=\"mailto:cjaymearanha@yahoo.com\">cjaymearanha@yahoo.com<\/a> \u2013 (92)99142-1673)<\/p>\n[\/vc_column_text][\/vc_column][vc_column width=&#8221;1\/6&#8243;][\/vc_column][\/vc_row]\n","protected":false},"excerpt":{"rendered":"<p>[vc_row][\/vc_row][vc_row][vc_column width=&#8221;1\/3&#8243;][vc_btn title=&#8221;Chapa ADCAP &#8211; Juntos Por Voc\u00ea&#8221; color=&#8221;success&#8221; link=&#8221;url:http%3A%2F%2Fwww.adcap.org.br%2Findex.php%2Fchapa-1%2F|||&#8221;][\/vc_column][vc_column width=&#8221;1\/3&#8243;][vc_btn title=&#8221;Chapa Novos Rumos&#8221; color=&#8221;success&#8221; link=&#8221;url:http%3A%2F%2Fwww.adcap.org.br%2Findex.php%2Fchapa-2%2F|||&#8221;][\/vc_column][vc_column width=&#8221;1\/3&#8243;][vc_btn title=&#8221;Conselho Fiscal&#8221; color=&#8221;green&#8221; link=&#8221;url:http%3A%2F%2Fwww.adcap.org.br%2Findex.php%2Fconselho-fiscal%2F|||&#8221;][\/vc_column][\/vc_row][vc_row][vc_column][vc_separator][\/vc_column][\/vc_row][vc_row][vc_column][vc_column_text] Chapa 2 &#8211; NOVOS RUMOS Presidente &#8211; Jos\u00e9 Oliberio&hellip;<\/p>\n","protected":false},"author":1,"featured_media":0,"parent":0,"menu_order":0,"comment_status":"closed","ping_status":"closed","template":"","meta":{"_editorskit_title_hidden":false,"_editorskit_reading_time":0,"_editorskit_is_block_options_detached":false,"_editorskit_block_options_position":"{}","footnotes":""},"aioseo_notices":[],"_links":{"self":[{"href":"https:\/\/adcap.org.br\/index.php\/wp-json\/wp\/v2\/pages\/11812"}],"collection":[{"href":"https:\/\/adcap.org.br\/index.php\/wp-json\/wp\/v2\/pages"}],"about":[{"href":"https:\/\/adcap.org.br\/index.php\/wp-json\/wp\/v2\/types\/page"}],"author":[{"embeddable":true,"href":"https:\/\/adcap.org.br\/index.php\/wp-json\/wp\/v2\/users\/1"}],"replies":[{"embeddable":true,"href":"https:\/\/adcap.org.br\/index.php\/wp-json\/wp\/v2\/comments?post=11812"}],"version-history":[{"count":0,"href":"https:\/\/adcap.org.br\/index.php\/wp-json\/wp\/v2\/pages\/11812\/revisions"}],"wp:attachment":[{"href":"https:\/\/adcap.org.br\/index.php\/wp-json\/wp\/v2\/media?parent=11812"}],"curies":[{"name":"wp","href":"https:\/\/api.w.org\/{rel}","templated":true}]}}